{"id":5805,"date":"2025-11-05T09:27:11","date_gmt":"2025-11-05T09:27:11","guid":{"rendered":"https:\/\/marvelousnutrition.com\/?post_type=product&#038;p=5805"},"modified":"2026-03-16T19:47:28","modified_gmt":"2026-03-16T19:47:28","slug":"vitamin-c","status":"publish","type":"product","link":"https:\/\/marvelousnutrition.com\/pt\/produto\/vitamina-c\/","title":{"rendered":"A Vitamina C"},"content":{"rendered":"<h6>Ingredientes:<\/h6>\n<p>\u00c1cido L-asc\u00f3rbico, inv\u00f3lucro da c\u00e1psula (hipromelose), agente antiaglomerante (sais de magn\u00e9sio de \u00e1cidos graxos).<\/p>\n<h6>Como Usar:<\/h6>\n<p>Tome 1 c\u00e1psula com o caf\u00e9 da manh\u00e3.<\/p>\n<h6>Armazenamento:<\/h6>\n<p>Armazenar em local seco, ap\u00f3s a abertura.<\/p>\n<h6>Peso L\u00edquido:<\/h6>\n<p>69g \u2013 60 por\u00e7\u00f5es<\/p>\n<p><a href=\"https:\/\/marvelousnutrition.com\/wp-content\/uploads\/2025\/11\/vitamin-c-gadwel-scaled.png\"><img decoding=\"async\" class=\"alignnone size-medium wp-image-6381\" src=\"https:\/\/marvelousnutrition.com\/wp-content\/uploads\/2025\/11\/vitamin-c-gadwel-300x119.png\" alt=\"\" width=\"300\" height=\"119\" srcset=\"https:\/\/marvelousnutrition.com\/wp-content\/uploads\/2025\/11\/vitamin-c-gadwel-300x119.png 300w, https:\/\/marvelousnutrition.com\/wp-content\/uploads\/2025\/11\/vitamin-c-gadwel-1024x406.png 1024w, https:\/\/marvelousnutrition.com\/wp-content\/uploads\/2025\/11\/vitamin-c-gadwel-768x305.png 768w, https:\/\/marvelousnutrition.com\/wp-content\/uploads\/2025\/11\/vitamin-c-gadwel-1536x609.png 1536w, https:\/\/marvelousnutrition.com\/wp-content\/uploads\/2025\/11\/vitamin-c-gadwel-2048x812.png 2048w, https:\/\/marvelousnutrition.com\/wp-content\/uploads\/2025\/11\/vitamin-c-gadwel-18x7.png 18w, https:\/\/marvelousnutrition.com\/wp-content\/uploads\/2025\/11\/vitamin-c-gadwel-800x317.png 800w\" sizes=\"(max-width: 300px) 100vw, 300px\" \/><\/a><\/p>","protected":false},"excerpt":{"rendered":"<p>Benef\u00edcios do produto<\/p>\n<p>-Fortalece as defesas imunol\u00f3gicas. Ajuda a reduzir a dura\u00e7\u00e3o e a gravidade de resfriados e infec\u00e7\u00f5es \u2014 essencial para atletas expostos a estresse f\u00edsico e ambiental.<\/p>\n<p>-Estimula a forma\u00e7\u00e3o de col\u00e1geno, promovendo pele, articula\u00e7\u00f5es, tend\u00f5es e ligamentos saud\u00e1veis \u2014 fundamental para a recupera\u00e7\u00e3o e preven\u00e7\u00e3o de les\u00f5es.<\/p>\n<p>-Potente prote\u00e7\u00e3o antioxidante: neutraliza os radicais livres e os danos oxidativos causados por treinos intensos, polui\u00e7\u00e3o e estresse.<\/p>\n<p>-Reduz a fadiga e fornece energia. Melhora a absor\u00e7\u00e3o de ferro e contribui para o funcionamento normal do metabolismo, reduzindo o cansa\u00e7o durante e ap\u00f3s os treinos.<\/p>\n<p>-Acelera a cicatriza\u00e7\u00e3o e a recupera\u00e7\u00e3o. Auxilia na repara\u00e7\u00e3o dos tecidos e acelera a recupera\u00e7\u00e3o p\u00f3s-exerc\u00edcio, especialmente ap\u00f3s distens\u00f5es ou les\u00f5es musculares.<\/p>","protected":false},"featured_media":5859,"comment_status":"closed","ping_status":"closed","template":"","meta":[],"product_cat":[210],"product_tag":[],"class_list":{"0":"post-5805","1":"product","2":"type-product","3":"status-publish","4":"has-post-thumbnail","6":"product_cat-multivitamins","8":"first","9":"instock","10":"shipping-taxable","11":"purchasable","12":"product-type-simple"},"_links":{"self":[{"href":"https:\/\/marvelousnutrition.com\/pt\/wp-json\/wp\/v2\/product\/5805","targetHints":{"allow":["GET"]}}],"collection":[{"href":"https:\/\/marvelousnutrition.com\/pt\/wp-json\/wp\/v2\/product"}],"about":[{"href":"https:\/\/marvelousnutrition.com\/pt\/wp-json\/wp\/v2\/types\/product"}],"replies":[{"embeddable":true,"href":"https:\/\/marvelousnutrition.com\/pt\/wp-json\/wp\/v2\/comments?post=5805"}],"wp:featuredmedia":[{"embeddable":true,"href":"https:\/\/marvelousnutrition.com\/pt\/wp-json\/wp\/v2\/media\/5859"}],"wp:attachment":[{"href":"https:\/\/marvelousnutrition.com\/pt\/wp-json\/wp\/v2\/media?parent=5805"}],"wp:term":[{"taxonomy":"product_cat","embeddable":true,"href":"https:\/\/marvelousnutrition.com\/pt\/wp-json\/wp\/v2\/product_cat?post=5805"},{"taxonomy":"product_tag","embeddable":true,"href":"https:\/\/marvelousnutrition.com\/pt\/wp-json\/wp\/v2\/product_tag?post=5805"}],"curies":[{"name":"wp","href":"https:\/\/api.w.org\/{rel}","templated":true}]}}