{"id":5804,"date":"2025-11-05T09:27:11","date_gmt":"2025-11-05T09:27:11","guid":{"rendered":"https:\/\/marvelousnutrition.com\/?post_type=product&#038;p=5804"},"modified":"2026-03-16T19:41:37","modified_gmt":"2026-03-16T19:41:37","slug":"nac","status":"publish","type":"product","link":"https:\/\/marvelousnutrition.com\/pt\/produto\/nac\/","title":{"rendered":"NAC"},"content":{"rendered":"<h6>Ingredientes:<\/h6>\n<p>Amido de Milho \/ Amido de Milho, N-Acetil L-Ciste\u00edna (NAC) \/ N-Acetil L-Ciste\u00edna (NAC), C\u00e1psula (Hipromelose) \/ C\u00e1psula de Hipromelose, Antiaglomerante (Sais de Magn\u00e9sio de \u00c1cidos Graxos) \/ Agente Antiaglomerante (Sais de magn\u00e9sio de \u00e1cidos graxos).<\/p>\n<h6>Como Usar:<\/h6>\n<p>Tome 1 c\u00e1psula com o caf\u00e9 da manh\u00e3.<\/p>\n<h6>Armazenamento:<\/h6>\n<p>Armazenar em local seco, ap\u00f3s a abertura.<\/p>\n<h6>Peso L\u00edquido:<\/h6>\n<p>69g \u2013 60 por\u00e7\u00f5es<\/p>\n<p><a href=\"https:\/\/marvelousnutrition.com\/wp-content\/uploads\/2025\/11\/nac-60-RED-AND-YELLOW-gadwel.png\"><img decoding=\"async\" class=\"alignnone size-medium wp-image-6380\" src=\"https:\/\/marvelousnutrition.com\/wp-content\/uploads\/2025\/11\/nac-60-RED-AND-YELLOW-gadwel-300x104.png\" alt=\"\" width=\"300\" height=\"104\" srcset=\"https:\/\/marvelousnutrition.com\/wp-content\/uploads\/2025\/11\/nac-60-RED-AND-YELLOW-gadwel-300x104.png 300w, https:\/\/marvelousnutrition.com\/wp-content\/uploads\/2025\/11\/nac-60-RED-AND-YELLOW-gadwel-18x6.png 18w, https:\/\/marvelousnutrition.com\/wp-content\/uploads\/2025\/11\/nac-60-RED-AND-YELLOW-gadwel.png 689w\" sizes=\"(max-width: 300px) 100vw, 300px\" \/><\/a><\/p>","protected":false},"excerpt":{"rendered":"<p>Benef\u00edcios do produto N-Acetil L-Ciste\u00edna (NAC) 250 mg:<\/p>\n<p>-Poderoso suporte antioxidante: O NAC ajuda a repor a glutationa, o principal antioxidante do corpo, protegendo as c\u00e9lulas do estresse oxidativo e dos danos causados pelos radicais livres.<\/p>\n<p>-Desintoxica\u00e7\u00e3o e Sa\u00fade do F\u00edgado: Auxilia os processos naturais de desintoxica\u00e7\u00e3o do corpo e ajuda a manter a fun\u00e7\u00e3o hep\u00e1tica saud\u00e1vel, o que \u00e9 especialmente importante para pessoas expostas a poluentes ou medicamentos.<\/p>\n<p>-Suporte Pulmonar e Respirat\u00f3rio: Atua como mucol\u00edtico, ajudando a dissolver o muco nos pulm\u00f5es e vias a\u00e9reas, promovendo uma respira\u00e7\u00e3o mais clara e a sa\u00fade respirat\u00f3ria.<\/p>\n<p>-Refor\u00e7o do Sistema Imunol\u00f3gico: Aprimora as defesas imunol\u00f3gicas, auxiliando na repara\u00e7\u00e3o celular e reduzindo a inflama\u00e7\u00e3o.<\/p>\n<p>-Sa\u00fade Cerebral e Mental: Pode auxiliar na fun\u00e7\u00e3o cerebral e na clareza mental, e est\u00e1 sendo pesquisado por seu papel no equil\u00edbrio do humor e na sa\u00fade neurol\u00f3gica.<\/p>\n<p>-Auxilia a sa\u00fade do cora\u00e7\u00e3o: O NAC pode reduzir os danos oxidativos aos vasos sangu\u00edneos, favorecendo a circula\u00e7\u00e3o saud\u00e1vel e a fun\u00e7\u00e3o cardiovascular.<\/p>","protected":false},"featured_media":5847,"comment_status":"closed","ping_status":"closed","template":"","meta":[],"product_cat":[210],"product_tag":[],"class_list":{"0":"post-5804","1":"product","2":"type-product","3":"status-publish","4":"has-post-thumbnail","6":"product_cat-multivitamins","8":"first","9":"outofstock","10":"shipping-taxable","11":"purchasable","12":"product-type-simple"},"_links":{"self":[{"href":"https:\/\/marvelousnutrition.com\/pt\/wp-json\/wp\/v2\/product\/5804","targetHints":{"allow":["GET"]}}],"collection":[{"href":"https:\/\/marvelousnutrition.com\/pt\/wp-json\/wp\/v2\/product"}],"about":[{"href":"https:\/\/marvelousnutrition.com\/pt\/wp-json\/wp\/v2\/types\/product"}],"replies":[{"embeddable":true,"href":"https:\/\/marvelousnutrition.com\/pt\/wp-json\/wp\/v2\/comments?post=5804"}],"wp:featuredmedia":[{"embeddable":true,"href":"https:\/\/marvelousnutrition.com\/pt\/wp-json\/wp\/v2\/media\/5847"}],"wp:attachment":[{"href":"https:\/\/marvelousnutrition.com\/pt\/wp-json\/wp\/v2\/media?parent=5804"}],"wp:term":[{"taxonomy":"product_cat","embeddable":true,"href":"https:\/\/marvelousnutrition.com\/pt\/wp-json\/wp\/v2\/product_cat?post=5804"},{"taxonomy":"product_tag","embeddable":true,"href":"https:\/\/marvelousnutrition.com\/pt\/wp-json\/wp\/v2\/product_tag?post=5804"}],"curies":[{"name":"wp","href":"https:\/\/api.w.org\/{rel}","templated":true}]}}