{"id":5797,"date":"2025-11-05T09:27:11","date_gmt":"2025-11-05T09:27:11","guid":{"rendered":"https:\/\/marvelousnutrition.com\/?post_type=product&#038;p=5797"},"modified":"2026-03-16T19:40:11","modified_gmt":"2026-03-16T19:40:11","slug":"rice-cream","status":"publish","type":"product","link":"https:\/\/marvelousnutrition.com\/pt\/produto\/creme-de-arroz\/","title":{"rendered":"ARROZ CREME"},"content":{"rendered":"<h6>Ingredientes:<\/h6>\n<p>Farinha de arroz (pr\u00e9-cozida), aromatizante, cloreto de s\u00f3dio, espessantes (goma guar e goma xantana), ado\u00e7ante (sucralose E955)<\/p>\n<h6>Como Usar:<\/h6>\n<p>Misture uma colher medidora (40 g) com 120-150 ml de \u00e1gua ou leite.<\/p>\n<h6>Peso L\u00edquido:<\/h6>\n<p>1,4 kg \u2013 35 por\u00e7\u00f5es<\/p>\n<p><a href=\"https:\/\/marvelousnutrition.com\/wp-content\/uploads\/2025\/11\/RICE-CREAM-GDWAL.png\"><img fetchpriority=\"high\" decoding=\"async\" class=\"alignnone size-medium wp-image-6379\" src=\"https:\/\/marvelousnutrition.com\/wp-content\/uploads\/2025\/11\/RICE-CREAM-GDWAL-288x300.png\" alt=\"\" width=\"288\" height=\"300\" srcset=\"https:\/\/marvelousnutrition.com\/wp-content\/uploads\/2025\/11\/RICE-CREAM-GDWAL-288x300.png 288w, https:\/\/marvelousnutrition.com\/wp-content\/uploads\/2025\/11\/RICE-CREAM-GDWAL-12x12.png 12w, https:\/\/marvelousnutrition.com\/wp-content\/uploads\/2025\/11\/RICE-CREAM-GDWAL.png 661w\" sizes=\"(max-width: 288px) 100vw, 288px\" \/><\/a><\/p>","protected":false},"excerpt":{"rendered":"<p>Sobremesa cremosa e rica \u00e0 base de arroz com 156,99 kcal por por\u00e7\u00e3o de 40g. Baixa em gorduras e a\u00e7\u00facares, rica em carboidratos para energia sustentada. Cont\u00e9m fibras alimentares que auxiliam na digest\u00e3o. Uma del\u00edcia nutritiva, perfeita para qualquer hora do dia!<\/p>","protected":false},"featured_media":5868,"comment_status":"closed","ping_status":"closed","template":"","meta":[],"product_cat":[198],"product_tag":[],"class_list":{"0":"post-5797","1":"product","2":"type-product","3":"status-publish","4":"has-post-thumbnail","6":"product_cat-carbohydrates-and-weight-gainer","8":"first","9":"instock","10":"shipping-taxable","11":"purchasable","12":"product-type-variable","13":"has-default-attributes"},"_links":{"self":[{"href":"https:\/\/marvelousnutrition.com\/pt\/wp-json\/wp\/v2\/product\/5797","targetHints":{"allow":["GET"]}}],"collection":[{"href":"https:\/\/marvelousnutrition.com\/pt\/wp-json\/wp\/v2\/product"}],"about":[{"href":"https:\/\/marvelousnutrition.com\/pt\/wp-json\/wp\/v2\/types\/product"}],"replies":[{"embeddable":true,"href":"https:\/\/marvelousnutrition.com\/pt\/wp-json\/wp\/v2\/comments?post=5797"}],"wp:featuredmedia":[{"embeddable":true,"href":"https:\/\/marvelousnutrition.com\/pt\/wp-json\/wp\/v2\/media\/5868"}],"wp:attachment":[{"href":"https:\/\/marvelousnutrition.com\/pt\/wp-json\/wp\/v2\/media?parent=5797"}],"wp:term":[{"taxonomy":"product_cat","embeddable":true,"href":"https:\/\/marvelousnutrition.com\/pt\/wp-json\/wp\/v2\/product_cat?post=5797"},{"taxonomy":"product_tag","embeddable":true,"href":"https:\/\/marvelousnutrition.com\/pt\/wp-json\/wp\/v2\/product_tag?post=5797"}],"curies":[{"name":"wp","href":"https:\/\/api.w.org\/{rel}","templated":true}]}}