{"id":5796,"date":"2025-11-05T09:27:11","date_gmt":"2025-11-05T09:27:11","guid":{"rendered":"https:\/\/marvelousnutrition.com\/?post_type=product&#038;p=5796"},"modified":"2026-03-16T19:38:49","modified_gmt":"2026-03-16T19:38:49","slug":"citrulline-malate-black-yellow","status":"publish","type":"product","link":"https:\/\/marvelousnutrition.com\/pt\/produto\/malato-de-citrulina-amarelo-preto\/","title":{"rendered":"Malato de citrulina Preto e Amarelo"},"content":{"rendered":"<h6>Como Usar:<\/h6>\n<p>Tomar 3g 30 minutos antes do treino.<\/p>\n<h6>Descri\u00e7\u00e3o:<\/h6>\n<p>100% Malato de L-citrulina da mais alta qualidade, sem aditivos. Derivado da fermenta\u00e7\u00e3o vegana, a L-citrulina ajuda a promover a produ\u00e7\u00e3o de \u00f3xido n\u00edtrico, facilitando o fornecimento de mais oxig\u00eanio aos m\u00fasculos e aumentando a vasodilata\u00e7\u00e3o.<\/p>\n<h6>Benef\u00edcios do produto:<\/h6>\n<ul>\n<li>Pode ajudar a reduzir a fadiga muscular e aumentar a resist\u00eancia.<\/li>\n<li>Pode ajudar a reduzir a dor muscular e melhorar a recupera\u00e7\u00e3o.<\/li>\n<li>Pode aumentar a produ\u00e7\u00e3o de \u00f3xido n\u00edtrico.<\/li>\n<\/ul>\n<p><a href=\"https:\/\/marvelousnutrition.com\/wp-content\/uploads\/2025\/11\/citrulline-black-scaled.png\"><img decoding=\"async\" class=\"alignnone size-medium wp-image-6378\" src=\"https:\/\/marvelousnutrition.com\/wp-content\/uploads\/2025\/11\/citrulline-black-300x65.png\" alt=\"\" width=\"300\" height=\"65\" srcset=\"https:\/\/marvelousnutrition.com\/wp-content\/uploads\/2025\/11\/citrulline-black-300x65.png 300w, https:\/\/marvelousnutrition.com\/wp-content\/uploads\/2025\/11\/citrulline-black-1024x222.png 1024w, https:\/\/marvelousnutrition.com\/wp-content\/uploads\/2025\/11\/citrulline-black-768x167.png 768w, https:\/\/marvelousnutrition.com\/wp-content\/uploads\/2025\/11\/citrulline-black-1536x333.png 1536w, https:\/\/marvelousnutrition.com\/wp-content\/uploads\/2025\/11\/citrulline-black-2048x444.png 2048w, https:\/\/marvelousnutrition.com\/wp-content\/uploads\/2025\/11\/citrulline-black-18x4.png 18w, https:\/\/marvelousnutrition.com\/wp-content\/uploads\/2025\/11\/citrulline-black-800x174.png 800w\" sizes=\"(max-width: 300px) 100vw, 300px\" \/><\/a><\/p>","protected":false},"excerpt":{"rendered":"<p>O resultado da fermenta\u00e7\u00e3o vegana, a L-citrulina, auxilia na produ\u00e7\u00e3o de \u00f3xido n\u00edtrico, facilitando maior oxigena\u00e7\u00e3o dos m\u00fasculos e promovendo maior vasodilata\u00e7\u00e3o.<\/p>","protected":false},"featured_media":6218,"comment_status":"closed","ping_status":"closed","template":"","meta":[],"product_cat":[134,207],"product_tag":[],"class_list":{"0":"post-5796","1":"product","2":"type-product","3":"status-publish","4":"has-post-thumbnail","6":"product_cat-amino-acid","7":"product_cat-preworkout-and-pump","9":"first","10":"outofstock","11":"shipping-taxable","12":"purchasable","13":"product-type-simple"},"_links":{"self":[{"href":"https:\/\/marvelousnutrition.com\/pt\/wp-json\/wp\/v2\/product\/5796","targetHints":{"allow":["GET"]}}],"collection":[{"href":"https:\/\/marvelousnutrition.com\/pt\/wp-json\/wp\/v2\/product"}],"about":[{"href":"https:\/\/marvelousnutrition.com\/pt\/wp-json\/wp\/v2\/types\/product"}],"replies":[{"embeddable":true,"href":"https:\/\/marvelousnutrition.com\/pt\/wp-json\/wp\/v2\/comments?post=5796"}],"wp:featuredmedia":[{"embeddable":true,"href":"https:\/\/marvelousnutrition.com\/pt\/wp-json\/wp\/v2\/media\/6218"}],"wp:attachment":[{"href":"https:\/\/marvelousnutrition.com\/pt\/wp-json\/wp\/v2\/media?parent=5796"}],"wp:term":[{"taxonomy":"product_cat","embeddable":true,"href":"https:\/\/marvelousnutrition.com\/pt\/wp-json\/wp\/v2\/product_cat?post=5796"},{"taxonomy":"product_tag","embeddable":true,"href":"https:\/\/marvelousnutrition.com\/pt\/wp-json\/wp\/v2\/product_tag?post=5796"}],"curies":[{"name":"wp","href":"https:\/\/api.w.org\/{rel}","templated":true}]}}