{"id":5795,"date":"2025-11-05T09:27:11","date_gmt":"2025-11-05T09:27:11","guid":{"rendered":"https:\/\/marvelousnutrition.com\/?post_type=product&#038;p=5795"},"modified":"2026-03-16T19:32:16","modified_gmt":"2026-03-16T19:32:16","slug":"arginine-black-yellow","status":"publish","type":"product","link":"https:\/\/marvelousnutrition.com\/pt\/produto\/arginina-preto-amarelo\/","title":{"rendered":"Arginina Preta e Amarela"},"content":{"rendered":"<h6>Como Usar:<\/h6>\n<p>Tome 4 g 30 minutos antes do treino. Voc\u00ea pode mistur\u00e1-lo com o seu pr\u00e9-treino Experiment para maximizar os efeitos.<\/p>\n<h6>Descri\u00e7\u00e3o:<\/h6>\n<p>Nossa arginina \u00e9 um amino\u00e1cido n\u00e3o essencial produzido com ingredientes de alta qualidade. Ela participa de diversas \u00e1reas da bioqu\u00edmica humana, incluindo o metabolismo muscular, a secre\u00e7\u00e3o hormonal, a desintoxica\u00e7\u00e3o da am\u00f4nia e o sistema imunol\u00f3gico. A arginina promove a produ\u00e7\u00e3o de \u00f3xido n\u00edtrico, o que auxilia na circula\u00e7\u00e3o sangu\u00ednea e no desempenho muscular.<\/p>\n<h6>Benef\u00edcios do produto:<\/h6>\n<ul>\n<li>Auxilia a s\u00edntese de prote\u00ednas.<\/li>\n<li>Aumenta o fluxo sangu\u00edneo para o tecido muscular.<\/li>\n<li>Melhora a sa\u00fade circulat\u00f3ria.<\/li>\n<li>Aumenta o n\u00edvel de \u00f3xido n\u00edtrico<\/li>\n<li>Pode aumentar os n\u00edveis do Horm\u00f4nio do Crescimento (GH)<\/li>\n<\/ul>\n<p><a href=\"https:\/\/marvelousnutrition.com\/wp-content\/uploads\/2025\/11\/arganine-black-and-yellow-scaled.png\"><img decoding=\"async\" class=\"alignnone size-medium wp-image-6376\" src=\"https:\/\/marvelousnutrition.com\/wp-content\/uploads\/2025\/11\/arganine-black-and-yellow-300x66.png\" alt=\"\" width=\"300\" height=\"66\" srcset=\"https:\/\/marvelousnutrition.com\/wp-content\/uploads\/2025\/11\/arganine-black-and-yellow-300x66.png 300w, https:\/\/marvelousnutrition.com\/wp-content\/uploads\/2025\/11\/arganine-black-and-yellow-1024x224.png 1024w, https:\/\/marvelousnutrition.com\/wp-content\/uploads\/2025\/11\/arganine-black-and-yellow-768x168.png 768w, https:\/\/marvelousnutrition.com\/wp-content\/uploads\/2025\/11\/arganine-black-and-yellow-1536x336.png 1536w, https:\/\/marvelousnutrition.com\/wp-content\/uploads\/2025\/11\/arganine-black-and-yellow-2048x447.png 2048w, https:\/\/marvelousnutrition.com\/wp-content\/uploads\/2025\/11\/arganine-black-and-yellow-18x4.png 18w, https:\/\/marvelousnutrition.com\/wp-content\/uploads\/2025\/11\/arganine-black-and-yellow-800x175.png 800w\" sizes=\"(max-width: 300px) 100vw, 300px\" \/><\/a><\/p>","protected":false},"excerpt":{"rendered":"<p>Nossa arginina \u00e9 um amino\u00e1cido n\u00e3o essencial de alta qualidade, presente em diversos processos da bioqu\u00edmica humana, incluindo o metabolismo muscular, a secre\u00e7\u00e3o hormonal, a desintoxica\u00e7\u00e3o da am\u00f4nia e o sistema imunol\u00f3gico. A arginina promove a produ\u00e7\u00e3o de \u00f3xido n\u00edtrico, que auxilia na circula\u00e7\u00e3o sangu\u00ednea e na sa\u00fade muscular.<\/p>","protected":false},"featured_media":6215,"comment_status":"closed","ping_status":"closed","template":"","meta":[],"product_cat":[134,207],"product_tag":[],"class_list":{"0":"post-5795","1":"product","2":"type-product","3":"status-publish","4":"has-post-thumbnail","6":"product_cat-amino-acid","7":"product_cat-preworkout-and-pump","9":"first","10":"instock","11":"shipping-taxable","12":"purchasable","13":"product-type-simple"},"_links":{"self":[{"href":"https:\/\/marvelousnutrition.com\/pt\/wp-json\/wp\/v2\/product\/5795","targetHints":{"allow":["GET"]}}],"collection":[{"href":"https:\/\/marvelousnutrition.com\/pt\/wp-json\/wp\/v2\/product"}],"about":[{"href":"https:\/\/marvelousnutrition.com\/pt\/wp-json\/wp\/v2\/types\/product"}],"replies":[{"embeddable":true,"href":"https:\/\/marvelousnutrition.com\/pt\/wp-json\/wp\/v2\/comments?post=5795"}],"wp:featuredmedia":[{"embeddable":true,"href":"https:\/\/marvelousnutrition.com\/pt\/wp-json\/wp\/v2\/media\/6215"}],"wp:attachment":[{"href":"https:\/\/marvelousnutrition.com\/pt\/wp-json\/wp\/v2\/media?parent=5795"}],"wp:term":[{"taxonomy":"product_cat","embeddable":true,"href":"https:\/\/marvelousnutrition.com\/pt\/wp-json\/wp\/v2\/product_cat?post=5795"},{"taxonomy":"product_tag","embeddable":true,"href":"https:\/\/marvelousnutrition.com\/pt\/wp-json\/wp\/v2\/product_tag?post=5795"}],"curies":[{"name":"wp","href":"https:\/\/api.w.org\/{rel}","templated":true}]}}