{"id":5794,"date":"2025-11-05T09:27:11","date_gmt":"2025-11-05T09:27:11","guid":{"rendered":"https:\/\/marvelousnutrition.com\/?post_type=product&#038;p=5794"},"modified":"2026-03-16T19:15:27","modified_gmt":"2026-03-16T19:15:27","slug":"beta-alanine-black-yellow","status":"publish","type":"product","link":"https:\/\/marvelousnutrition.com\/pt\/produto\/beta-alanina-preto-amarelo\/","title":{"rendered":"Beta Alanina Preta e Amarela"},"content":{"rendered":"<h6>Como Usar:<\/h6>\n<p>Tomar 3g 30 minutos antes do treino.<\/p>\n<h6>Descri\u00e7\u00e3o:<\/h6>\n<p>100% beta-alanina da mais alta qualidade, sem aditivos. A beta-alanina \u00e9 um amino\u00e1cido n\u00e3o essencial que, segundo pesquisas, aumenta as concentra\u00e7\u00f5es de carnosina muscular. Ao promover altas concentra\u00e7\u00f5es de carnosina intramuscular, ela atua na redu\u00e7\u00e3o da acidifica\u00e7\u00e3o intramuscular causada por exerc\u00edcios intensos e treinamento pesado.<\/p>\n<p><strong>BETA-ALANINA<\/strong> Retarda a fadiga muscular, permitindo que voc\u00ea aumente seu desempenho.<\/p>\n<p>O consumo de beta-alanina pode contribuir para o seguinte:<\/p>\n<ul>\n<li>Aumentar a for\u00e7a e a pot\u00eancia<\/li>\n<li>Aumentar a resist\u00eancia muscular<\/li>\n<li>Treine com maior intensidade<\/li>\n<\/ul>\n<p><a href=\"https:\/\/marvelousnutrition.com\/wp-content\/uploads\/2025\/11\/beta-alninen.jpg\"><img decoding=\"async\" class=\"alignnone size-medium wp-image-6374\" src=\"https:\/\/marvelousnutrition.com\/wp-content\/uploads\/2025\/11\/beta-alninen-300x66.jpg\" alt=\"\" width=\"300\" height=\"66\" srcset=\"https:\/\/marvelousnutrition.com\/wp-content\/uploads\/2025\/11\/beta-alninen-300x66.jpg 300w, https:\/\/marvelousnutrition.com\/wp-content\/uploads\/2025\/11\/beta-alninen-1024x225.jpg 1024w, https:\/\/marvelousnutrition.com\/wp-content\/uploads\/2025\/11\/beta-alninen-768x169.jpg 768w, https:\/\/marvelousnutrition.com\/wp-content\/uploads\/2025\/11\/beta-alninen-18x4.jpg 18w, https:\/\/marvelousnutrition.com\/wp-content\/uploads\/2025\/11\/beta-alninen-800x176.jpg 800w, https:\/\/marvelousnutrition.com\/wp-content\/uploads\/2025\/11\/beta-alninen.jpg 1280w\" sizes=\"(max-width: 300px) 100vw, 300px\" \/><\/a><\/p>","protected":false},"excerpt":{"rendered":"<p>A beta-alanina \u00e9 um amino\u00e1cido n\u00e3o essencial que, segundo pesquisas, aumenta as concentra\u00e7\u00f5es de carnosina muscular. Ao promover altas concentra\u00e7\u00f5es intramusculares de carnosina, ela atua na redu\u00e7\u00e3o da acidifica\u00e7\u00e3o intramuscular causada por exerc\u00edcios intensos e treinamento pesado.<\/p>","protected":false},"featured_media":6214,"comment_status":"closed","ping_status":"closed","template":"","meta":[],"product_cat":[134,207],"product_tag":[],"class_list":{"0":"post-5794","1":"product","2":"type-product","3":"status-publish","4":"has-post-thumbnail","6":"product_cat-amino-acid","7":"product_cat-preworkout-and-pump","9":"first","10":"instock","11":"shipping-taxable","12":"purchasable","13":"product-type-simple"},"_links":{"self":[{"href":"https:\/\/marvelousnutrition.com\/pt\/wp-json\/wp\/v2\/product\/5794","targetHints":{"allow":["GET"]}}],"collection":[{"href":"https:\/\/marvelousnutrition.com\/pt\/wp-json\/wp\/v2\/product"}],"about":[{"href":"https:\/\/marvelousnutrition.com\/pt\/wp-json\/wp\/v2\/types\/product"}],"replies":[{"embeddable":true,"href":"https:\/\/marvelousnutrition.com\/pt\/wp-json\/wp\/v2\/comments?post=5794"}],"wp:featuredmedia":[{"embeddable":true,"href":"https:\/\/marvelousnutrition.com\/pt\/wp-json\/wp\/v2\/media\/6214"}],"wp:attachment":[{"href":"https:\/\/marvelousnutrition.com\/pt\/wp-json\/wp\/v2\/media?parent=5794"}],"wp:term":[{"taxonomy":"product_cat","embeddable":true,"href":"https:\/\/marvelousnutrition.com\/pt\/wp-json\/wp\/v2\/product_cat?post=5794"},{"taxonomy":"product_tag","embeddable":true,"href":"https:\/\/marvelousnutrition.com\/pt\/wp-json\/wp\/v2\/product_tag?post=5794"}],"curies":[{"name":"wp","href":"https:\/\/api.w.org\/{rel}","templated":true}]}}