{"id":5784,"date":"2025-11-05T09:27:07","date_gmt":"2025-11-05T09:27:07","guid":{"rendered":"https:\/\/marvelousnutrition.com\/?post_type=product&#038;p=5784"},"modified":"2026-03-15T23:34:34","modified_gmt":"2026-03-15T23:34:34","slug":"super-digestive","status":"publish","type":"product","link":"https:\/\/marvelousnutrition.com\/pt\/produto\/super-digestivo\/","title":{"rendered":"SUPER DIGESTIVO"},"content":{"rendered":"<h6>Ingredientes:<\/h6>\n<p>Amido de milho ceroso, complexo enzim\u00e1tico DigeZyme\u00ae (amilase, lactase, celulase, protease, lipase), hipromelose (c\u00e1psula vegana), picolinato de cromo.<\/p>\n<h6>Como Usar:<\/h6>\n<p>Tome 1 c\u00e1psula com o caf\u00e9 da manh\u00e3.<\/p>\n<h6>Armazenamento:<\/h6>\n<p>Armazenar em local seco, ap\u00f3s a abertura.<\/p>\n<h6>Peso L\u00edquido:<\/h6>\n<p>69g \u2013 60 por\u00e7\u00f5es<\/p>\n<p><a href=\"https:\/\/marvelousnutrition.com\/wp-content\/uploads\/2025\/11\/super-digestive-scaled.png\"><img decoding=\"async\" class=\"alignnone size-medium wp-image-6342\" src=\"https:\/\/marvelousnutrition.com\/wp-content\/uploads\/2025\/11\/super-digestive-300x123.png\" alt=\"\" width=\"300\" height=\"123\" srcset=\"https:\/\/marvelousnutrition.com\/wp-content\/uploads\/2025\/11\/super-digestive-300x123.png 300w, https:\/\/marvelousnutrition.com\/wp-content\/uploads\/2025\/11\/super-digestive-1024x419.png 1024w, https:\/\/marvelousnutrition.com\/wp-content\/uploads\/2025\/11\/super-digestive-768x314.png 768w, https:\/\/marvelousnutrition.com\/wp-content\/uploads\/2025\/11\/super-digestive-1536x629.png 1536w, https:\/\/marvelousnutrition.com\/wp-content\/uploads\/2025\/11\/super-digestive-2048x838.png 2048w, https:\/\/marvelousnutrition.com\/wp-content\/uploads\/2025\/11\/super-digestive-18x7.png 18w, https:\/\/marvelousnutrition.com\/wp-content\/uploads\/2025\/11\/super-digestive-800x327.png 800w\" sizes=\"(max-width: 300px) 100vw, 300px\" \/><\/a><\/p>","protected":false},"excerpt":{"rendered":"<p>Ingredients: Waxy Corn Starch, DigeZyme\u00ae Enzyme Complex (Amylase, Lactase, Cellulase, Protease, Lipase), Hypromellose (Vegan Capsule Shell), Chromium Picolinate. How to Use: Take 1 capsule with breakfast. Storage: Store in a cool, dry place after opening. Net Weight: 69g \u2013 60 Servings<\/p>","protected":false},"featured_media":5817,"comment_status":"closed","ping_status":"closed","template":"","meta":[],"product_cat":[197,210],"product_tag":[],"class_list":{"0":"post-5784","1":"product","2":"type-product","3":"status-publish","4":"has-post-thumbnail","6":"product_cat-all-products","7":"product_cat-multivitamins","9":"first","10":"instock","11":"shipping-taxable","12":"purchasable","13":"product-type-simple"},"_links":{"self":[{"href":"https:\/\/marvelousnutrition.com\/pt\/wp-json\/wp\/v2\/product\/5784","targetHints":{"allow":["GET"]}}],"collection":[{"href":"https:\/\/marvelousnutrition.com\/pt\/wp-json\/wp\/v2\/product"}],"about":[{"href":"https:\/\/marvelousnutrition.com\/pt\/wp-json\/wp\/v2\/types\/product"}],"replies":[{"embeddable":true,"href":"https:\/\/marvelousnutrition.com\/pt\/wp-json\/wp\/v2\/comments?post=5784"}],"wp:featuredmedia":[{"embeddable":true,"href":"https:\/\/marvelousnutrition.com\/pt\/wp-json\/wp\/v2\/media\/5817"}],"wp:attachment":[{"href":"https:\/\/marvelousnutrition.com\/pt\/wp-json\/wp\/v2\/media?parent=5784"}],"wp:term":[{"taxonomy":"product_cat","embeddable":true,"href":"https:\/\/marvelousnutrition.com\/pt\/wp-json\/wp\/v2\/product_cat?post=5784"},{"taxonomy":"product_tag","embeddable":true,"href":"https:\/\/marvelousnutrition.com\/pt\/wp-json\/wp\/v2\/product_tag?post=5784"}],"curies":[{"name":"wp","href":"https:\/\/api.w.org\/{rel}","templated":true}]}}