{"id":5783,"date":"2025-11-05T09:27:07","date_gmt":"2025-11-05T09:27:07","guid":{"rendered":"https:\/\/marvelousnutrition.com\/?post_type=product&#038;p=5783"},"modified":"2026-03-16T19:50:02","modified_gmt":"2026-03-16T19:50:02","slug":"zma","status":"publish","type":"product","link":"https:\/\/marvelousnutrition.com\/pt\/produto\/zma\/","title":{"rendered":"ZMA"},"content":{"rendered":"<h6>Como Usar:<\/h6>\n<p>Modo de usar: Tome 1 c\u00e1psula antes de dormir.<br \/>\nModo de utiliza\u00e7\u00e3o: Tomar 1 c\u00e1psula antes de dormir<\/p>\n<h6>Armazenamento:<\/h6>\n<p>Armazenar em local seco, ap\u00f3s a abertura.<br \/>\nCondi\u00e7\u00f5es de conserva\u00e7\u00e3o: Manter a embalagem bem fechada num local fresco e seco.<\/p>\n<h6>Lote:<\/h6>\n<p>Veja a parte inferior do recipiente.<\/p>\n<h6>Peso L\u00edquido \/ Quantidade L\u00edquida:<\/h6>\n<p>69g \u2013 90 por\u00e7\u00f5es<\/p>\n<p><a href=\"https:\/\/marvelousnutrition.com\/wp-content\/uploads\/2025\/11\/zma-gadwel.png\"><img decoding=\"async\" class=\"alignnone size-medium wp-image-6383\" src=\"https:\/\/marvelousnutrition.com\/wp-content\/uploads\/2025\/11\/zma-gadwel-300x103.png\" alt=\"\" width=\"300\" height=\"103\" srcset=\"https:\/\/marvelousnutrition.com\/wp-content\/uploads\/2025\/11\/zma-gadwel-300x103.png 300w, https:\/\/marvelousnutrition.com\/wp-content\/uploads\/2025\/11\/zma-gadwel-18x6.png 18w, https:\/\/marvelousnutrition.com\/wp-content\/uploads\/2025\/11\/zma-gadwel.png 632w\" sizes=\"(max-width: 300px) 100vw, 300px\" \/><\/a><\/p>","protected":false},"excerpt":{"rendered":"<p>ZMA \u00e9 um suplemento premium desenvolvido para melhorar a recupera\u00e7\u00e3o muscular, o desempenho atl\u00e9tico e promover um sono reparador. Sua combina\u00e7\u00e3o de minerais e vitaminas essenciais ajuda a otimizar o processo de recupera\u00e7\u00e3o do corpo e o bem-estar geral.<\/p>\n<p>Ingredientes:<\/p>\n<p>\u2013 \u00d3xido de magn\u00e9sio: Auxilia na produ\u00e7\u00e3o de energia e reduz as c\u00e3ibras musculares.<\/p>\n<p>\u2013 \u00d3xido de zinco: fortalece o sistema imunol\u00f3gico e a s\u00edntese de prote\u00ednas.<\/p>\n<p>\u2013 Vitamina B6: Auxilia na absor\u00e7\u00e3o de nutrientes e no metabolismo energ\u00e9tico.<\/p>\n<p>\u2013 Gelatina bovina: Utilizada como inv\u00f3lucro natural para c\u00e1psulas.<\/p>\n<p>\u2013 Estearato de magn\u00e9sio: Impede a forma\u00e7\u00e3o de grumos, garantindo qualidade consistente.<\/p>\n<p>\u2013 \u00d3xido de ferro: Confere um acabamento profissional \u00e0s c\u00e1psulas.<\/p>\n<p>Esta f\u00f3rmula compacta, por\u00e9m eficaz, \u00e9 ideal para indiv\u00edduos ativos que buscam o m\u00e1ximo desempenho.<\/p>","protected":false},"featured_media":5845,"comment_status":"closed","ping_status":"closed","template":"","meta":[],"product_cat":[210],"product_tag":[],"class_list":{"0":"post-5783","1":"product","2":"type-product","3":"status-publish","4":"has-post-thumbnail","6":"product_cat-multivitamins","8":"first","9":"instock","10":"shipping-taxable","11":"purchasable","12":"product-type-simple"},"_links":{"self":[{"href":"https:\/\/marvelousnutrition.com\/pt\/wp-json\/wp\/v2\/product\/5783","targetHints":{"allow":["GET"]}}],"collection":[{"href":"https:\/\/marvelousnutrition.com\/pt\/wp-json\/wp\/v2\/product"}],"about":[{"href":"https:\/\/marvelousnutrition.com\/pt\/wp-json\/wp\/v2\/types\/product"}],"replies":[{"embeddable":true,"href":"https:\/\/marvelousnutrition.com\/pt\/wp-json\/wp\/v2\/comments?post=5783"}],"wp:featuredmedia":[{"embeddable":true,"href":"https:\/\/marvelousnutrition.com\/pt\/wp-json\/wp\/v2\/media\/5845"}],"wp:attachment":[{"href":"https:\/\/marvelousnutrition.com\/pt\/wp-json\/wp\/v2\/media?parent=5783"}],"wp:term":[{"taxonomy":"product_cat","embeddable":true,"href":"https:\/\/marvelousnutrition.com\/pt\/wp-json\/wp\/v2\/product_cat?post=5783"},{"taxonomy":"product_tag","embeddable":true,"href":"https:\/\/marvelousnutrition.com\/pt\/wp-json\/wp\/v2\/product_tag?post=5783"}],"curies":[{"name":"wp","href":"https:\/\/api.w.org\/{rel}","templated":true}]}}