{"id":5779,"date":"2025-11-05T09:27:07","date_gmt":"2025-11-05T09:27:07","guid":{"rendered":"https:\/\/marvelousnutrition.com\/?post_type=product&#038;p=5779"},"modified":"2026-03-15T23:31:55","modified_gmt":"2026-03-15T23:31:55","slug":"magnesium-bisglycinate","status":"publish","type":"product","link":"https:\/\/marvelousnutrition.com\/pt\/produto\/bisglicinato-de-magnesio\/","title":{"rendered":"Bisglicinato de magn\u00e9sio"},"content":{"rendered":"<h6>Ingredientes:<\/h6>\n<p>Bisglicinato de magn\u00e9sio, hipromelose (como revestimento da c\u00e1psula), agente antiaglomerante (celulose microcristalina).<\/p>\n<h6>Como Usar:<\/h6>\n<p>Tome 3 c\u00e1psulas com o caf\u00e9 da manh\u00e3.<\/p>\n<h6>Armazenamento:<\/h6>\n<p>Armazenar em local seco, ap\u00f3s a abertura.<\/p>\n<h6>Peso L\u00edquido:<\/h6>\n<p>69g \u2013 30 por\u00e7\u00f5es<\/p>\n<p><a href=\"https:\/\/marvelousnutrition.com\/wp-content\/uploads\/2025\/11\/magniso-gadwel-scaled.png\"><img decoding=\"async\" class=\"alignnone size-medium wp-image-6339\" src=\"https:\/\/marvelousnutrition.com\/wp-content\/uploads\/2025\/11\/magniso-gadwel-300x114.png\" alt=\"\" width=\"300\" height=\"114\" srcset=\"https:\/\/marvelousnutrition.com\/wp-content\/uploads\/2025\/11\/magniso-gadwel-300x114.png 300w, https:\/\/marvelousnutrition.com\/wp-content\/uploads\/2025\/11\/magniso-gadwel-1024x389.png 1024w, https:\/\/marvelousnutrition.com\/wp-content\/uploads\/2025\/11\/magniso-gadwel-768x292.png 768w, https:\/\/marvelousnutrition.com\/wp-content\/uploads\/2025\/11\/magniso-gadwel-1536x583.png 1536w, https:\/\/marvelousnutrition.com\/wp-content\/uploads\/2025\/11\/magniso-gadwel-2048x778.png 2048w, https:\/\/marvelousnutrition.com\/wp-content\/uploads\/2025\/11\/magniso-gadwel-18x7.png 18w, https:\/\/marvelousnutrition.com\/wp-content\/uploads\/2025\/11\/magniso-gadwel-800x304.png 800w\" sizes=\"(max-width: 300px) 100vw, 300px\" \/><\/a><\/p>","protected":false},"excerpt":{"rendered":"<p>O suplemento de bisglicinato de magn\u00e9sio promove o relaxamento, auxilia na fun\u00e7\u00e3o muscular e contribui para um sono saud\u00e1vel. Esta forma de magn\u00e9sio de alta absor\u00e7\u00e3o \u00e9 suave para o est\u00f4mago e ajuda a manter o funcionamento normal do sistema nervoso. Perfeito para pessoas ativas ou que buscam reduzir o estresse. Experimente os benef\u00edcios de n\u00edveis equilibrados de magn\u00e9sio para o bem-estar geral.<\/p>","protected":false},"featured_media":6225,"comment_status":"closed","ping_status":"closed","template":"","meta":[],"product_cat":[210],"product_tag":[],"class_list":{"0":"post-5779","1":"product","2":"type-product","3":"status-publish","4":"has-post-thumbnail","6":"product_cat-multivitamins","8":"first","9":"instock","10":"shipping-taxable","11":"purchasable","12":"product-type-simple"},"_links":{"self":[{"href":"https:\/\/marvelousnutrition.com\/pt\/wp-json\/wp\/v2\/product\/5779","targetHints":{"allow":["GET"]}}],"collection":[{"href":"https:\/\/marvelousnutrition.com\/pt\/wp-json\/wp\/v2\/product"}],"about":[{"href":"https:\/\/marvelousnutrition.com\/pt\/wp-json\/wp\/v2\/types\/product"}],"replies":[{"embeddable":true,"href":"https:\/\/marvelousnutrition.com\/pt\/wp-json\/wp\/v2\/comments?post=5779"}],"wp:featuredmedia":[{"embeddable":true,"href":"https:\/\/marvelousnutrition.com\/pt\/wp-json\/wp\/v2\/media\/6225"}],"wp:attachment":[{"href":"https:\/\/marvelousnutrition.com\/pt\/wp-json\/wp\/v2\/media?parent=5779"}],"wp:term":[{"taxonomy":"product_cat","embeddable":true,"href":"https:\/\/marvelousnutrition.com\/pt\/wp-json\/wp\/v2\/product_cat?post=5779"},{"taxonomy":"product_tag","embeddable":true,"href":"https:\/\/marvelousnutrition.com\/pt\/wp-json\/wp\/v2\/product_tag?post=5779"}],"curies":[{"name":"wp","href":"https:\/\/api.w.org\/{rel}","templated":true}]}}