{"id":5776,"date":"2025-11-05T09:27:07","date_gmt":"2025-11-05T09:27:07","guid":{"rendered":"https:\/\/marvelousnutrition.com\/?post_type=product&#038;p=5776"},"modified":"2026-03-15T23:31:05","modified_gmt":"2026-03-15T23:31:05","slug":"collagen-flavoured","status":"publish","type":"product","link":"https:\/\/marvelousnutrition.com\/pt\/produto\/colageno-com-sabor\/","title":{"rendered":"Col\u00e1geno SABORIZADO"},"content":{"rendered":"<h6>Ingredientes:<\/h6>\n<p>Col\u00e1geno bovino hidrolisado, regulador de acidez (\u00e1cido c\u00edtrico), col\u00e1geno marinho hidrolisado, aroma, corante, ado\u00e7antes (acessulfame-K, sucralose), \u00e1cido asc\u00f3rbico, sal, \u00e1cido hialur\u00f4nico, \u00f3xido de zinco.<\/p>\n<h6>Como Usar:<\/h6>\n<p>Tomar 12g com o caf\u00e9 da manh\u00e3.<\/p>\n<h6>Armazenamento:<\/h6>\n<p>Armazenar em local seco, ap\u00f3s a abertura.<\/p>\n<h6>Peso L\u00edquido:<\/h6>\n<p>210g \u2013 30 por\u00e7\u00f5es<\/p>\n<p><a href=\"https:\/\/marvelousnutrition.com\/wp-content\/uploads\/2025\/11\/colageeeen-flavored-scaled.png\"><img decoding=\"async\" class=\"alignnone size-medium wp-image-6338\" src=\"https:\/\/marvelousnutrition.com\/wp-content\/uploads\/2025\/11\/colageeeen-flavored-300x109.png\" alt=\"\" width=\"300\" height=\"109\" srcset=\"https:\/\/marvelousnutrition.com\/wp-content\/uploads\/2025\/11\/colageeeen-flavored-300x109.png 300w, https:\/\/marvelousnutrition.com\/wp-content\/uploads\/2025\/11\/colageeeen-flavored-1024x372.png 1024w, https:\/\/marvelousnutrition.com\/wp-content\/uploads\/2025\/11\/colageeeen-flavored-768x279.png 768w, https:\/\/marvelousnutrition.com\/wp-content\/uploads\/2025\/11\/colageeeen-flavored-1536x559.png 1536w, https:\/\/marvelousnutrition.com\/wp-content\/uploads\/2025\/11\/colageeeen-flavored-2048x745.png 2048w, https:\/\/marvelousnutrition.com\/wp-content\/uploads\/2025\/11\/colageeeen-flavored-18x7.png 18w, https:\/\/marvelousnutrition.com\/wp-content\/uploads\/2025\/11\/colageeeen-flavored-800x291.png 800w\" sizes=\"(max-width: 300px) 100vw, 300px\" \/><\/a><\/p>","protected":false},"excerpt":{"rendered":"<p>O col\u00e1geno \u00e9 uma prote\u00edna. Ele d\u00e1 ao nosso corpo a estrutura, a for\u00e7a e a flexibilidade necess\u00e1rias para nos movimentarmos no dia a dia. Permite-nos viajar, movermo-nos livremente, saltar ou cair sem nos machucarmos. Protege e conecta as partes do nosso corpo, mantendo-nos em p\u00e9. O col\u00e1geno \u00e9 a prote\u00edna mais importante e abundante do nosso organismo.<\/p>\n<h6>O col\u00e1geno constitui 75% da nossa pele e:<\/h6>\n<p><strong>\u2013 Isso lhe d\u00e1 estrutura e suporte,<\/strong><\/p>\n<p><strong>\u2013 Mant\u00e9m sua elasticidade,<\/strong><\/p>\n<p><strong>\u2013 Hidrata atraindo \u00e1cido hialur\u00f4nico.<\/strong><\/p>\n<p>Com o passar dos anos, o equil\u00edbrio entre a s\u00edntese e a degrada\u00e7\u00e3o do col\u00e1geno \u00e9 afetado. Isso significa que tanto a quantidade quanto a qualidade do col\u00e1geno diminuem. A pele fica mais fina, desidratada e perde a sua estrutura.<\/p>\n<p><strong>Resultado:<\/strong> Sinais vis\u00edveis de envelhecimento, como rugas, flacidez e pele sem brilho.<\/p>","protected":false},"featured_media":5879,"comment_status":"closed","ping_status":"closed","template":"","meta":[],"product_cat":[131,234],"product_tag":[],"class_list":{"0":"post-5776","1":"product","2":"type-product","3":"status-publish","4":"has-post-thumbnail","6":"product_cat-collagen","7":"product_cat-marvelous-line","9":"first","10":"instock","11":"shipping-taxable","12":"purchasable","13":"product-type-simple"},"_links":{"self":[{"href":"https:\/\/marvelousnutrition.com\/pt\/wp-json\/wp\/v2\/product\/5776","targetHints":{"allow":["GET"]}}],"collection":[{"href":"https:\/\/marvelousnutrition.com\/pt\/wp-json\/wp\/v2\/product"}],"about":[{"href":"https:\/\/marvelousnutrition.com\/pt\/wp-json\/wp\/v2\/types\/product"}],"replies":[{"embeddable":true,"href":"https:\/\/marvelousnutrition.com\/pt\/wp-json\/wp\/v2\/comments?post=5776"}],"wp:featuredmedia":[{"embeddable":true,"href":"https:\/\/marvelousnutrition.com\/pt\/wp-json\/wp\/v2\/media\/5879"}],"wp:attachment":[{"href":"https:\/\/marvelousnutrition.com\/pt\/wp-json\/wp\/v2\/media?parent=5776"}],"wp:term":[{"taxonomy":"product_cat","embeddable":true,"href":"https:\/\/marvelousnutrition.com\/pt\/wp-json\/wp\/v2\/product_cat?post=5776"},{"taxonomy":"product_tag","embeddable":true,"href":"https:\/\/marvelousnutrition.com\/pt\/wp-json\/wp\/v2\/product_tag?post=5776"}],"curies":[{"name":"wp","href":"https:\/\/api.w.org\/{rel}","templated":true}]}}