{"id":5772,"date":"2025-11-05T09:27:07","date_gmt":"2025-11-05T09:27:07","guid":{"rendered":"https:\/\/marvelousnutrition.com\/?post_type=product&#038;p=5772"},"modified":"2026-03-15T23:30:18","modified_gmt":"2026-03-15T23:30:18","slug":"creatine-flavoured","status":"publish","type":"product","link":"https:\/\/marvelousnutrition.com\/pt\/produto\/sabor-de-creatina\/","title":{"rendered":"Creatina com sabor"},"content":{"rendered":"<h6><\/h6>\n<h6>Ingredientes:<\/h6>\n<p>Creatina monoidratada, regulador de acidez (\u00e1cido c\u00edtrico), aromatizante, ado\u00e7antes (acessulfame-K, sucralose), corantes.<\/p>\n<h6>Como Usar:<\/h6>\n<p>Misture 5 g com 400 a 500 ml de \u00e1gua. Tome uma dose imediatamente ap\u00f3s o treino.<\/p>\n<h6>Armazenamento:<\/h6>\n<p>Armazenar em local seco, ap\u00f3s a abertura.<\/p>\n<h6>Peso L\u00edquido:<\/h6>\n<p>300g<a href=\"https:\/\/marvelousnutrition.com\/wp-content\/uploads\/2025\/11\/careatine-falvored-scaled.png\"><img decoding=\"async\" class=\"alignnone size-medium wp-image-6337\" src=\"https:\/\/marvelousnutrition.com\/wp-content\/uploads\/2025\/11\/careatine-falvored-300x113.png\" alt=\"\" width=\"300\" height=\"113\" srcset=\"https:\/\/marvelousnutrition.com\/wp-content\/uploads\/2025\/11\/careatine-falvored-300x113.png 300w, https:\/\/marvelousnutrition.com\/wp-content\/uploads\/2025\/11\/careatine-falvored-1024x386.png 1024w, https:\/\/marvelousnutrition.com\/wp-content\/uploads\/2025\/11\/careatine-falvored-768x290.png 768w, https:\/\/marvelousnutrition.com\/wp-content\/uploads\/2025\/11\/careatine-falvored-1536x579.png 1536w, https:\/\/marvelousnutrition.com\/wp-content\/uploads\/2025\/11\/careatine-falvored-2048x772.png 2048w, https:\/\/marvelousnutrition.com\/wp-content\/uploads\/2025\/11\/careatine-falvored-18x7.png 18w, https:\/\/marvelousnutrition.com\/wp-content\/uploads\/2025\/11\/careatine-falvored-800x302.png 800w\" sizes=\"(max-width: 300px) 100vw, 300px\" \/><\/a><\/p>","protected":false},"excerpt":{"rendered":"<p>A f\u00f3rmula de creatina monohidratada mais pura e de mais f\u00e1cil absor\u00e7\u00e3o dispon\u00edvel. Estudos relatam que o aumento dos n\u00edveis de creatina ajuda a retardar o in\u00edcio da fadiga, aumentar o metabolismo energ\u00e9tico nas c\u00e9lulas musculares e melhorar a capacidade e o desempenho geral nos treinos.<\/p>\n<p>A creatina \u00e9 um composto produzido naturalmente pelo nosso corpo para fornecer energia aos m\u00fasculos. Produzida no f\u00edgado, p\u00e2ncreas e rins, ela \u00e9 transportada pela corrente sangu\u00ednea at\u00e9 os m\u00fasculos, onde \u00e9 convertida em fosfocreatina. Esse metab\u00f3lito de alta pot\u00eancia \u00e9 utilizado para regenerar as reservas musculares de adenosina trifosfato (ATP), a principal fonte de energia muscular.<\/p>\n<h6>Benef\u00edcios:<\/h6>\n<p>\u2022 Ganhe for\u00e7a explosiva para treinamento superintensivo<\/p>\n<p>\u2022 \u00c9 processado em um pH mais alto (menos \u00e1cido), aumentando a resist\u00eancia muscular.<\/p>\n<p>\u2022 Aumenta a capacidade de recupera\u00e7\u00e3o muscular<\/p>\n<p>\u2022 Permite que os m\u00fasculos cres\u00e7am mais r\u00e1pido, deixando-os mais fortes, tonificados e mais resistentes a sess\u00f5es de treino mais longas.<\/p>","protected":false},"featured_media":5865,"comment_status":"closed","ping_status":"closed","template":"","meta":[],"product_cat":[179],"product_tag":[],"class_list":{"0":"post-5772","1":"product","2":"type-product","3":"status-publish","4":"has-post-thumbnail","6":"product_cat-creatine","8":"first","9":"instock","10":"shipping-taxable","11":"purchasable","12":"product-type-variable"},"_links":{"self":[{"href":"https:\/\/marvelousnutrition.com\/pt\/wp-json\/wp\/v2\/product\/5772","targetHints":{"allow":["GET"]}}],"collection":[{"href":"https:\/\/marvelousnutrition.com\/pt\/wp-json\/wp\/v2\/product"}],"about":[{"href":"https:\/\/marvelousnutrition.com\/pt\/wp-json\/wp\/v2\/types\/product"}],"replies":[{"embeddable":true,"href":"https:\/\/marvelousnutrition.com\/pt\/wp-json\/wp\/v2\/comments?post=5772"}],"wp:featuredmedia":[{"embeddable":true,"href":"https:\/\/marvelousnutrition.com\/pt\/wp-json\/wp\/v2\/media\/5865"}],"wp:attachment":[{"href":"https:\/\/marvelousnutrition.com\/pt\/wp-json\/wp\/v2\/media?parent=5772"}],"wp:term":[{"taxonomy":"product_cat","embeddable":true,"href":"https:\/\/marvelousnutrition.com\/pt\/wp-json\/wp\/v2\/product_cat?post=5772"},{"taxonomy":"product_tag","embeddable":true,"href":"https:\/\/marvelousnutrition.com\/pt\/wp-json\/wp\/v2\/product_tag?post=5772"}],"curies":[{"name":"wp","href":"https:\/\/api.w.org\/{rel}","templated":true}]}}