{"id":5763,"date":"2025-11-05T09:27:07","date_gmt":"2025-11-05T09:27:07","guid":{"rendered":"https:\/\/marvelousnutrition.com\/?post_type=product&#038;p=5763"},"modified":"2026-03-15T23:28:56","modified_gmt":"2026-03-15T23:28:56","slug":"power-m-f","status":"publish","type":"product","link":"https:\/\/marvelousnutrition.com\/pt\/produto\/potencia-mf\/","title":{"rendered":"POWER MF"},"content":{"rendered":"<h6>Ingredientes:<\/h6>\n<p>Beta-alanina, creatina monohidratada, regulador de acidez (\u00e1cido c\u00edtrico anidro), aroma, L-tirosina, beta\u00edna anidra, L-taurina, cafe\u00edna anidra, extrato de ch\u00e1 verde (Camellia sinensis) (folha) \u00be:1, extrato de bacopa monnieri (erva inteira) 10%, extrato de rhodiola rosea (Sedum roseum) (raiz) 20:1, bitartarato de colina, extrato de laranja amarga (Citrus aurantium L., fruto) 15:1, extrato de casca de salgueiro (Salix alba) (casca) 8:1, ado\u00e7antes (acessulfame-K, sucralose), fosfato tric\u00e1lcico, extrato de gr\u00e3o de caf\u00e9 verde (Coffea robusta) (semente) 12:1, extrato de forslean (Coleus forskohlii) (raiz) 35:1, corante (vermelho de beterraba). L-Teanina, Pimenta Caiena (Capsicum Annuum) (fruta) extrato 8:1, Bioflavon\u00f3ides C\u00edtricos (Citrus Aurantium) (fruta) extrato 6:1.<\/p>\n<h6>Como Usar:<\/h6>\n<p>Misture 1 medida (9 g) com 250 ml de \u00e1gua, 15 a 30 minutos antes do treino.<\/p>\n<h6>Armazenamento:<\/h6>\n<p>Armazenar em local seco, ap\u00f3s a abertura.<\/p>\n<h6>Peso L\u00edquido:<\/h6>\n<p>300g \u2013 27 por\u00e7\u00f5es<\/p>\n<p><a href=\"https:\/\/marvelousnutrition.com\/wp-content\/uploads\/2025\/11\/power-mf-falvored-scaled.png\"><img decoding=\"async\" class=\"alignnone size-medium wp-image-6336\" src=\"https:\/\/marvelousnutrition.com\/wp-content\/uploads\/2025\/11\/power-mf-falvored-136x300.png\" alt=\"\" width=\"136\" height=\"300\" srcset=\"https:\/\/marvelousnutrition.com\/wp-content\/uploads\/2025\/11\/power-mf-falvored-136x300.png 136w, https:\/\/marvelousnutrition.com\/wp-content\/uploads\/2025\/11\/power-mf-falvored-464x1024.png 464w, https:\/\/marvelousnutrition.com\/wp-content\/uploads\/2025\/11\/power-mf-falvored-768x1695.png 768w, https:\/\/marvelousnutrition.com\/wp-content\/uploads\/2025\/11\/power-mf-falvored-696x1536.png 696w, https:\/\/marvelousnutrition.com\/wp-content\/uploads\/2025\/11\/power-mf-falvored-928x2048.png 928w, https:\/\/marvelousnutrition.com\/wp-content\/uploads\/2025\/11\/power-mf-falvored-5x12.png 5w, https:\/\/marvelousnutrition.com\/wp-content\/uploads\/2025\/11\/power-mf-falvored-800x1766.png 800w, https:\/\/marvelousnutrition.com\/wp-content\/uploads\/2025\/11\/power-mf-falvored-scaled.png 1160w\" sizes=\"(max-width: 136px) 100vw, 136px\" \/><\/a><\/p>","protected":false},"excerpt":{"rendered":"<p>Power MF cont\u00e9m aproximadamente 350mg de cafe\u00edna de fontes naturais e 4000mg de beta-alanina, que lhe dar\u00e3o o impulso extra necess\u00e1rio para atingir seus objetivos dentro e fora da academia.<br \/>\nPower MF \u00e9 um pr\u00e9-treino termog\u00eanico l\u00edder de mercado com 11g de ingredientes ativos provenientes de mat\u00e9rias-primas premium que levar\u00e3o seu treino para o pr\u00f3ximo n\u00edvel, apresentando uma combina\u00e7\u00e3o de ingredientes termog\u00eanicos e que promovem o pump, especificamente desenvolvida para impulsionar a queima de gordura, aumentar a pot\u00eancia, retardar a fadiga, elevar a temperatura corporal e induzir a transpira\u00e7\u00e3o.<\/p>","protected":false},"featured_media":5836,"comment_status":"closed","ping_status":"closed","template":"","meta":[],"product_cat":[234,207],"product_tag":[],"class_list":{"0":"post-5763","1":"product","2":"type-product","3":"status-publish","4":"has-post-thumbnail","6":"product_cat-marvelous-line","7":"product_cat-preworkout-and-pump","9":"first","10":"instock","11":"shipping-taxable","12":"purchasable","13":"product-type-variable"},"_links":{"self":[{"href":"https:\/\/marvelousnutrition.com\/pt\/wp-json\/wp\/v2\/product\/5763","targetHints":{"allow":["GET"]}}],"collection":[{"href":"https:\/\/marvelousnutrition.com\/pt\/wp-json\/wp\/v2\/product"}],"about":[{"href":"https:\/\/marvelousnutrition.com\/pt\/wp-json\/wp\/v2\/types\/product"}],"replies":[{"embeddable":true,"href":"https:\/\/marvelousnutrition.com\/pt\/wp-json\/wp\/v2\/comments?post=5763"}],"wp:featuredmedia":[{"embeddable":true,"href":"https:\/\/marvelousnutrition.com\/pt\/wp-json\/wp\/v2\/media\/5836"}],"wp:attachment":[{"href":"https:\/\/marvelousnutrition.com\/pt\/wp-json\/wp\/v2\/media?parent=5763"}],"wp:term":[{"taxonomy":"product_cat","embeddable":true,"href":"https:\/\/marvelousnutrition.com\/pt\/wp-json\/wp\/v2\/product_cat?post=5763"},{"taxonomy":"product_tag","embeddable":true,"href":"https:\/\/marvelousnutrition.com\/pt\/wp-json\/wp\/v2\/product_tag?post=5763"}],"curies":[{"name":"wp","href":"https:\/\/api.w.org\/{rel}","templated":true}]}}