{"id":5758,"date":"2025-11-05T09:27:06","date_gmt":"2025-11-05T09:27:06","guid":{"rendered":"https:\/\/marvelousnutrition.com\/?post_type=product&#038;p=5758"},"modified":"2025-11-07T11:47:37","modified_gmt":"2025-11-07T11:47:37","slug":"testo","status":"publish","type":"product","link":"https:\/\/marvelousnutrition.com\/pt\/produto\/teste\/","title":{"rendered":"Teste"},"content":{"rendered":"<h6>Como Usar:<\/h6>\n<p>Tome uma dose (3 c\u00e1psulas) antes do treino.<\/p>\n<h6>Descri\u00e7\u00e3o:<\/h6>\n<p>Suplemento alimentar \u00e0 base de extratos vegetais.<\/p>\n<h6>Armazenamento:<\/h6>\n<p>Armazenar em local seco, ap\u00f3s a abertura.<\/p>\n<h6>Lote:<\/h6>\n<p>Veja a parte inferior do recipiente.<\/p>\n<h6>Quantidade:<\/h6>\n<p>90 c\u00e1psulas<\/p>\n<h6>Ingredientes:<\/h6>\n<p>\nExtrato seco de Tribulus (Tribulus terrestris L., planta inteira) \/ Extrato seco de Tribulus (Tribulus terrestris L., planta inteira),<br \/>\nExtrato seco de feno-grego (Trigonella foenum-graecum L., sementes) \/ Extracto seco Feno-grego (Trigonella foenum-graecum L., sementes),<br \/>\nExtrato seco de Ashwagandha (Withania somnifera (L.) Dunal, raiz) \/ Extrato seco de Ashwagandha (Withania somnifera (L.) Dunal, raiz),<br \/>\nExtrato seco de maca (Lepidium meyenii Walpers, raiz) \/ Extrato seco de Maca (Lepidium meyenii Walpers, raiz),<br \/>\nExtrato seco de aveia (Avena sativa L., semente) \/ Extrato seco de Aveia (Avena sativa L., sementes),<br \/>\nAgente antiaglomerante: Sais de magn\u00e9sio de \u00e1cidos graxos \/ Antiaglomerante: Sais de magn\u00e9sio de \u00e1cidos graxos,<br \/>\nAgente de volume: Celulose microcristalina (E-460i) \/ Agente de volume: Celulose microcristalina (E-460i),<br \/>\nC\u00e1psula (Agente de revestimento: Hidroxipropilmetilcelulose (E-464)) \/ C\u00e1psula (Agente de revestimento: Hidroxipropilmetilcelulose (E-464)).\n<\/p>\n<h6>Informa\u00e7\u00f5es nutricionais:<\/h6>\n<table style=\"width:100%; border-collapse: collapse; background-color:#f0f0f0; color:#333; border:1px solid #ccc;\">\n<tr>\n<td colspan=\"2\" style=\"text-align:center; font-weight:bold; padding:8px;\">Por\u00e7\u00f5es por embalagem: 30<\/td>\n<\/tr>\n<tr>\n<td colspan=\"2\" style=\"text-align:center; font-weight:bold; padding:8px;\">Por\u00e7\u00e3o: 3 c\u00e1psulas<\/td>\n<\/tr>\n<tr style=\"background-color:#d9d9d9; font-weight:bold;\">\n<th style=\"padding:8px; border:1px solid #ccc;\">Ingredientes ativos<\/th>\n<th style=\"padding:8px; border:1px solid #ccc;\">Por por\u00e7\u00e3o (3 c\u00e1psulas)<\/th>\n<\/tr>\n<tr>\n<td style=\"padding:8px; border:1px solid #ccc;\">Extrato seco de Tribulus \/ Extrato seco de Tribulus<\/td>\n<td style=\"padding:8px; border:1px solid #ccc;\">600mg<\/td>\n<\/tr>\n<tr>\n<td style=\"padding:8px; border:1px solid #ccc;\">Extrato seco de feno-grego \/ Extrato seco de feno-grego<\/td>\n<td style=\"padding:8px; border:1px solid #ccc;\">375mg<\/td>\n<\/tr>\n<tr>\n<td style=\"padding:8px; border:1px solid #ccc;\">Extrato seco de maca \/ Extrato seco de Maca<\/td>\n<td style=\"padding:8px; border:1px solid #ccc;\">375mg<\/td>\n<\/tr>\n<tr>\n<td style=\"padding:8px; border:1px solid #ccc;\">Extrato seco de Ashwagandha<\/td>\n<td style=\"padding:8px; border:1px solid #ccc;\">375mg<\/td>\n<\/tr>\n<tr>\n<td style=\"padding:8px; border:1px solid #ccc;\">Extrato seco de aveia \/ Extrato seco de Aveia<\/td>\n<td style=\"padding:8px; border:1px solid #ccc;\">225mg<\/td>\n<\/tr>\n<tr>\n<td style=\"padding:8px; border:1px solid #ccc;\">Saw Palmetto<\/td>\n<td style=\"padding:8px; border:1px solid #ccc;\">150mg<\/td>\n<\/tr>\n<\/table>","protected":false},"excerpt":{"rendered":"<p>Liberte a fera que existe em voc\u00ea com Testo! Torne-se o \u00e1pice da for\u00e7a e resist\u00eancia com nossa f\u00f3rmula de elite para aumentar a testosterona. Nossos ingredientes naturais avan\u00e7ados s\u00e3o projetados para impulsionar seus treinos e o crescimento muscular a n\u00edveis sem precedentes. Experimente a transforma\u00e7\u00e3o com Testo, a escolha definitiva para maximizar seu potencial. No entanto, priorize sempre o seu bem-estar e consulte profissionais de sa\u00fade antes de incorporar qualquer suplemento \u00e0 sua rotina.<\/p>","protected":false},"featured_media":5820,"comment_status":"closed","ping_status":"closed","template":"","meta":[],"product_cat":[229,235],"product_tag":[],"class_list":{"0":"post-5758","1":"product","2":"type-product","3":"status-publish","4":"has-post-thumbnail","6":"product_cat-loaded-ingredients","7":"product_cat-test-booster","9":"first","10":"instock","11":"shipping-taxable","12":"purchasable","13":"product-type-simple"},"_links":{"self":[{"href":"https:\/\/marvelousnutrition.com\/pt\/wp-json\/wp\/v2\/product\/5758","targetHints":{"allow":["GET"]}}],"collection":[{"href":"https:\/\/marvelousnutrition.com\/pt\/wp-json\/wp\/v2\/product"}],"about":[{"href":"https:\/\/marvelousnutrition.com\/pt\/wp-json\/wp\/v2\/types\/product"}],"replies":[{"embeddable":true,"href":"https:\/\/marvelousnutrition.com\/pt\/wp-json\/wp\/v2\/comments?post=5758"}],"wp:featuredmedia":[{"embeddable":true,"href":"https:\/\/marvelousnutrition.com\/pt\/wp-json\/wp\/v2\/media\/5820"}],"wp:attachment":[{"href":"https:\/\/marvelousnutrition.com\/pt\/wp-json\/wp\/v2\/media?parent=5758"}],"wp:term":[{"taxonomy":"product_cat","embeddable":true,"href":"https:\/\/marvelousnutrition.com\/pt\/wp-json\/wp\/v2\/product_cat?post=5758"},{"taxonomy":"product_tag","embeddable":true,"href":"https:\/\/marvelousnutrition.com\/pt\/wp-json\/wp\/v2\/product_tag?post=5758"}],"curies":[{"name":"wp","href":"https:\/\/api.w.org\/{rel}","templated":true}]}}