{"id":5757,"date":"2025-11-05T09:27:06","date_gmt":"2025-11-05T09:27:06","guid":{"rendered":"https:\/\/marvelousnutrition.com\/?post_type=product&#038;p=5757"},"modified":"2026-03-15T23:40:46","modified_gmt":"2026-03-15T23:40:46","slug":"code-x","status":"publish","type":"product","link":"https:\/\/marvelousnutrition.com\/pt\/produto\/codigo-x\/","title":{"rendered":"C\u00f3digo X"},"content":{"rendered":"<h6>Ingredientes:<\/h6>\n<p><strong>2 C\u00e1psulas Multivitam\u00ednicas:<\/strong> Agente de volume (celulose microcristalina), carbonato de c\u00e1lcio, \u00e1cido L-asc\u00f3rbico, gelatina bovina (como revestimento da c\u00e1psula), \u00f3xido de magn\u00e9sio, beta-caroteno, sulfato de ferro (II), nicotinamida, acetato de DL-alfa-tocoferila, D-pantotenato de c\u00e1lcio, bitartarato de colina, iodeto de pot\u00e1ssio, \u00f3xido de zinco, inositol, sulfato de mangan\u00eas (II), cianocobalamina, D-biotina, cloridrato de piridoxina, corante (\u00f3xido de ferro), monoidratado de tiamina, riboflavina, sulfato de cobre (II), folato.<\/p>\n<p><strong>C\u00e1psula de gelatina mole com \u00f3leo de peixe:<\/strong> \u00d3leo de peixe, c\u00e1psula (gelatina, glicerina, \u00e1gua purificada), antioxidante (DL-alfa-tocoferol).<\/p>\n<p><strong>Comprimido CA-MG:<\/strong> Carbonato de c\u00e1lcio, \u00f3xido de magn\u00e9sio, agente de volume (celulose microcristalina), antiaglomerante (estearato de magn\u00e9sio).<\/p>\n<p><strong>C\u00e1psula de Complexo C:<\/strong> \u00c1cido L-asc\u00f3rbico, gelatina bovina (como c\u00e1psula), complexo de bioflavonoides c\u00edtricos, extrato de rosa mosqueta (fruto) 20:1, extrato de Vitis vinifera (semente) 120:1, corante (\u00f3xido de ferro), Bioperine\u00ae (extrato de Piper nigrum (fruto) 50:1).<br \/>\n<em>Bioperine\u00ae \u00e9 uma marca registrada licenciada da Sabinsa Europe GmbH.<\/em><\/p>\n<p><strong>C\u00e1psula do Complexo Articular:<\/strong> Sulfato de D-glucosamina 2KCL, metilsulfonilmetano (MSM), gelatina bovina (como c\u00e1psula), \u00e1cido L-asc\u00f3rbico, sulfato de condroitina, acetato de DL-alfa-tocoferila, corante (\u00f3xido de ferro).<\/p>\n<p><strong>C\u00e1psula de gelatina mole com lecitina de soja:<\/strong> Lecitina de soja (71%), c\u00e1psula (gelatina, glicerina, \u00e1gua purificada).<\/p>\n<h6>Como Usar:<\/h6>\n<p>Tome um pacote com o caf\u00e9 da manh\u00e3 ou qualquer outra refei\u00e7\u00e3o, acompanhado de bastante \u00e1gua.<\/p>\n<h6>Armazenamento:<\/h6>\n<p>Armazenar em local seco, ap\u00f3s a abertura.<\/p>\n<h6>Peso L\u00edquido:<\/h6>\n<p>250g \/ 30 embalagens com 7 c\u00e1psulas cada<a href=\"https:\/\/marvelousnutrition.com\/wp-content\/uploads\/2025\/11\/codex-scaled.png\"><img fetchpriority=\"high\" decoding=\"async\" class=\"alignnone size-medium wp-image-6350\" src=\"https:\/\/marvelousnutrition.com\/wp-content\/uploads\/2025\/11\/codex-284x300.png\" alt=\"\" width=\"284\" height=\"300\" srcset=\"https:\/\/marvelousnutrition.com\/wp-content\/uploads\/2025\/11\/codex-284x300.png 284w, https:\/\/marvelousnutrition.com\/wp-content\/uploads\/2025\/11\/codex-970x1024.png 970w, https:\/\/marvelousnutrition.com\/wp-content\/uploads\/2025\/11\/codex-768x811.png 768w, https:\/\/marvelousnutrition.com\/wp-content\/uploads\/2025\/11\/codex-1455x1536.png 1455w, https:\/\/marvelousnutrition.com\/wp-content\/uploads\/2025\/11\/codex-1940x2048.png 1940w, https:\/\/marvelousnutrition.com\/wp-content\/uploads\/2025\/11\/codex-11x12.png 11w, https:\/\/marvelousnutrition.com\/wp-content\/uploads\/2025\/11\/codex-800x844.png 800w\" sizes=\"(max-width: 284px) 100vw, 284px\" \/><\/a><\/p>\n<p>&nbsp;<\/p>","protected":false},"excerpt":{"rendered":"<p>CODEX cont\u00e9m uma alta dose de vitamina C (1,3g), extratos de ervas para melhorar a sa\u00fade e uma dosagem de \u00f4mega 3. .<\/p>\n<p>CODEX cont\u00e9m MSM, sulfato de glucosamina e sulfato de condroitina para fortalecer ossos e ligamentos e prevenir les\u00f5es.<\/p>\n<p>CODEX cont\u00e9m lecitina de soja para melhorar a sa\u00fade do cora\u00e7\u00e3o e o perfil lip\u00eddico.<\/p>\n<p>\u2013 Cada embalagem cont\u00e9m 7 comprimidos<\/p>\n<p>\u2013 Suporte cerebral, digest\u00e3o, hidrata\u00e7\u00e3o, suporte anab\u00f3lico e produ\u00e7\u00e3o de energia, ossos e ligamentos fortes.<\/p>\n<p>\u2013 Ingredientes de alta qualidade<\/p>\n<p>\u2013 Promove a sa\u00fade, o bem-estar, a recupera\u00e7\u00e3o e o antienvelhecimento.<\/p>","protected":false},"featured_media":5833,"comment_status":"closed","ping_status":"closed","template":"","meta":[],"product_cat":[234,210],"product_tag":[],"class_list":{"0":"post-5757","1":"product","2":"type-product","3":"status-publish","4":"has-post-thumbnail","6":"product_cat-marvelous-line","7":"product_cat-multivitamins","9":"first","10":"outofstock","11":"shipping-taxable","12":"purchasable","13":"product-type-simple"},"_links":{"self":[{"href":"https:\/\/marvelousnutrition.com\/pt\/wp-json\/wp\/v2\/product\/5757","targetHints":{"allow":["GET"]}}],"collection":[{"href":"https:\/\/marvelousnutrition.com\/pt\/wp-json\/wp\/v2\/product"}],"about":[{"href":"https:\/\/marvelousnutrition.com\/pt\/wp-json\/wp\/v2\/types\/product"}],"replies":[{"embeddable":true,"href":"https:\/\/marvelousnutrition.com\/pt\/wp-json\/wp\/v2\/comments?post=5757"}],"wp:featuredmedia":[{"embeddable":true,"href":"https:\/\/marvelousnutrition.com\/pt\/wp-json\/wp\/v2\/media\/5833"}],"wp:attachment":[{"href":"https:\/\/marvelousnutrition.com\/pt\/wp-json\/wp\/v2\/media?parent=5757"}],"wp:term":[{"taxonomy":"product_cat","embeddable":true,"href":"https:\/\/marvelousnutrition.com\/pt\/wp-json\/wp\/v2\/product_cat?post=5757"},{"taxonomy":"product_tag","embeddable":true,"href":"https:\/\/marvelousnutrition.com\/pt\/wp-json\/wp\/v2\/product_tag?post=5757"}],"curies":[{"name":"wp","href":"https:\/\/api.w.org\/{rel}","templated":true}]}}