{"id":5749,"date":"2025-11-05T09:27:03","date_gmt":"2025-11-05T09:27:03","guid":{"rendered":"https:\/\/marvelousnutrition.com\/?post_type=product&#038;p=5749"},"modified":"2025-12-24T17:51:06","modified_gmt":"2025-12-24T17:51:06","slug":"lean-af","status":"publish","type":"product","link":"https:\/\/marvelousnutrition.com\/pt\/produto\/magro-pra-caramba\/","title":{"rendered":"Magro pra caramba"},"content":{"rendered":"<h6>Ingredientes:<\/h6>\n<p>Prote\u00edna isolada do soro do leite microfiltrada por fluxo cruzado (derivada do leite e instant\u00e2nea com lecitina de girassol),<br \/>\nCacau em p\u00f3 com baixo teor de gordura, aromatizante (sabor chocolate), cloreto de s\u00f3dio, espessante (goma xantana).,<br \/>\nAdo\u00e7antes (acesulfame K, sucralose) e complexo enzim\u00e1tico Digezyme\u00ae (alfa-amilase, protease neutra, celulase, lactase, lipase).<\/p>\n<h6>Como Usar:<\/h6>\n<p>Misture 1 colher medidora (25 g) com 200 a 300 ml de \u00e1gua fria e agite vigorosamente.<br \/>\nTome uma por\u00e7\u00e3o imediatamente ap\u00f3s o treino ou sempre que desejar aumentar a ingest\u00e3o de prote\u00ednas.<\/p>\n<h6>Armazenamento:<\/h6>\n<p>Armazenar em local seco, ap\u00f3s a abertura.<\/p>\n<h6>Peso L\u00edquido:<\/h6>\n<p>2 kg \u2013 80 por\u00e7\u00f5es<\/p>\n<p>&nbsp;<\/p>","protected":false},"excerpt":{"rendered":"<p>O isolado de prote\u00edna de soro de leite da CFM \u00e9 considerado uma das formas de prote\u00edna de soro de leite de mais alta qualidade dispon\u00edveis, pois cont\u00e9m uma porcentagem muito alta de prote\u00edna em peso, frequentemente acima de 90%.<\/p>\n<p>Este tipo de prote\u00edna isolada do soro do leite \u00e9 comumente usado por atletas, fisiculturistas e entusiastas do fitness para auxiliar no crescimento muscular, recupera\u00e7\u00e3o e suprir as necessidades proteicas em geral. Pode ser consumido como um shake p\u00f3s-treino ou como uma fonte pr\u00e1tica de prote\u00edna de alta qualidade ao longo do dia.<\/p>\n<p>Isolado de prote\u00edna de soro de leite Premium 100% CFM<\/p>\n<p>1- Sem adi\u00e7\u00e3o de amino\u00e1cidos<\/p>\n<p>2- zero lactose<\/p>\n<p>3 - Baixo teor de gordura<\/p>\n<p>4- Zero a\u00e7\u00facar adicionado<\/p>","protected":false},"featured_media":5864,"comment_status":"closed","ping_status":"closed","template":"","meta":[],"product_cat":[234,200],"product_tag":[],"class_list":{"0":"post-5749","1":"product","2":"type-product","3":"status-publish","4":"has-post-thumbnail","6":"product_cat-marvelous-line","7":"product_cat-protein-and-eaa","9":"first","10":"instock","11":"shipping-taxable","12":"purchasable","13":"product-type-variable"},"_links":{"self":[{"href":"https:\/\/marvelousnutrition.com\/pt\/wp-json\/wp\/v2\/product\/5749","targetHints":{"allow":["GET"]}}],"collection":[{"href":"https:\/\/marvelousnutrition.com\/pt\/wp-json\/wp\/v2\/product"}],"about":[{"href":"https:\/\/marvelousnutrition.com\/pt\/wp-json\/wp\/v2\/types\/product"}],"replies":[{"embeddable":true,"href":"https:\/\/marvelousnutrition.com\/pt\/wp-json\/wp\/v2\/comments?post=5749"}],"wp:featuredmedia":[{"embeddable":true,"href":"https:\/\/marvelousnutrition.com\/pt\/wp-json\/wp\/v2\/media\/5864"}],"wp:attachment":[{"href":"https:\/\/marvelousnutrition.com\/pt\/wp-json\/wp\/v2\/media?parent=5749"}],"wp:term":[{"taxonomy":"product_cat","embeddable":true,"href":"https:\/\/marvelousnutrition.com\/pt\/wp-json\/wp\/v2\/product_cat?post=5749"},{"taxonomy":"product_tag","embeddable":true,"href":"https:\/\/marvelousnutrition.com\/pt\/wp-json\/wp\/v2\/product_tag?post=5749"}],"curies":[{"name":"wp","href":"https:\/\/api.w.org\/{rel}","templated":true}]}}