{"id":5748,"date":"2025-11-05T09:27:03","date_gmt":"2025-11-05T09:27:03","guid":{"rendered":"https:\/\/marvelousnutrition.com\/?post_type=product&#038;p=5748"},"modified":"2026-03-15T23:39:56","modified_gmt":"2026-03-15T23:39:56","slug":"testoman","status":"publish","type":"product","link":"https:\/\/marvelousnutrition.com\/pt\/produto\/testoman\/","title":{"rendered":"Testoman"},"content":{"rendered":"<h6>Ingredientes:<\/h6>\n<p>\u00c1cido D-asp\u00e1rtico, gelatina bovina (c\u00e1psula), extrato seco de ashwagandha (Withania somnifera (L.) Dunal, raiz) 5:1, extrato seco de maca (Lepidium meyenii Walper, raiz) 10:1, L-carnitina-L-tartarato, extrato seco de feno-grego (Trigonella foenum-graecum L., sementes), \u00f3xido de magn\u00e9sio, extrato de Serenoa repens (fruto) 4:1, \u00f3xido de zinco, cloridrato de piridoxina (vitamina B6), corante (\u00f3xido de ferro) e colecalciferol (vitamina D3).<\/p>\n<h6>Como Usar:<\/h6>\n<p>Tome uma dose (4 c\u00e1psulas) antes do treino.<\/p>\n<h6>Descri\u00e7\u00e3o:<\/h6>\n<p>Uma f\u00f3rmula poderosa para suporte da testosterona, desenvolvida para ajudar a aumentar a for\u00e7a, a energia e a resist\u00eancia de forma natural. Ela combina extratos de ervas potentes e vitaminas essenciais para promover o equil\u00edbrio hormonal, o desempenho muscular e a vitalidade geral.<\/p>\n<h6>Armazenamento:<\/h6>\n<p>Armazenar em local seco, ap\u00f3s a abertura.<\/p>\n<h6>Quantidade:<\/h6>\n<p>120 C\u00e1psulas<a href=\"https:\/\/marvelousnutrition.com\/wp-content\/uploads\/2025\/11\/testoman-scaled.png\"><img fetchpriority=\"high\" decoding=\"async\" class=\"alignnone size-medium wp-image-6349\" src=\"https:\/\/marvelousnutrition.com\/wp-content\/uploads\/2025\/11\/testoman-300x293.png\" alt=\"\" width=\"300\" height=\"293\" srcset=\"https:\/\/marvelousnutrition.com\/wp-content\/uploads\/2025\/11\/testoman-300x293.png 300w, https:\/\/marvelousnutrition.com\/wp-content\/uploads\/2025\/11\/testoman-1024x1000.png 1024w, https:\/\/marvelousnutrition.com\/wp-content\/uploads\/2025\/11\/testoman-768x750.png 768w, https:\/\/marvelousnutrition.com\/wp-content\/uploads\/2025\/11\/testoman-1536x1500.png 1536w, https:\/\/marvelousnutrition.com\/wp-content\/uploads\/2025\/11\/testoman-2048x2000.png 2048w, https:\/\/marvelousnutrition.com\/wp-content\/uploads\/2025\/11\/testoman-12x12.png 12w, https:\/\/marvelousnutrition.com\/wp-content\/uploads\/2025\/11\/testoman-800x781.png 800w, https:\/\/marvelousnutrition.com\/wp-content\/uploads\/2025\/11\/testoman-50x50.png 50w\" sizes=\"(max-width: 300px) 100vw, 300px\" \/><\/a><\/p>\n<p>&nbsp;<\/p>","protected":false},"excerpt":{"rendered":"<p>TESTO MAN \u00e9 a solu\u00e7\u00e3o natural definitiva com m\u00faltiplas vias de a\u00e7\u00e3o para apoiar a produ\u00e7\u00e3o natural de testosterona. TESTO MAN \u00e9 um suplemento para aumentar a testosterona que atua estimulando a produ\u00e7\u00e3o natural de testosterona do seu corpo, enquanto controla o estrog\u00eanio.<\/p>\n<p>TESTO MAN\u2122 \u00e9 um suplemento para aumento de testosterona altamente avan\u00e7ado e sin\u00e9rgico, com propriedades reguladoras de cortisol e estrog\u00eanio. Os compostos em cada dose de quatro c\u00e1psulas s\u00e3o especificamente dosados para induzir um estado anab\u00f3lico incompar\u00e1vel.<\/p>\n<p>\u2022 Estimulante de Testosterona<\/p>\n<p>\u2022 Propriedades antiestrog\u00eanicas<\/p>\n<p>\u2022 Controle total do cortisol<\/p>\n<p>\u2022 Suporte para a pr\u00f3stata<\/p>\n<p>\u2022 Mistura PCT perfeita<\/p>\n<p>TESTO MAN\u2122 cont\u00e9m uma dose clinicamente comprovada de \u00e1cido D-asp\u00e1rtico, um potente amino\u00e1cido que demonstrou aumentar os n\u00edveis de testosterona.<\/p>\n<p>TESTO MAN\u2122 cont\u00e9m extrato de maca e extrato de Tribulus terrestris com saponinas 90%, utilizadas desde a antiguidade como fonte alimentar para promover resist\u00eancia, energia e fun\u00e7\u00f5es sexuais saud\u00e1veis. Estudos cient\u00edficos mais recentes demonstraram que a maca auxilia no equil\u00edbrio hormonal e na sa\u00fade reprodutiva masculina e feminina. Os diversos componentes ativos da maca incluem alcaloides, saponinas e taninos.<\/p>\n<p>TESTO MAN\u2122 cont\u00e9m Saw Palmetto, um extrato bot\u00e2nico conhecido por auxiliar na manuten\u00e7\u00e3o de um fluxo urin\u00e1rio saud\u00e1vel e na fun\u00e7\u00e3o da pr\u00f3stata.<\/p>\n<p>TESTO MAN\u2122 cont\u00e9m L-Carnitina-L Tartarato, que pode levar a um aumento significativo no conte\u00fado de receptores de andr\u00f3genos no tecido muscular, resultando em maior s\u00edntese proteica, o que significa, literalmente, mais m\u00fasculos.<\/p>","protected":false},"featured_media":6226,"comment_status":"closed","ping_status":"closed","template":"","meta":[],"product_cat":[234,235],"product_tag":[],"class_list":{"0":"post-5748","1":"product","2":"type-product","3":"status-publish","4":"has-post-thumbnail","6":"product_cat-marvelous-line","7":"product_cat-test-booster","9":"first","10":"instock","11":"shipping-taxable","12":"purchasable","13":"product-type-simple"},"_links":{"self":[{"href":"https:\/\/marvelousnutrition.com\/pt\/wp-json\/wp\/v2\/product\/5748","targetHints":{"allow":["GET"]}}],"collection":[{"href":"https:\/\/marvelousnutrition.com\/pt\/wp-json\/wp\/v2\/product"}],"about":[{"href":"https:\/\/marvelousnutrition.com\/pt\/wp-json\/wp\/v2\/types\/product"}],"replies":[{"embeddable":true,"href":"https:\/\/marvelousnutrition.com\/pt\/wp-json\/wp\/v2\/comments?post=5748"}],"wp:featuredmedia":[{"embeddable":true,"href":"https:\/\/marvelousnutrition.com\/pt\/wp-json\/wp\/v2\/media\/6226"}],"wp:attachment":[{"href":"https:\/\/marvelousnutrition.com\/pt\/wp-json\/wp\/v2\/media?parent=5748"}],"wp:term":[{"taxonomy":"product_cat","embeddable":true,"href":"https:\/\/marvelousnutrition.com\/pt\/wp-json\/wp\/v2\/product_cat?post=5748"},{"taxonomy":"product_tag","embeddable":true,"href":"https:\/\/marvelousnutrition.com\/pt\/wp-json\/wp\/v2\/product_tag?post=5748"}],"curies":[{"name":"wp","href":"https:\/\/api.w.org\/{rel}","templated":true}]}}