{"id":5741,"date":"2025-11-05T09:27:03","date_gmt":"2025-11-05T09:27:03","guid":{"rendered":"https:\/\/marvelousnutrition.com\/?post_type=product&#038;p=5741"},"modified":"2026-03-16T19:59:26","modified_gmt":"2026-03-16T19:59:26","slug":"vitamin","status":"publish","type":"product","link":"https:\/\/marvelousnutrition.com\/pt\/produto\/vitamina\/","title":{"rendered":"Vitamina"},"content":{"rendered":"<h6>Como Usar:<\/h6>\n<p>Tomar 1 c\u00e1psula por dia.<\/p>\n<h6>Descri\u00e7\u00e3o:<\/h6>\n<p>Este complexo vitam\u00ednico oferece uma poderosa combina\u00e7\u00e3o de vitaminas e minerais de alta qualidade para maximizar o desempenho do atleta atrav\u00e9s de uma nutri\u00e7\u00e3o superior.<br \/>\nSua f\u00f3rmula cont\u00e9m n\u00edveis elevados de antioxidantes para ajudar a combater o estresse oxidativo causado por atividades f\u00edsicas intensas.<\/p>\n<h6>Benef\u00edcios do produto:<\/h6>\n<ul>\n<li>Promove a sa\u00fade geral, o funcionamento do sistema imunol\u00f3gico e a produ\u00e7\u00e3o natural de horm\u00f4nios.<\/li>\n<li>Fortalece a sa\u00fade das articula\u00e7\u00f5es, dos ossos e do trato gastrointestinal.<\/li>\n<li>Aumenta os n\u00edveis naturais de energia.<\/li>\n<li>Melhora o foco mental e o humor geral.<\/li>\n<li>Reduz a fadiga f\u00edsica e mental.<\/li>\n<\/ul>\n<h6>Ingredientes:<\/h6>\n<p>Mistura de Vitaminas e Minerais (\u00c1cido L-Asc\u00f3rbico, Carbonato de C\u00e1lcio, \u00d3xido de Magn\u00e9sio, Nicotinamida, D-Pantotenato de C\u00e1lcio, Sulfato Ferroso, Acetato de DL-\u03b1-Tocoferila, Tartarato de Colina, \u00d3xido de Zinco, Inositol, Beta-Caroteno, Cloridrato de Piridoxina, Mononitrato de Tiamina, Riboflavina, Sulfato de Mangan\u00eas, Sulfato C\u00faprico, \u00c1cido Pteroilmonoglut\u00e2mico, Iodeto de Pot\u00e1ssio, D-Biotina, Cianocobalamina, Maltodextrina),<br \/>\nAgente de volume (celulose microcristalina),<br \/>\nInv\u00f3lucro da c\u00e1psula (hipromelose),<br \/>\nComplexo Enzim\u00e1tico DigeZyme\u00ae (Alfa-Amilase, Protease Neutra, Celulase, Lactase, Lipase).<\/p>\n<p><a href=\"https:\/\/marvelousnutrition.com\/wp-content\/uploads\/2025\/11\/vitamn-88-gawel-scaled.png\"><img fetchpriority=\"high\" decoding=\"async\" class=\"alignnone size-medium wp-image-6385\" src=\"https:\/\/marvelousnutrition.com\/wp-content\/uploads\/2025\/11\/vitamn-88-gawel-180x300.png\" alt=\"\" width=\"180\" height=\"300\" srcset=\"https:\/\/marvelousnutrition.com\/wp-content\/uploads\/2025\/11\/vitamn-88-gawel-180x300.png 180w, https:\/\/marvelousnutrition.com\/wp-content\/uploads\/2025\/11\/vitamn-88-gawel-613x1024.png 613w, https:\/\/marvelousnutrition.com\/wp-content\/uploads\/2025\/11\/vitamn-88-gawel-768x1283.png 768w, https:\/\/marvelousnutrition.com\/wp-content\/uploads\/2025\/11\/vitamn-88-gawel-919x1536.png 919w, https:\/\/marvelousnutrition.com\/wp-content\/uploads\/2025\/11\/vitamn-88-gawel-1226x2048.png 1226w, https:\/\/marvelousnutrition.com\/wp-content\/uploads\/2025\/11\/vitamn-88-gawel-7x12.png 7w, https:\/\/marvelousnutrition.com\/wp-content\/uploads\/2025\/11\/vitamn-88-gawel-800x1337.png 800w, https:\/\/marvelousnutrition.com\/wp-content\/uploads\/2025\/11\/vitamn-88-gawel-scaled.png 1532w\" sizes=\"(max-width: 180px) 100vw, 180px\" \/><\/a><\/p>","protected":false},"excerpt":{"rendered":"<p>O suplemento vitam\u00ednico oferece uma poderosa combina\u00e7\u00e3o de vitaminas e minerais da mais alta qualidade para maximizar o potencial do atleta por meio de uma nutri\u00e7\u00e3o superior. Sua f\u00f3rmula cont\u00e9m n\u00edveis elevados de antioxidantes para ajudar a neutralizar o estresse oxidativo causado por atividades f\u00edsicas intensas.<\/p>","protected":false},"featured_media":5866,"comment_status":"closed","ping_status":"closed","template":"","meta":[],"product_cat":[229,210],"product_tag":[],"class_list":{"0":"post-5741","1":"product","2":"type-product","3":"status-publish","4":"has-post-thumbnail","6":"product_cat-loaded-ingredients","7":"product_cat-multivitamins","9":"first","10":"instock","11":"shipping-taxable","12":"purchasable","13":"product-type-simple"},"_links":{"self":[{"href":"https:\/\/marvelousnutrition.com\/pt\/wp-json\/wp\/v2\/product\/5741","targetHints":{"allow":["GET"]}}],"collection":[{"href":"https:\/\/marvelousnutrition.com\/pt\/wp-json\/wp\/v2\/product"}],"about":[{"href":"https:\/\/marvelousnutrition.com\/pt\/wp-json\/wp\/v2\/types\/product"}],"replies":[{"embeddable":true,"href":"https:\/\/marvelousnutrition.com\/pt\/wp-json\/wp\/v2\/comments?post=5741"}],"wp:featuredmedia":[{"embeddable":true,"href":"https:\/\/marvelousnutrition.com\/pt\/wp-json\/wp\/v2\/media\/5866"}],"wp:attachment":[{"href":"https:\/\/marvelousnutrition.com\/pt\/wp-json\/wp\/v2\/media?parent=5741"}],"wp:term":[{"taxonomy":"product_cat","embeddable":true,"href":"https:\/\/marvelousnutrition.com\/pt\/wp-json\/wp\/v2\/product_cat?post=5741"},{"taxonomy":"product_tag","embeddable":true,"href":"https:\/\/marvelousnutrition.com\/pt\/wp-json\/wp\/v2\/product_tag?post=5741"}],"curies":[{"name":"wp","href":"https:\/\/api.w.org\/{rel}","templated":true}]}}