{"id":5740,"date":"2025-11-05T09:27:02","date_gmt":"2025-11-05T09:27:02","guid":{"rendered":"https:\/\/marvelousnutrition.com\/?post_type=product&#038;p=5740"},"modified":"2025-11-07T10:01:41","modified_gmt":"2025-11-07T10:01:41","slug":"citrulline-malate","status":"publish","type":"product","link":"https:\/\/marvelousnutrition.com\/pt\/produto\/malato-de-citrulina\/","title":{"rendered":"malato de citrulina"},"content":{"rendered":"<h6>Como Usar:<\/h6>\n<p>Tome 3g 30 minutos antes do treino.<\/p>\n<h6>Descri\u00e7\u00e3o:<\/h6>\n<p>100% Malato de L-citrulina da mais alta qualidade, sem aditivos.<br \/>\nResultante da fermenta\u00e7\u00e3o vegana de L-citrulina, auxilia na produ\u00e7\u00e3o de \u00f3xido n\u00edtrico, facilitando a entrada de mais oxig\u00eanio nos m\u00fasculos e aumentando a vasodilata\u00e7\u00e3o.<\/p>\n<p>O consumo de malato de citrulina pode contribuir para o seguinte:<\/p>\n<ul>\n<li>Pode ajudar a reduzir a fadiga muscular e aumentar a resist\u00eancia.<\/li>\n<li>Pode ajudar a reduzir a dor muscular e melhorar a recupera\u00e7\u00e3o.<\/li>\n<li>Pode aumentar a produ\u00e7\u00e3o de \u00f3xido n\u00edtrico.<\/li>\n<\/ul>\n<h6>Ingredientes:<\/h6>\n<p>Malato de citrulina<\/p>\n<h6>Informa\u00e7\u00f5es nutricionais:<\/h6>\n<table style=\"width:100%; border-collapse: collapse; background-color: #f0f0f0; color: #333; border: 1px solid #ccc;\">\n<tr>\n<td colspan=\"3\" style=\"text-align:center; font-weight:bold; padding: 8px;\">Por\u00e7\u00f5es por embalagem: 100 por\u00e7\u00f5es<\/td>\n<\/tr>\n<tr>\n<td colspan=\"3\" style=\"text-align:center; font-weight:bold; padding: 8px;\">Por\u00e7\u00e3o: 3g<\/td>\n<\/tr>\n<tr style=\"background-color: #d9d9d9; font-weight:bold;\">\n<th style=\"padding: 8px; border: 1px solid #ccc;\">Ingredientes<\/th>\n<th style=\"padding: 8px; border: 1px solid #ccc;\">Quantidade por dose<\/th>\n<th style=\"padding: 8px; border: 1px solid #ccc;\">NRV<\/th>\n<\/tr>\n<tr>\n<td style=\"padding: 8px; border: 1px solid #ccc;\">Malato de citrulina (2:1)<\/td>\n<td style=\"padding: 8px; border: 1px solid #ccc;\">3000mg<\/td>\n<td style=\"padding: 8px; border: 1px solid #ccc;\">\u2013<\/td>\n<\/tr>\n<\/table>","protected":false},"excerpt":{"rendered":"<p>O resultado da fermenta\u00e7\u00e3o vegana, a L-citrulina, auxilia na produ\u00e7\u00e3o de \u00f3xido n\u00edtrico, facilitando maior oxigena\u00e7\u00e3o dos m\u00fasculos e promovendo maior vasodilata\u00e7\u00e3o.<\/p>","protected":false},"featured_media":5844,"comment_status":"closed","ping_status":"closed","template":"","meta":[],"product_cat":[134,228],"product_tag":[],"class_list":{"0":"post-5740","1":"product","2":"type-product","3":"status-publish","4":"has-post-thumbnail","6":"product_cat-amino-acid","7":"product_cat-old-school","9":"first","10":"instock","11":"shipping-taxable","12":"purchasable","13":"product-type-simple"},"_links":{"self":[{"href":"https:\/\/marvelousnutrition.com\/pt\/wp-json\/wp\/v2\/product\/5740","targetHints":{"allow":["GET"]}}],"collection":[{"href":"https:\/\/marvelousnutrition.com\/pt\/wp-json\/wp\/v2\/product"}],"about":[{"href":"https:\/\/marvelousnutrition.com\/pt\/wp-json\/wp\/v2\/types\/product"}],"replies":[{"embeddable":true,"href":"https:\/\/marvelousnutrition.com\/pt\/wp-json\/wp\/v2\/comments?post=5740"}],"wp:featuredmedia":[{"embeddable":true,"href":"https:\/\/marvelousnutrition.com\/pt\/wp-json\/wp\/v2\/media\/5844"}],"wp:attachment":[{"href":"https:\/\/marvelousnutrition.com\/pt\/wp-json\/wp\/v2\/media?parent=5740"}],"wp:term":[{"taxonomy":"product_cat","embeddable":true,"href":"https:\/\/marvelousnutrition.com\/pt\/wp-json\/wp\/v2\/product_cat?post=5740"},{"taxonomy":"product_tag","embeddable":true,"href":"https:\/\/marvelousnutrition.com\/pt\/wp-json\/wp\/v2\/product_tag?post=5740"}],"curies":[{"name":"wp","href":"https:\/\/api.w.org\/{rel}","templated":true}]}}