{"id":5733,"date":"2025-11-05T09:27:02","date_gmt":"2025-11-05T09:27:02","guid":{"rendered":"https:\/\/marvelousnutrition.com\/?post_type=product&#038;p=5733"},"modified":"2026-03-15T23:41:30","modified_gmt":"2026-03-15T23:41:30","slug":"beta-alanine","status":"publish","type":"product","link":"https:\/\/marvelousnutrition.com\/pt\/produto\/beta-alanina\/","title":{"rendered":"Beta alanina"},"content":{"rendered":"<h6>Como Usar:<\/h6>\n<p>Tome 3g 30 minutos antes do treino.<\/p>\n<h6>Descri\u00e7\u00e3o:<\/h6>\n<p>100% Beta-Alanina da mais alta qualidade, sem aditivos.<\/p>\n<p>A beta-alanina \u00e9 um amino\u00e1cido n\u00e3o essencial que, segundo pesquisas, aumenta as concentra\u00e7\u00f5es de carnosina muscular. Ao promover altas concentra\u00e7\u00f5es de carnosina intramuscular, ela atua na redu\u00e7\u00e3o da acidifica\u00e7\u00e3o intramuscular causada por exerc\u00edcios intensos e treinamento pesado.<\/p>\n<p><strong>BETA-ALANINA<\/strong> Retarda a fadiga muscular, permitindo que voc\u00ea aumente seu desempenho.<\/p>\n<p>O consumo de beta-alanina pode contribuir para o seguinte:<\/p>\n<ul>\n<li>Aumentar a for\u00e7a e a pot\u00eancia<\/li>\n<li>Aumentar a resist\u00eancia muscular<\/li>\n<li>Treine com maior intensidade<\/li>\n<\/ul>\n<p><a href=\"https:\/\/marvelousnutrition.com\/wp-content\/uploads\/2025\/11\/beta-alnine-black-gadwel-1-scaled.png\"><img decoding=\"async\" class=\"alignnone size-medium wp-image-6351\" src=\"https:\/\/marvelousnutrition.com\/wp-content\/uploads\/2025\/11\/beta-alnine-black-gadwel-1-300x25.png\" alt=\"\" width=\"300\" height=\"25\" srcset=\"https:\/\/marvelousnutrition.com\/wp-content\/uploads\/2025\/11\/beta-alnine-black-gadwel-1-300x25.png 300w, https:\/\/marvelousnutrition.com\/wp-content\/uploads\/2025\/11\/beta-alnine-black-gadwel-1-1024x86.png 1024w, https:\/\/marvelousnutrition.com\/wp-content\/uploads\/2025\/11\/beta-alnine-black-gadwel-1-768x65.png 768w, https:\/\/marvelousnutrition.com\/wp-content\/uploads\/2025\/11\/beta-alnine-black-gadwel-1-1536x130.png 1536w, https:\/\/marvelousnutrition.com\/wp-content\/uploads\/2025\/11\/beta-alnine-black-gadwel-1-2048x173.png 2048w, https:\/\/marvelousnutrition.com\/wp-content\/uploads\/2025\/11\/beta-alnine-black-gadwel-1-18x2.png 18w, https:\/\/marvelousnutrition.com\/wp-content\/uploads\/2025\/11\/beta-alnine-black-gadwel-1-800x67.png 800w\" sizes=\"(max-width: 300px) 100vw, 300px\" \/><\/a><\/p>","protected":false},"excerpt":{"rendered":"<p>A beta-alanina \u00e9 um amino\u00e1cido n\u00e3o essencial que, segundo pesquisas, aumenta as concentra\u00e7\u00f5es de carnosina muscular. Ao promover altas concentra\u00e7\u00f5es intramusculares de carnosina, ela atua na redu\u00e7\u00e3o da acidifica\u00e7\u00e3o intramuscular causada por exerc\u00edcios intensos e treinamento pesado.<\/p>","protected":false},"featured_media":6224,"comment_status":"closed","ping_status":"closed","template":"","meta":[],"product_cat":[197,134,228],"product_tag":[],"class_list":{"0":"post-5733","1":"product","2":"type-product","3":"status-publish","4":"has-post-thumbnail","6":"product_cat-all-products","7":"product_cat-amino-acid","8":"product_cat-old-school","10":"first","11":"instock","12":"shipping-taxable","13":"purchasable","14":"product-type-simple"},"_links":{"self":[{"href":"https:\/\/marvelousnutrition.com\/pt\/wp-json\/wp\/v2\/product\/5733","targetHints":{"allow":["GET"]}}],"collection":[{"href":"https:\/\/marvelousnutrition.com\/pt\/wp-json\/wp\/v2\/product"}],"about":[{"href":"https:\/\/marvelousnutrition.com\/pt\/wp-json\/wp\/v2\/types\/product"}],"replies":[{"embeddable":true,"href":"https:\/\/marvelousnutrition.com\/pt\/wp-json\/wp\/v2\/comments?post=5733"}],"wp:featuredmedia":[{"embeddable":true,"href":"https:\/\/marvelousnutrition.com\/pt\/wp-json\/wp\/v2\/media\/6224"}],"wp:attachment":[{"href":"https:\/\/marvelousnutrition.com\/pt\/wp-json\/wp\/v2\/media?parent=5733"}],"wp:term":[{"taxonomy":"product_cat","embeddable":true,"href":"https:\/\/marvelousnutrition.com\/pt\/wp-json\/wp\/v2\/product_cat?post=5733"},{"taxonomy":"product_tag","embeddable":true,"href":"https:\/\/marvelousnutrition.com\/pt\/wp-json\/wp\/v2\/product_tag?post=5733"}],"curies":[{"name":"wp","href":"https:\/\/api.w.org\/{rel}","templated":true}]}}