{"id":5714,"date":"2025-11-05T09:26:58","date_gmt":"2025-11-05T09:26:58","guid":{"rendered":"https:\/\/marvelousnutrition.com\/?post_type=product&#038;p=5714"},"modified":"2026-03-15T23:49:54","modified_gmt":"2026-03-15T23:49:54","slug":"stage","status":"publish","type":"product","link":"https:\/\/marvelousnutrition.com\/pt\/produto\/estagio\/","title":{"rendered":"Est\u00e1gio"},"content":{"rendered":"<h6>Ingredientes:<\/h6>\n<p>Agente de volume: celulose microcristalina (E-460i), extrato seco de dente-de-le\u00e3o (Taraxacum officinale L., raiz), carbonato de c\u00e1lcio, extrato seco de uva-ursina (Arctostaphylos uva-ursi (L.) Spreng., folhas), extrato seco de cavalinha (Equisetum arvense L., partes a\u00e9reas), citrato de pot\u00e1ssio, \u00f3xido de magn\u00e9sio, extrato seco de zimbro (Juniperus communis L., fruto), antiaglomerante: sais de magn\u00e9sio de \u00e1cidos graxos (E-470b), extrato seco de pimenta-caiena (Capsicum annum L., fruto), c\u00e1psula (agente de revestimento: hidroxipropilmetilcelulose (E-464)).<\/p>\n<h6>Como Usar:<\/h6>\n<p>Tome 3 c\u00e1psulas com o caf\u00e9 da manh\u00e3.<\/p>\n<p><a href=\"https:\/\/marvelousnutrition.com\/wp-content\/uploads\/2025\/11\/stage-gadwel-scaled.png\"><img decoding=\"async\" class=\"alignnone size-medium wp-image-6362\" src=\"https:\/\/marvelousnutrition.com\/wp-content\/uploads\/2025\/11\/stage-gadwel-300x135.png\" alt=\"\" width=\"300\" height=\"135\" srcset=\"https:\/\/marvelousnutrition.com\/wp-content\/uploads\/2025\/11\/stage-gadwel-300x135.png 300w, https:\/\/marvelousnutrition.com\/wp-content\/uploads\/2025\/11\/stage-gadwel-1024x461.png 1024w, https:\/\/marvelousnutrition.com\/wp-content\/uploads\/2025\/11\/stage-gadwel-768x346.png 768w, https:\/\/marvelousnutrition.com\/wp-content\/uploads\/2025\/11\/stage-gadwel-1536x691.png 1536w, https:\/\/marvelousnutrition.com\/wp-content\/uploads\/2025\/11\/stage-gadwel-2048x922.png 2048w, https:\/\/marvelousnutrition.com\/wp-content\/uploads\/2025\/11\/stage-gadwel-18x8.png 18w, https:\/\/marvelousnutrition.com\/wp-content\/uploads\/2025\/11\/stage-gadwel-800x360.png 800w\" sizes=\"(max-width: 300px) 100vw, 300px\" \/><\/a><\/p>","protected":false},"excerpt":{"rendered":"<p>Stage \u00e9 um diur\u00e9tico herbal extremamente potente, formulado cientificamente para eliminar a reten\u00e7\u00e3o excessiva de l\u00edquidos. Sua f\u00f3rmula exclusiva atua reduzindo o incha\u00e7o e auxiliando na perda de gordura, tornando-o o diur\u00e9tico perfeito.<\/p>\n<h6>Benef\u00edcios do produto:<\/h6>\n<p><strong>Diur\u00e9tico herbal de m\u00e1xima pot\u00eancia para homens e mulheres!<\/strong><\/p>\n<p><strong>\u2013 Perda r\u00e1pida de \u00e1gua e aumento da defini\u00e7\u00e3o muscular!<\/strong><\/p>\n<p><strong>\u2013 Reduz o incha\u00e7o e auxilia na perda de gordura!<\/strong><\/p>","protected":false},"featured_media":5874,"comment_status":"closed","ping_status":"closed","template":"","meta":[],"product_cat":[229,210],"product_tag":[],"class_list":{"0":"post-5714","1":"product","2":"type-product","3":"status-publish","4":"has-post-thumbnail","6":"product_cat-loaded-ingredients","7":"product_cat-multivitamins","9":"first","10":"instock","11":"shipping-taxable","12":"purchasable","13":"product-type-simple"},"_links":{"self":[{"href":"https:\/\/marvelousnutrition.com\/pt\/wp-json\/wp\/v2\/product\/5714","targetHints":{"allow":["GET"]}}],"collection":[{"href":"https:\/\/marvelousnutrition.com\/pt\/wp-json\/wp\/v2\/product"}],"about":[{"href":"https:\/\/marvelousnutrition.com\/pt\/wp-json\/wp\/v2\/types\/product"}],"replies":[{"embeddable":true,"href":"https:\/\/marvelousnutrition.com\/pt\/wp-json\/wp\/v2\/comments?post=5714"}],"wp:featuredmedia":[{"embeddable":true,"href":"https:\/\/marvelousnutrition.com\/pt\/wp-json\/wp\/v2\/media\/5874"}],"wp:attachment":[{"href":"https:\/\/marvelousnutrition.com\/pt\/wp-json\/wp\/v2\/media?parent=5714"}],"wp:term":[{"taxonomy":"product_cat","embeddable":true,"href":"https:\/\/marvelousnutrition.com\/pt\/wp-json\/wp\/v2\/product_cat?post=5714"},{"taxonomy":"product_tag","embeddable":true,"href":"https:\/\/marvelousnutrition.com\/pt\/wp-json\/wp\/v2\/product_tag?post=5714"}],"curies":[{"name":"wp","href":"https:\/\/api.w.org\/{rel}","templated":true}]}}