{"id":5713,"date":"2025-11-05T09:26:58","date_gmt":"2025-11-05T09:26:58","guid":{"rendered":"https:\/\/marvelousnutrition.com\/?post_type=product&#038;p=5713"},"modified":"2026-03-15T23:49:11","modified_gmt":"2026-03-15T23:49:11","slug":"omega-3","status":"publish","type":"product","link":"https:\/\/marvelousnutrition.com\/pt\/produto\/omega-3\/","title":{"rendered":"\u00d4mega 3"},"content":{"rendered":"<h6>Como Usar:<\/h6>\n<p>Como suplemento alimentar, tome 2 c\u00e1psulas com o caf\u00e9 da manh\u00e3.<\/p>\n<h6>Descri\u00e7\u00e3o:<\/h6>\n<p>O \u00d4mega-3 da Marvelous Nutrition \u00e9 um \u00f3leo de peixe altamente purificado, oferecendo a melhor qualidade dispon\u00edvel no mercado, com uma excelente propor\u00e7\u00e3o entre EPA e DHA.<\/p>\n<p>O \u00f3leo de peixe \u00e9 composto por dois \u00e1cidos graxos essenciais \u00f4mega-3: EPA (\u00e1cido eicosapentaenoico) e DHA (\u00e1cido docosahexaenoico). Ele oferece poderosos benef\u00edcios anti-inflamat\u00f3rios e ajuda a reduzir os n\u00edveis de triglicer\u00eddeos. Associado \u00e0 melhora da sa\u00fade cardiovascular, \u00e0 redu\u00e7\u00e3o dos n\u00edveis de lip\u00eddios e \u00e0 diminui\u00e7\u00e3o da forma\u00e7\u00e3o de placas, tamb\u00e9m pode reduzir o risco de diabetes e certos tipos de c\u00e2ncer.<\/p>\n<p><a href=\"https:\/\/marvelousnutrition.com\/wp-content\/uploads\/2025\/11\/omega-3-gadwel-scaled.png\"><img decoding=\"async\" class=\"alignnone size-medium wp-image-6361\" src=\"https:\/\/marvelousnutrition.com\/wp-content\/uploads\/2025\/11\/omega-3-gadwel-300x119.png\" alt=\"\" width=\"300\" height=\"119\" srcset=\"https:\/\/marvelousnutrition.com\/wp-content\/uploads\/2025\/11\/omega-3-gadwel-300x119.png 300w, https:\/\/marvelousnutrition.com\/wp-content\/uploads\/2025\/11\/omega-3-gadwel-1024x407.png 1024w, https:\/\/marvelousnutrition.com\/wp-content\/uploads\/2025\/11\/omega-3-gadwel-768x305.png 768w, https:\/\/marvelousnutrition.com\/wp-content\/uploads\/2025\/11\/omega-3-gadwel-1536x610.png 1536w, https:\/\/marvelousnutrition.com\/wp-content\/uploads\/2025\/11\/omega-3-gadwel-2048x814.png 2048w, https:\/\/marvelousnutrition.com\/wp-content\/uploads\/2025\/11\/omega-3-gadwel-18x7.png 18w, https:\/\/marvelousnutrition.com\/wp-content\/uploads\/2025\/11\/omega-3-gadwel-800x318.png 800w\" sizes=\"(max-width: 300px) 100vw, 300px\" \/><\/a><\/p>\n<p>&nbsp;<\/p>","protected":false},"excerpt":{"rendered":"<p>O \u00f4mega 3 da Marvelous Nutrition \u00e9 uma forma altamente purificada de \u00f3leo de peixe, da melhor qualidade dispon\u00edvel no mercado, com uma \u00f3tima propor\u00e7\u00e3o entre EPA e DHA.<\/p>","protected":false},"featured_media":6216,"comment_status":"closed","ping_status":"closed","template":"","meta":[],"product_cat":[228,230],"product_tag":[],"class_list":{"0":"post-5713","1":"product","2":"type-product","3":"status-publish","4":"has-post-thumbnail","6":"product_cat-old-school","7":"product_cat-organ-support","9":"first","10":"outofstock","11":"shipping-taxable","12":"purchasable","13":"product-type-simple"},"_links":{"self":[{"href":"https:\/\/marvelousnutrition.com\/pt\/wp-json\/wp\/v2\/product\/5713","targetHints":{"allow":["GET"]}}],"collection":[{"href":"https:\/\/marvelousnutrition.com\/pt\/wp-json\/wp\/v2\/product"}],"about":[{"href":"https:\/\/marvelousnutrition.com\/pt\/wp-json\/wp\/v2\/types\/product"}],"replies":[{"embeddable":true,"href":"https:\/\/marvelousnutrition.com\/pt\/wp-json\/wp\/v2\/comments?post=5713"}],"wp:featuredmedia":[{"embeddable":true,"href":"https:\/\/marvelousnutrition.com\/pt\/wp-json\/wp\/v2\/media\/6216"}],"wp:attachment":[{"href":"https:\/\/marvelousnutrition.com\/pt\/wp-json\/wp\/v2\/media?parent=5713"}],"wp:term":[{"taxonomy":"product_cat","embeddable":true,"href":"https:\/\/marvelousnutrition.com\/pt\/wp-json\/wp\/v2\/product_cat?post=5713"},{"taxonomy":"product_tag","embeddable":true,"href":"https:\/\/marvelousnutrition.com\/pt\/wp-json\/wp\/v2\/product_tag?post=5713"}],"curies":[{"name":"wp","href":"https:\/\/api.w.org\/{rel}","templated":true}]}}