{"id":5712,"date":"2025-11-05T09:26:58","date_gmt":"2025-11-05T09:26:58","guid":{"rendered":"https:\/\/marvelousnutrition.com\/?post_type=product&#038;p=5712"},"modified":"2026-03-15T23:48:14","modified_gmt":"2026-03-15T23:48:14","slug":"h-b-v-c","status":"publish","type":"product","link":"https:\/\/marvelousnutrition.com\/pt\/produto\/hbvc\/","title":{"rendered":"HBVC"},"content":{"rendered":"<h6>Ingredientes:<\/h6>\n<p>Extrato seco de bergamota (<em>Citrus bergamia<\/em>, fruta), agente de volume: celulose microcristalina (E-460i), bisglicinato de magn\u00e9sio, Resveratrol 98% (<em>Polygonum cuspidatum<\/em>, raiz), extrato de soja fermentado, arroz fermentado com levedura vermelha (<em>Monascus purpureus<\/em>) valorizado em monacolina K, agente antiaglomerante: sais de magn\u00e9sio de \u00e1cidos graxos (E-470b), extrato seco de farelo de arroz (<em>Oryza sativa L.<\/em>) 90% policosan\u00f3is, extrato seco de pimenta-do-reino preta BioPerine\u00ae (<em>Piper nigrum L.<\/em>, fruta) 95% piperina, menaquinona (vitamina K2 MK-7), colecalciferol (vitamina D), c\u00e1psula (agente de revestimento: hidroxipropilmetilcelulose (E-464)).<\/p>\n<h6>Como Usar:<\/h6>\n<p>Tome 3 c\u00e1psulas com o caf\u00e9 da manh\u00e3.<\/p>\n<p><a href=\"https:\/\/marvelousnutrition.com\/wp-content\/uploads\/2025\/11\/hbvc-gadwel-scaled.png\"><img fetchpriority=\"high\" decoding=\"async\" class=\"alignnone size-medium wp-image-6360\" src=\"https:\/\/marvelousnutrition.com\/wp-content\/uploads\/2025\/11\/hbvc-gadwel-300x196.png\" alt=\"\" width=\"300\" height=\"196\" srcset=\"https:\/\/marvelousnutrition.com\/wp-content\/uploads\/2025\/11\/hbvc-gadwel-300x196.png 300w, https:\/\/marvelousnutrition.com\/wp-content\/uploads\/2025\/11\/hbvc-gadwel-1024x670.png 1024w, https:\/\/marvelousnutrition.com\/wp-content\/uploads\/2025\/11\/hbvc-gadwel-768x502.png 768w, https:\/\/marvelousnutrition.com\/wp-content\/uploads\/2025\/11\/hbvc-gadwel-1536x1005.png 1536w, https:\/\/marvelousnutrition.com\/wp-content\/uploads\/2025\/11\/hbvc-gadwel-2048x1339.png 2048w, https:\/\/marvelousnutrition.com\/wp-content\/uploads\/2025\/11\/hbvc-gadwel-18x12.png 18w, https:\/\/marvelousnutrition.com\/wp-content\/uploads\/2025\/11\/hbvc-gadwel-800x523.png 800w\" sizes=\"(max-width: 300px) 100vw, 300px\" \/><\/a><\/p>","protected":false},"excerpt":{"rendered":"<p>HBVC \u00e9 um suplemento alimentar cuidadosamente formulado para promover a sa\u00fade e o bem-estar geral. Sua f\u00f3rmula avan\u00e7ada combina extratos naturais, vitaminas essenciais e nutrientes ben\u00e9ficos. Os principais ingredientes incluem:<\/p>\n<p>&nbsp;<\/p>\n<p>Extrato seco de bergamota (Citrus bergamia) para a sa\u00fade cardiovascular.<\/p>\n<p>- Bisglicinato de magn\u00e9sio para promover a fun\u00e7\u00e3o muscular e reduzir a fadiga.<\/p>\n<p>-Resveratrol (98%, de Polygonum cuspidatum) como um potente antioxidante.<\/p>\n<p>-Extrato de soja fermentada e arroz vermelho fermentado (rico em monacolina K) para auxiliar no controle do colesterol.<\/p>\n<p>-Extrato de farelo de arroz (90% Policosan\u00f3is) para o metabolismo lip\u00eddico.<\/p>\n<p>-Extrato de pimenta-do-reino BioPerine\u00ae (piperina 95%) para melhorar a absor\u00e7\u00e3o de nutrientes.<\/p>\n<p>Vitamina K2 (MK-7) e vitamina D3 (colecalciferol) para a sa\u00fade \u00f3ssea e card\u00edaca.<\/p>\n<p>A HBVC, encapsulada em c\u00e1psulas de origem vegetal, garante uma absor\u00e7\u00e3o eficaz com excipientes naturais e seguros, como celulose microcristalina e sais de magn\u00e9sio de \u00e1cidos graxos. Este suplemento \u00e9 ideal para pessoas que buscam uma abordagem hol\u00edstica para a sa\u00fade.<\/p>","protected":false},"featured_media":5825,"comment_status":"closed","ping_status":"closed","template":"","meta":[],"product_cat":[229,230],"product_tag":[],"class_list":{"0":"post-5712","1":"product","2":"type-product","3":"status-publish","4":"has-post-thumbnail","6":"product_cat-loaded-ingredients","7":"product_cat-organ-support","9":"first","10":"instock","11":"shipping-taxable","12":"purchasable","13":"product-type-simple"},"_links":{"self":[{"href":"https:\/\/marvelousnutrition.com\/pt\/wp-json\/wp\/v2\/product\/5712","targetHints":{"allow":["GET"]}}],"collection":[{"href":"https:\/\/marvelousnutrition.com\/pt\/wp-json\/wp\/v2\/product"}],"about":[{"href":"https:\/\/marvelousnutrition.com\/pt\/wp-json\/wp\/v2\/types\/product"}],"replies":[{"embeddable":true,"href":"https:\/\/marvelousnutrition.com\/pt\/wp-json\/wp\/v2\/comments?post=5712"}],"wp:featuredmedia":[{"embeddable":true,"href":"https:\/\/marvelousnutrition.com\/pt\/wp-json\/wp\/v2\/media\/5825"}],"wp:attachment":[{"href":"https:\/\/marvelousnutrition.com\/pt\/wp-json\/wp\/v2\/media?parent=5712"}],"wp:term":[{"taxonomy":"product_cat","embeddable":true,"href":"https:\/\/marvelousnutrition.com\/pt\/wp-json\/wp\/v2\/product_cat?post=5712"},{"taxonomy":"product_tag","embeddable":true,"href":"https:\/\/marvelousnutrition.com\/pt\/wp-json\/wp\/v2\/product_tag?post=5712"}],"curies":[{"name":"wp","href":"https:\/\/api.w.org\/{rel}","templated":true}]}}