{"id":5711,"date":"2025-11-05T09:26:58","date_gmt":"2025-11-05T09:26:58","guid":{"rendered":"https:\/\/marvelousnutrition.com\/?post_type=product&#038;p=5711"},"modified":"2025-12-28T14:01:26","modified_gmt":"2025-12-28T14:01:26","slug":"dr-strong","status":"publish","type":"product","link":"https:\/\/marvelousnutrition.com\/pt\/produto\/dr-forte\/","title":{"rendered":"Dr. Forte"},"content":{"rendered":"<h6>Como Usar:<\/h6>\n<p>Tome 4 c\u00e1psulas antes do treino.<\/p>\n<h6>Descri\u00e7\u00e3o:<\/h6>\n<p><strong>Beta Ecdisterona<\/strong> \u00c9 um composto natural \u00fanico e poderoso que constr\u00f3i massa muscular magra, queima gordura e aumenta a energia. Possui propriedades de constru\u00e7\u00e3o muscular semelhantes aos esteroides anabolizantes, mas com <strong>Sem efeitos colaterais androg\u00eanicos prejudiciais.<\/strong>.<\/p>\n<p>Foi demonstrado que a beta-ecdisterona aumenta a massa muscular magra, estimula a s\u00edntese de prote\u00ednas musculares, reduz a gordura, acelera o metabolismo e melhora a energia e a resist\u00eancia \u2014 tudo isso sem impacto hormonal negativo.<\/p>\n<p>\u2714 Sem efeitos colaterais androg\u00eanicos<br \/>\n\u2714 Sem supress\u00e3o de testosterona<br \/>\n\u2714 Sem convers\u00e3o em estrog\u00eanio<br \/>\n\u2714 Sem toxicidade hep\u00e1tica<br \/>\n\u2714 N\u00e3o \u00e9 necess\u00e1ria terapia p\u00f3s-ciclo<\/p>\n<h6>Creatina \u2013 Kre-Alkalyn\u00ae:<\/h6>\n<p>Kre-Alkalyn \u00e9 uma creatina patenteada com pH ajustado, desenvolvida para se adequar \u00e0 acidez do seu sistema digestivo. Isso mant\u00e9m a creatina est\u00e1vel, permitindo que seu corpo a absorva de forma eficiente, sem a necessidade de uma fase de satura\u00e7\u00e3o.<br \/>\nKre-Alkalyn \u00e9 a \u00fanica creatina que faz <strong>n\u00e3o se converte em creatinina<\/strong> em l\u00edquidos, tornando-se a forma mais segura e est\u00e1vel dispon\u00edvel.<\/p>\n<h6>C-HMB:<\/h6>\n<p>O C-HMB ajuda a diminuir a degrada\u00e7\u00e3o muscular, ao mesmo tempo que aumenta a massa muscular magra, melhorando a for\u00e7a, a pot\u00eancia e a resist\u00eancia, al\u00e9m de promover uma recupera\u00e7\u00e3o mais r\u00e1pida ap\u00f3s o treino, les\u00f5es ou doen\u00e7as.<\/p>\n<h6>AstraGin\u00ae:<\/h6>\n<p>AstraGin\u00ae \u00e9 um composto natural patenteado, 100%, que melhora a absor\u00e7\u00e3o de nutrientes essenciais e, ao mesmo tempo, promove a sa\u00fade intestinal.<br \/>\nAumenta a absor\u00e7\u00e3o de amino\u00e1cidos, vitaminas, minerais e \u00f4mega-3, fazendo com que cada ingrediente da sua f\u00f3rmula funcione de forma mais eficaz.<\/p>","protected":false},"excerpt":{"rendered":"<p>How to Use: Take 4 capsules before workout. Description: Beta Ecdysterone is a unique and powerful natural compound that builds lean muscle, burns fat, and increases energy. It carries muscle-building properties similar to anabolic steroids, but with NO harmful androgenic side effects. Beta Ecdysterone has been shown to increase lean muscle mass, stimulate muscle protein [&hellip;]<\/p>\n","protected":false},"featured_media":5863,"comment_status":"closed","ping_status":"closed","template":"","meta":[],"product_cat":[204],"product_tag":[],"class_list":{"0":"post-5711","1":"product","2":"type-product","3":"status-publish","4":"has-post-thumbnail","6":"product_cat-fat-burners-and-diuretics","8":"first","9":"outofstock","10":"shipping-taxable","11":"purchasable","12":"product-type-simple"},"_links":{"self":[{"href":"https:\/\/marvelousnutrition.com\/pt\/wp-json\/wp\/v2\/product\/5711","targetHints":{"allow":["GET"]}}],"collection":[{"href":"https:\/\/marvelousnutrition.com\/pt\/wp-json\/wp\/v2\/product"}],"about":[{"href":"https:\/\/marvelousnutrition.com\/pt\/wp-json\/wp\/v2\/types\/product"}],"replies":[{"embeddable":true,"href":"https:\/\/marvelousnutrition.com\/pt\/wp-json\/wp\/v2\/comments?post=5711"}],"wp:featuredmedia":[{"embeddable":true,"href":"https:\/\/marvelousnutrition.com\/pt\/wp-json\/wp\/v2\/media\/5863"}],"wp:attachment":[{"href":"https:\/\/marvelousnutrition.com\/pt\/wp-json\/wp\/v2\/media?parent=5711"}],"wp:term":[{"taxonomy":"product_cat","embeddable":true,"href":"https:\/\/marvelousnutrition.com\/pt\/wp-json\/wp\/v2\/product_cat?post=5711"},{"taxonomy":"product_tag","embeddable":true,"href":"https:\/\/marvelousnutrition.com\/pt\/wp-json\/wp\/v2\/product_tag?post=5711"}],"curies":[{"name":"wp","href":"https:\/\/api.w.org\/{rel}","templated":true}]}}