{"id":5710,"date":"2025-11-05T09:26:58","date_gmt":"2025-11-05T09:26:58","guid":{"rendered":"https:\/\/marvelousnutrition.com\/?post_type=product&#038;p=5710"},"modified":"2026-03-15T23:47:19","modified_gmt":"2026-03-15T23:47:19","slug":"calibration","status":"publish","type":"product","link":"https:\/\/marvelousnutrition.com\/pt\/produto\/calibracao\/","title":{"rendered":"Calibra\u00e7\u00e3o"},"content":{"rendered":"<h6>Ingredientes:<\/h6>\n<p>Extrato seco de astr\u00e1galo (<em>Astragalus membranaceus<\/em>, raiz), extrato seco de cardo-mariano (<em>Silybum marianum<\/em> (L.) Gaertn., semente) 80% silimarina e 30% silibina, Agente de volume: celulose microcristalina (E-460i), Extrato seco de Cordyceps (<em>Cordyceps sinensis<\/em>, mic\u00e9lios), N-acetilciste\u00edna, L-glutationa reduzida, extrato seco de pinho (<em>Pinus pinaster<\/em>, casca) 95% proantocianidinas, extrato seco de Polygonum (<em>Polygonum cuspidatum<\/em>, raiz) 98% resveratrol, Antiaglomerante: sais de magn\u00e9sio de \u00e1cidos graxos (E-470b), C\u00e1psula (agente de revestimento: hidroxipropilmetilcelulose (E-464)).<\/p>\n<h6>Como Usar:<\/h6>\n<p>Como suplemento alimentar, tome 3 c\u00e1psulas por dia com uma refei\u00e7\u00e3o.<\/p>\n<p><a href=\"https:\/\/marvelousnutrition.com\/wp-content\/uploads\/2025\/11\/calibration-black-gadwel-scaled.png\"><img decoding=\"async\" class=\"alignnone size-medium wp-image-6359\" src=\"https:\/\/marvelousnutrition.com\/wp-content\/uploads\/2025\/11\/calibration-black-gadwel-300x160.png\" alt=\"\" width=\"300\" height=\"160\" srcset=\"https:\/\/marvelousnutrition.com\/wp-content\/uploads\/2025\/11\/calibration-black-gadwel-300x160.png 300w, https:\/\/marvelousnutrition.com\/wp-content\/uploads\/2025\/11\/calibration-black-gadwel-1024x544.png 1024w, https:\/\/marvelousnutrition.com\/wp-content\/uploads\/2025\/11\/calibration-black-gadwel-768x408.png 768w, https:\/\/marvelousnutrition.com\/wp-content\/uploads\/2025\/11\/calibration-black-gadwel-1536x817.png 1536w, https:\/\/marvelousnutrition.com\/wp-content\/uploads\/2025\/11\/calibration-black-gadwel-2048x1089.png 2048w, https:\/\/marvelousnutrition.com\/wp-content\/uploads\/2025\/11\/calibration-black-gadwel-18x10.png 18w, https:\/\/marvelousnutrition.com\/wp-content\/uploads\/2025\/11\/calibration-black-gadwel-800x425.png 800w\" sizes=\"(max-width: 300px) 100vw, 300px\" \/><\/a><\/p>","protected":false},"excerpt":{"rendered":"<p>Calibre seus \u00f3rg\u00e3os, fa\u00e7a com que se sintam como novos para um desempenho m\u00e1ximo. .<\/p>\n<p>Nossa f\u00f3rmula cont\u00e9m ingredientes da melhor qualidade para ajudar a proteger seus \u00f3rg\u00e3os contra os efeitos colaterais de anabolizantes, medicamentos, polui\u00e7\u00e3o, \u00e1lcool e estresse do dia a dia.<\/p>\n<p>Ao longo dos anos, nosso corpo \u00e9 exposto a toxinas que causam inflama\u00e7\u00e3o das c\u00e9lulas e, como consequ\u00eancia, nossos \u00f3rg\u00e3os podem deixar de funcionar corretamente, o que pode levar a um alto risco de fal\u00eancia de \u00f3rg\u00e3os.<\/p>\n<p>Calibration foi desenvolvido para ser seu suplemento di\u00e1rio, protegendo voc\u00ea e mantendo seus \u00f3rg\u00e3os funcionando perfeitamente. .<\/p>\n<h6>Quem deve usar a calibra\u00e7\u00e3o?<\/h6>\n<p>Qualquer fisiculturista que submeta o corpo a altos n\u00edveis de estresse durante a prepara\u00e7\u00e3o para competi\u00e7\u00f5es ou na entressafra. Deve ser usado durante o uso de esteroides. Tamb\u00e9m n\u00e3o \u00e9 recomendado para quem usa muitos medicamentos, como analg\u00e9sicos, ou consome \u00e1lcool em excesso.<\/p>","protected":false},"featured_media":5869,"comment_status":"closed","ping_status":"closed","template":"","meta":[],"product_cat":[229,230],"product_tag":[],"class_list":{"0":"post-5710","1":"product","2":"type-product","3":"status-publish","4":"has-post-thumbnail","6":"product_cat-loaded-ingredients","7":"product_cat-organ-support","9":"first","10":"instock","11":"shipping-taxable","12":"purchasable","13":"product-type-simple"},"_links":{"self":[{"href":"https:\/\/marvelousnutrition.com\/pt\/wp-json\/wp\/v2\/product\/5710","targetHints":{"allow":["GET"]}}],"collection":[{"href":"https:\/\/marvelousnutrition.com\/pt\/wp-json\/wp\/v2\/product"}],"about":[{"href":"https:\/\/marvelousnutrition.com\/pt\/wp-json\/wp\/v2\/types\/product"}],"replies":[{"embeddable":true,"href":"https:\/\/marvelousnutrition.com\/pt\/wp-json\/wp\/v2\/comments?post=5710"}],"wp:featuredmedia":[{"embeddable":true,"href":"https:\/\/marvelousnutrition.com\/pt\/wp-json\/wp\/v2\/media\/5869"}],"wp:attachment":[{"href":"https:\/\/marvelousnutrition.com\/pt\/wp-json\/wp\/v2\/media?parent=5710"}],"wp:term":[{"taxonomy":"product_cat","embeddable":true,"href":"https:\/\/marvelousnutrition.com\/pt\/wp-json\/wp\/v2\/product_cat?post=5710"},{"taxonomy":"product_tag","embeddable":true,"href":"https:\/\/marvelousnutrition.com\/pt\/wp-json\/wp\/v2\/product_tag?post=5710"}],"curies":[{"name":"wp","href":"https:\/\/api.w.org\/{rel}","templated":true}]}}