{"id":5709,"date":"2025-11-05T09:26:58","date_gmt":"2025-11-05T09:26:58","guid":{"rendered":"https:\/\/marvelousnutrition.com\/?post_type=product&#038;p=5709"},"modified":"2025-12-28T14:00:24","modified_gmt":"2025-12-28T14:00:24","slug":"organics","status":"publish","type":"product","link":"https:\/\/marvelousnutrition.com\/pt\/produto\/organicos\/","title":{"rendered":"Org\u00e2nicos"},"content":{"rendered":"<h6>Como Usar:<\/h6>\n<p>Tome 15g com o caf\u00e9 da manh\u00e3.<\/p>\n<h6>Descri\u00e7\u00e3o:<\/h6>\n<p>Organics \u00e9 um superalimento composto por vegetais verdes, fibras e um complexo de vegetais vermelhos, oferecendo todos os benef\u00edcios dos alimentos vegetais integrais \u2014 e muito mais \u2014 para ajudar a impulsionar seu estilo de vida ativo. Organics foi desenvolvido para fortalecer o sistema antioxidante do corpo, a fun\u00e7\u00e3o digestiva e a sa\u00fade imunol\u00f3gica, al\u00e9m de fornecer uma fonte natural de vitaminas.<\/p>\n<h6>Benef\u00edcios do produto:<\/h6>\n<ul>\n<li>Nutrientes antienvelhecimento<\/li>\n<li>Fortalece o sistema imunol\u00f3gico<\/li>\n<li>Antioxidantes desintoxicantes<\/li>\n<li>Auxilia a fun\u00e7\u00e3o digestiva<\/li>\n<\/ul>\n<h6>Ingredientes:<\/h6>\n<p>Polidextrose, Inulina, P\u00f3 de Grama de Trigo (Triticum aestivum L., folha), P\u00f3 de Grama de Cevada (Hordeum vulgare L., erva), Cenoura em P\u00f3, Ab\u00f3bora em P\u00f3, Beterraba em P\u00f3, Suco de Toranja em P\u00f3, Suco de Tangerina em P\u00f3, Clorela Org\u00e2nica em P\u00f3, Aipo em P\u00f3, Laranja em P\u00f3, Ma\u00e7\u00e3 em P\u00f3, Suco de Rom\u00e3 em P\u00f3, Aromatizante, Spirulina Org\u00e2nica em P\u00f3, Espinafre em P\u00f3, Berinjela em P\u00f3, Vagem em P\u00f3, Abobrinha em P\u00f3, Extrato Seco de Rosa Mosqueta (Rosa canina L., fruto), Extrato Seco de Laranja (Citrus sinensis (L.) Osbeck, fruto) rico em bioflavonoides c\u00edtricos, Extrato Seco de Maca (Lepidium meyenii, raiz), Extrato Seco de Ginseng (Panax ginseng CAMey., folhas), A\u00e7a\u00ed Org\u00e2nico em P\u00f3, Couve em P\u00f3 e Br\u00f3colis em P\u00f3.<\/p>\n<h6>Informa\u00e7\u00f5es nutricionais:<\/h6>\n<table style=\"width: 100%; border-collapse: collapse; background-color: #f0f0f0; color: #333; border: 1px solid #ccc;\">\n<tbody>\n<tr>\n<td style=\"text-align: center; font-weight: bold; padding: 8px;\" colspan=\"3\">Por\u00e7\u00f5es por embalagem: 14 por\u00e7\u00f5es<\/td>\n<\/tr>\n<tr>\n<td style=\"text-align: center; font-weight: bold; padding: 8px;\" colspan=\"3\">Por\u00e7\u00e3o: 15g<\/td>\n<\/tr>\n<tr style=\"background-color: #d9d9d9; font-weight: bold;\">\n<th style=\"padding: 8px; border: 1px solid #ccc;\">Ingredientes<\/th>\n<th style=\"padding: 8px; border: 1px solid #ccc;\">Quantidade por dose<\/th>\n<th style=\"padding: 8px; border: 1px solid #ccc;\">NRV<\/th>\n<\/tr>\n<tr>\n<td style=\"padding: 8px; border: 1px solid #ccc;\">Inulina<\/td>\n<td style=\"padding: 8px; border: 1px solid #ccc;\">2g<\/td>\n<td style=\"padding: 8px; border: 1px solid #ccc;\">\u2013<\/td>\n<\/tr>\n<tr>\n<td style=\"padding: 8px; border: 1px solid #ccc;\">Grama de trigo em p\u00f3<\/td>\n<td style=\"padding: 8px; border: 1px solid #ccc;\">1,5g<\/td>\n<td style=\"padding: 8px; border: 1px solid #ccc;\">\u2013<\/td>\n<\/tr>\n<tr>\n<td style=\"padding: 8px; border: 1px solid #ccc;\">Grama de cevada em p\u00f3<\/td>\n<td style=\"padding: 8px; border: 1px solid #ccc;\">1,5g<\/td>\n<td style=\"padding: 8px; border: 1px solid #ccc;\">\u2013<\/td>\n<\/tr>\n<tr>\n<td style=\"padding: 8px; border: 1px solid #ccc;\">Cenoura em p\u00f3<\/td>\n<td style=\"padding: 8px; border: 1px solid #ccc;\">600mg<\/td>\n<td style=\"padding: 8px; border: 1px solid #ccc;\">\u2013<\/td>\n<\/tr>\n<tr>\n<td style=\"padding: 8px; border: 1px solid #ccc;\">Ab\u00f3bora em p\u00f3<\/td>\n<td style=\"padding: 8px; border: 1px solid #ccc;\">600mg<\/td>\n<td style=\"padding: 8px; border: 1px solid #ccc;\">\u2013<\/td>\n<\/tr>\n<tr>\n<td style=\"padding: 8px; border: 1px solid #ccc;\">Beterraba em p\u00f3<\/td>\n<td style=\"padding: 8px; border: 1px solid #ccc;\">600mg<\/td>\n<td style=\"padding: 8px; border: 1px solid #ccc;\">\u2013<\/td>\n<\/tr>\n<tr>\n<td style=\"padding: 8px; border: 1px solid #ccc;\">Clorela org\u00e2nica em p\u00f3<\/td>\n<td style=\"padding: 8px; border: 1px solid #ccc;\">500mg<\/td>\n<td style=\"padding: 8px; border: 1px solid #ccc;\">\u2013<\/td>\n<\/tr>\n<tr>\n<td style=\"padding: 8px; border: 1px solid #ccc;\">Aipo em p\u00f3<\/td>\n<td style=\"padding: 8px; border: 1px solid #ccc;\">500mg<\/td>\n<td style=\"padding: 8px; border: 1px solid #ccc;\">\u2013<\/td>\n<\/tr>\n<tr>\n<td style=\"padding: 8px; border: 1px solid #ccc;\">Ma\u00e7\u00e3 em p\u00f3<\/td>\n<td style=\"padding: 8px; border: 1px solid #ccc;\">450mg<\/td>\n<td style=\"padding: 8px; border: 1px solid #ccc;\">\u2013<\/td>\n<\/tr>\n<tr>\n<td style=\"padding: 8px; border: 1px solid #ccc;\">Laranja em p\u00f3<\/td>\n<td style=\"padding: 8px; border: 1px solid #ccc;\">400mg<\/td>\n<td style=\"padding: 8px; border: 1px solid #ccc;\">\u2013<\/td>\n<\/tr>\n<tr>\n<td style=\"padding: 8px; border: 1px solid #ccc;\">Spirulina org\u00e2nica em p\u00f3<\/td>\n<td style=\"padding: 8px; border: 1px solid #ccc;\">250mg<\/td>\n<td style=\"padding: 8px; border: 1px solid #ccc;\">\u2013<\/td>\n<\/tr>\n<tr>\n<td style=\"padding: 8px; border: 1px solid #ccc;\">Espinafre em p\u00f3<\/td>\n<td style=\"padding: 8px; border: 1px solid #ccc;\">250mg<\/td>\n<td style=\"padding: 8px; border: 1px solid #ccc;\">\u2013<\/td>\n<\/tr>\n<tr>\n<td style=\"padding: 8px; border: 1px solid #ccc;\">Berinjela em p\u00f3<\/td>\n<td style=\"padding: 8px; border: 1px solid #ccc;\">250mg<\/td>\n<td style=\"padding: 8px; border: 1px solid #ccc;\">\u2013<\/td>\n<\/tr>\n<tr>\n<td style=\"padding: 8px; border: 1px solid #ccc;\">Feij\u00e3o verde em p\u00f3<\/td>\n<td style=\"padding: 8px; border: 1px solid #ccc;\">250mg<\/td>\n<td style=\"padding: 8px; border: 1px solid #ccc;\">\u2013<\/td>\n<\/tr>\n<tr>\n<td style=\"padding: 8px; border: 1px solid #ccc;\">Abobrinha em p\u00f3<\/td>\n<td style=\"padding: 8px; border: 1px solid #ccc;\">250mg<\/td>\n<td style=\"padding: 8px; border: 1px solid #ccc;\">\u2013<\/td>\n<\/tr>\n<tr>\n<td style=\"padding: 8px; border: 1px solid #ccc;\">Suco de toranja em p\u00f3<\/td>\n<td style=\"padding: 8px; border: 1px solid #ccc;\">250mg<\/td>\n<td style=\"padding: 8px; border: 1px solid #ccc;\">\u2013<\/td>\n<\/tr>\n<tr>\n<td style=\"padding: 8px; border: 1px solid #ccc;\">Suco de tangerina em p\u00f3<\/td>\n<td style=\"padding: 8px; border: 1px solid #ccc;\">250mg<\/td>\n<td style=\"padding: 8px; border: 1px solid #ccc;\">\u2013<\/td>\n<\/tr>\n<tr>\n<td style=\"padding: 8px; border: 1px solid #ccc;\">Extrato seco de rosa mosqueta<\/td>\n<td style=\"padding: 8px; border: 1px solid #ccc;\">250mg<\/td>\n<td style=\"padding: 8px; border: 1px solid #ccc;\">\u2013<\/td>\n<\/tr>\n<tr>\n<td style=\"padding: 8px; border: 1px solid #ccc;\">Extrato seco de laranja<\/td>\n<td style=\"padding: 8px; border: 1px solid #ccc;\">250mg<\/td>\n<td style=\"padding: 8px; border: 1px solid #ccc;\">\u2013<\/td>\n<\/tr>\n<tr>\n<td style=\"padding: 8px; border: 1px solid #ccc;\">Suco de rom\u00e3 em p\u00f3<\/td>\n<td style=\"padding: 8px; border: 1px solid #ccc;\">150mg<\/td>\n<td style=\"padding: 8px; border: 1px solid #ccc;\">\u2013<\/td>\n<\/tr>\n<tr>\n<td style=\"padding: 8px; border: 1px solid #ccc;\">Extrato seco de maca<\/td>\n<td style=\"padding: 8px; border: 1px solid #ccc;\">150mg<\/td>\n<td style=\"padding: 8px; border: 1px solid #ccc;\">\u2013<\/td>\n<\/tr>\n<tr>\n<td style=\"padding: 8px; border: 1px solid #ccc;\">Extrato seco de ginseng<\/td>\n<td style=\"padding: 8px; border: 1px solid #ccc;\">150mg<\/td>\n<td style=\"padding: 8px; border: 1px solid #ccc;\">\u2013<\/td>\n<\/tr>\n<tr>\n<td style=\"padding: 8px; border: 1px solid #ccc;\">A\u00e7a\u00ed em p\u00f3 org\u00e2nico<\/td>\n<td style=\"padding: 8px; border: 1px solid #ccc;\">50mg<\/td>\n<td style=\"padding: 8px; border: 1px solid #ccc;\">\u2013<\/td>\n<\/tr>\n<tr>\n<td style=\"padding: 8px; border: 1px solid #ccc;\">Couve em p\u00f3<\/td>\n<td style=\"padding: 8px; border: 1px solid #ccc;\">15mg<\/td>\n<td style=\"padding: 8px; border: 1px solid #ccc;\">\u2013<\/td>\n<\/tr>\n<tr>\n<td style=\"padding: 8px; border: 1px solid #ccc;\">Br\u00f3colis em p\u00f3<\/td>\n<td style=\"padding: 8px; border: 1px solid #ccc;\">15mg<\/td>\n<td style=\"padding: 8px; border: 1px solid #ccc;\">\u2013<\/td>\n<\/tr>\n<\/tbody>\n<\/table>","protected":false},"excerpt":{"rendered":"<p>Organics \u00e9 um superalimento composto por vegetais verdes, fibras e um complexo de vegetais vermelhos que oferece todos os benef\u00edcios dos alimentos vegetais integrais e muito mais, para ajudar a impulsionar seu estilo de vida ativo. Organics foi desenvolvido para fortalecer o sistema antioxidante do corpo, a fun\u00e7\u00e3o digestiva e a sa\u00fade imunol\u00f3gica, al\u00e9m de fornecer ao organismo uma fonte natural de vitaminas.<\/p>","protected":false},"featured_media":5846,"comment_status":"closed","ping_status":"closed","template":"","meta":[],"product_cat":[111],"product_tag":[],"class_list":{"0":"post-5709","1":"product","2":"type-product","3":"status-publish","4":"has-post-thumbnail","6":"product_cat-muscle-growth","8":"first","9":"instock","10":"shipping-taxable","11":"purchasable","12":"product-type-variable"},"_links":{"self":[{"href":"https:\/\/marvelousnutrition.com\/pt\/wp-json\/wp\/v2\/product\/5709","targetHints":{"allow":["GET"]}}],"collection":[{"href":"https:\/\/marvelousnutrition.com\/pt\/wp-json\/wp\/v2\/product"}],"about":[{"href":"https:\/\/marvelousnutrition.com\/pt\/wp-json\/wp\/v2\/types\/product"}],"replies":[{"embeddable":true,"href":"https:\/\/marvelousnutrition.com\/pt\/wp-json\/wp\/v2\/comments?post=5709"}],"wp:featuredmedia":[{"embeddable":true,"href":"https:\/\/marvelousnutrition.com\/pt\/wp-json\/wp\/v2\/media\/5846"}],"wp:attachment":[{"href":"https:\/\/marvelousnutrition.com\/pt\/wp-json\/wp\/v2\/media?parent=5709"}],"wp:term":[{"taxonomy":"product_cat","embeddable":true,"href":"https:\/\/marvelousnutrition.com\/pt\/wp-json\/wp\/v2\/product_cat?post=5709"},{"taxonomy":"product_tag","embeddable":true,"href":"https:\/\/marvelousnutrition.com\/pt\/wp-json\/wp\/v2\/product_tag?post=5709"}],"curies":[{"name":"wp","href":"https:\/\/api.w.org\/{rel}","templated":true}]}}