{"id":5708,"date":"2025-11-05T09:26:58","date_gmt":"2025-11-05T09:26:58","guid":{"rendered":"https:\/\/marvelousnutrition.com\/?post_type=product&#038;p=5708"},"modified":"2025-11-07T10:22:16","modified_gmt":"2025-11-07T10:22:16","slug":"collagen","status":"publish","type":"product","link":"https:\/\/marvelousnutrition.com\/pt\/produto\/colageno\/","title":{"rendered":"Col\u00e1geno"},"content":{"rendered":"<h6>Como Usar:<\/h6>\n<p>Tome 11g com o caf\u00e9 da manh\u00e3.<\/p>\n<h6>Descri\u00e7\u00e3o:<\/h6>\n<p><strong>Col\u00e1geno<\/strong> O col\u00e1geno \u00e9 uma prote\u00edna vital que proporciona estrutura, for\u00e7a e flexibilidade ao nosso corpo. Ele auxilia nos movimentos, protege as articula\u00e7\u00f5es e conecta os tecidos, ajudando-nos a mantermo-nos ativos e resistentes. O col\u00e1geno \u00e9 a prote\u00edna mais abundante no corpo humano.<\/p>\n<h6>O col\u00e1geno constitui 75% da nossa pele e:<\/h6>\n<ul>\n<li><strong>Oferece estrutura e apoio.<\/strong><\/li>\n<li><strong>Mant\u00e9m a elasticidade<\/strong><\/li>\n<li><strong>Hidrata ao atrair \u00e1cido hialur\u00f4nico.<\/strong><\/li>\n<\/ul>\n<p>Com o passar dos anos, a s\u00edntese de col\u00e1geno diminui e sua qualidade se deteriora, fazendo com que a pele fique mais fina, desidratada e perca a firmeza.<\/p>\n<p><strong>Resultado:<\/strong> Sinais vis\u00edveis de envelhecimento, como rugas, flacidez e falta de brilho.<\/p>","protected":false},"excerpt":{"rendered":"<p>O col\u00e1geno \u00e9 uma prote\u00edna. Ele d\u00e1 ao nosso corpo a estrutura, a for\u00e7a e a flexibilidade necess\u00e1rias para nos movimentarmos no dia a dia. Permite-nos viajar, movermo-nos livremente, saltar ou cair sem nos machucarmos. Protege e conecta as partes do nosso corpo, mantendo-nos em p\u00e9. O col\u00e1geno \u00e9 a prote\u00edna mais importante e abundante do nosso organismo.<\/p>","protected":false},"featured_media":5814,"comment_status":"closed","ping_status":"closed","template":"","meta":[],"product_cat":[228],"product_tag":[],"class_list":{"0":"post-5708","1":"product","2":"type-product","3":"status-publish","4":"has-post-thumbnail","6":"product_cat-old-school","8":"first","9":"outofstock","10":"shipping-taxable","11":"product-type-simple"},"_links":{"self":[{"href":"https:\/\/marvelousnutrition.com\/pt\/wp-json\/wp\/v2\/product\/5708","targetHints":{"allow":["GET"]}}],"collection":[{"href":"https:\/\/marvelousnutrition.com\/pt\/wp-json\/wp\/v2\/product"}],"about":[{"href":"https:\/\/marvelousnutrition.com\/pt\/wp-json\/wp\/v2\/types\/product"}],"replies":[{"embeddable":true,"href":"https:\/\/marvelousnutrition.com\/pt\/wp-json\/wp\/v2\/comments?post=5708"}],"wp:featuredmedia":[{"embeddable":true,"href":"https:\/\/marvelousnutrition.com\/pt\/wp-json\/wp\/v2\/media\/5814"}],"wp:attachment":[{"href":"https:\/\/marvelousnutrition.com\/pt\/wp-json\/wp\/v2\/media?parent=5708"}],"wp:term":[{"taxonomy":"product_cat","embeddable":true,"href":"https:\/\/marvelousnutrition.com\/pt\/wp-json\/wp\/v2\/product_cat?post=5708"},{"taxonomy":"product_tag","embeddable":true,"href":"https:\/\/marvelousnutrition.com\/pt\/wp-json\/wp\/v2\/product_tag?post=5708"}],"curies":[{"name":"wp","href":"https:\/\/api.w.org\/{rel}","templated":true}]}}