{"id":5707,"date":"2025-11-05T09:26:58","date_gmt":"2025-11-05T09:26:58","guid":{"rendered":"https:\/\/marvelousnutrition.com\/?post_type=product&#038;p=5707"},"modified":"2025-12-31T10:52:59","modified_gmt":"2025-12-31T10:52:59","slug":"hyper-trophy","status":"publish","type":"product","link":"https:\/\/marvelousnutrition.com\/pt\/produto\/hiper-trofeu\/","title":{"rendered":"Hiper Trof\u00e9u"},"content":{"rendered":"<h6>Como Usar:<\/h6>\n<p>Misturar 1 medida (30g) com 300-400 ml de \u00e1gua fria e agitar vigorosamente. Tome uma dose imediatamente ap\u00f3s o treino, ou a qualquer momento que voc\u00ea desejar.<\/p>\n<h6>Descri\u00e7\u00e3o:<\/h6>\n<p>A mistura de prote\u00edna isolada Hyper Trophy oferece um whey de r\u00e1pida absor\u00e7\u00e3o e sabor delicioso para adicionar prote\u00edna extra ao seu treino di\u00e1rio e auxiliar no desenvolvimento muscular. O Hyper Trophy Whey possui alto valor biol\u00f3gico e um perfil de amino\u00e1cidos que impulsiona a s\u00edntese proteica, promove o crescimento de massa muscular magra, acelera o metabolismo e melhora a recupera\u00e7\u00e3o. O Hyper Trophy n\u00e3o cont\u00e9m misturas propriet\u00e1rias.<\/p>\n<p>A mistura Hyper Trophy \u00e9 composta por:<\/p>\n<ul>\n<li>Prote\u00edna Isolada do Soro do Leite 100<\/li>\n<li>Isolado de Prote\u00edna do Leite 90 (Isolado de Case\u00edna)<\/li>\n<li>Concentrado de Prote\u00edna de Soro de Leite 85<\/li>\n<\/ul>\n<h6>Ingredientes:<\/h6>\n<p>Prote\u00edna isolada do leite, prote\u00edna isolada do soro do leite, prote\u00edna concentrada do soro do leite, L-glicina, cacau em p\u00f3 com baixo teor de gordura, aromatizante, espessantes (goma guar, goma xantana), cloreto de s\u00f3dio, ado\u00e7ante (sucralose E955).<\/p>\n<h6>Informa\u00e7\u00f5es nutricionais:<\/h6>\n<table style=\"width: 100%; border-collapse: collapse; background-color: #f0f0f0; color: #333; border: 1px solid #ccc;\">\n<tbody>\n<tr>\n<td style=\"text-align: center; font-weight: bold; padding: 8px;\" colspan=\"2\">Por\u00e7\u00f5es por embalagem: 33 por\u00e7\u00f5es<\/td>\n<\/tr>\n<tr>\n<td style=\"text-align: center; font-weight: bold; padding: 8px;\" colspan=\"2\">Por\u00e7\u00e3o: 30g<\/td>\n<\/tr>\n<tr style=\"background-color: #d9d9d9; font-weight: bold;\">\n<th style=\"padding: 8px; border: 1px solid #ccc;\">Nutriente<\/th>\n<th style=\"padding: 8px; border: 1px solid #ccc;\">Quantidade por 30g<\/th>\n<\/tr>\n<tr>\n<td style=\"padding: 8px; border: 1px solid #ccc;\">Valor energ\u00e9tico<\/td>\n<td style=\"padding: 8px; border: 1px solid #ccc;\">114,80 kcal<\/td>\n<\/tr>\n<tr>\n<td style=\"padding: 8px; border: 1px solid #ccc;\">Gorduras \u2013 das quais saturadas<\/td>\n<td style=\"padding: 8px; border: 1px solid #ccc;\">1,16 g, 0,69 g<\/td>\n<\/tr>\n<tr>\n<td style=\"padding: 8px; border: 1px solid #ccc;\">Carboidratos \u2013 dos quais a\u00e7\u00facares<\/td>\n<td style=\"padding: 8px; border: 1px solid #ccc;\">1,41g, 0,91g<\/td>\n<\/tr>\n<tr>\n<td style=\"padding: 8px; border: 1px solid #ccc;\">Prote\u00edna<\/td>\n<td style=\"padding: 8px; border: 1px solid #ccc;\">24,36g<\/td>\n<\/tr>\n<tr>\n<td style=\"padding: 8px; border: 1px solid #ccc;\">Fibras alimentares<\/td>\n<td style=\"padding: 8px; border: 1px solid #ccc;\">0,64g<\/td>\n<\/tr>\n<tr>\n<td style=\"padding: 8px; border: 1px solid #ccc;\">Sal<\/td>\n<td style=\"padding: 8px; border: 1px solid #ccc;\">0,32g<\/td>\n<\/tr>\n<\/tbody>\n<\/table>\n<h6>Amino\u00e1cidos por 100g:<\/h6>\n<table style=\"width: 100%; border-collapse: collapse; background-color: #f9f9f9; color: #333; border: 1px solid #ccc;\">\n<tbody>\n<tr style=\"background-color: #d9d9d9; font-weight: bold;\">\n<th style=\"padding: 8px; border: 1px solid #ccc;\">Amino\u00e1cido<\/th>\n<th style=\"padding: 8px; border: 1px solid #ccc;\">Quantia<\/th>\n<th style=\"padding: 8px; border: 1px solid #ccc;\">Amino\u00e1cido<\/th>\n<th style=\"padding: 8px; border: 1px solid #ccc;\">Quantia<\/th>\n<th style=\"padding: 8px; border: 1px solid #ccc;\">Amino\u00e1cido<\/th>\n<th style=\"padding: 8px; border: 1px solid #ccc;\">Quantia<\/th>\n<\/tr>\n<tr>\n<td style=\"padding: 8px; border: 1px solid #ccc;\">Alanina<\/td>\n<td style=\"padding: 8px; border: 1px solid #ccc;\">4,3g<\/td>\n<td style=\"padding: 8px; border: 1px solid #ccc;\">Glicina<\/td>\n<td style=\"padding: 8px; border: 1px solid #ccc;\">8,34g<\/td>\n<td style=\"padding: 8px; border: 1px solid #ccc;\">Lisina<\/td>\n<td style=\"padding: 8px; border: 1px solid #ccc;\">9,08g<\/td>\n<\/tr>\n<tr>\n<td style=\"padding: 8px; border: 1px solid #ccc;\">A arginina<\/td>\n<td style=\"padding: 8px; border: 1px solid #ccc;\">3,06g<\/td>\n<td style=\"padding: 8px; border: 1px solid #ccc;\">Histidina<\/td>\n<td style=\"padding: 8px; border: 1px solid #ccc;\">2,28g<\/td>\n<td style=\"padding: 8px; border: 1px solid #ccc;\">Metionina<\/td>\n<td style=\"padding: 8px; border: 1px solid #ccc;\">2,6g<\/td>\n<\/tr>\n<tr>\n<td style=\"padding: 8px; border: 1px solid #ccc;\">\u00c1cido asp\u00e1rtico<\/td>\n<td style=\"padding: 8px; border: 1px solid #ccc;\">9,5g<\/td>\n<td style=\"padding: 8px; border: 1px solid #ccc;\">Isoleucina<\/td>\n<td style=\"padding: 8px; border: 1px solid #ccc;\">5,84g<\/td>\n<td style=\"padding: 8px; border: 1px solid #ccc;\">Fenilalanina<\/td>\n<td style=\"padding: 8px; border: 1px solid #ccc;\">4,15g<\/td>\n<\/tr>\n<tr>\n<td style=\"padding: 8px; border: 1px solid #ccc;\">Ciste\u00edna<\/td>\n<td style=\"padding: 8px; border: 1px solid #ccc;\">1,25g<\/td>\n<td style=\"padding: 8px; border: 1px solid #ccc;\">Valina<\/td>\n<td style=\"padding: 8px; border: 1px solid #ccc;\">6,43g<\/td>\n<td style=\"padding: 8px; border: 1px solid #ccc;\">Prolina<\/td>\n<td style=\"padding: 8px; border: 1px solid #ccc;\">8,24g<\/td>\n<\/tr>\n<tr>\n<td style=\"padding: 8px; border: 1px solid #ccc;\">\u00c1cido glut\u00e2mico<\/td>\n<td style=\"padding: 8px; border: 1px solid #ccc;\">20,5g<\/td>\n<td style=\"padding: 8px; border: 1px solid #ccc;\">Leucina<\/td>\n<td style=\"padding: 8px; border: 1px solid #ccc;\">10,35g<\/td>\n<td style=\"padding: 8px; border: 1px solid #ccc;\">Serina<\/td>\n<td style=\"padding: 8px; border: 1px solid #ccc;\">5,75g<\/td>\n<\/tr>\n<tr>\n<td style=\"padding: 8px; border: 1px solid #ccc;\">Treonina<\/td>\n<td style=\"padding: 8px; border: 1px solid #ccc;\">6,07g<\/td>\n<td style=\"padding: 8px; border: 1px solid #ccc;\">Triptofano<\/td>\n<td style=\"padding: 8px; border: 1px solid #ccc;\">1,59g<\/td>\n<td style=\"padding: 8px; border: 1px solid #ccc;\">Tirosina<\/td>\n<td style=\"padding: 8px; border: 1px solid #ccc;\">4,2g<\/td>\n<\/tr>\n<\/tbody>\n<\/table>","protected":false},"excerpt":{"rendered":"<p>A mistura de prote\u00edna isolada Hyper Trophy oferece um whey de r\u00e1pida absor\u00e7\u00e3o e sabor delicioso para adicionar prote\u00edna extra ao seu treino di\u00e1rio e auxiliar no desenvolvimento muscular. O whey Hyper Trophy, com seu alto valor biol\u00f3gico e perfil de amino\u00e1cidos, impulsiona a s\u00edntese proteica, promove o crescimento de massa muscular magra, acelera o metabolismo e melhora a recupera\u00e7\u00e3o.<\/p>","protected":false},"featured_media":5838,"comment_status":"closed","ping_status":"closed","template":"","meta":[],"product_cat":[229,200],"product_tag":[],"class_list":{"0":"post-5707","1":"product","2":"type-product","3":"status-publish","4":"has-post-thumbnail","6":"product_cat-loaded-ingredients","7":"product_cat-protein-and-eaa","9":"first","10":"outofstock","11":"shipping-taxable","12":"purchasable","13":"product-type-variable"},"_links":{"self":[{"href":"https:\/\/marvelousnutrition.com\/pt\/wp-json\/wp\/v2\/product\/5707","targetHints":{"allow":["GET"]}}],"collection":[{"href":"https:\/\/marvelousnutrition.com\/pt\/wp-json\/wp\/v2\/product"}],"about":[{"href":"https:\/\/marvelousnutrition.com\/pt\/wp-json\/wp\/v2\/types\/product"}],"replies":[{"embeddable":true,"href":"https:\/\/marvelousnutrition.com\/pt\/wp-json\/wp\/v2\/comments?post=5707"}],"wp:featuredmedia":[{"embeddable":true,"href":"https:\/\/marvelousnutrition.com\/pt\/wp-json\/wp\/v2\/media\/5838"}],"wp:attachment":[{"href":"https:\/\/marvelousnutrition.com\/pt\/wp-json\/wp\/v2\/media?parent=5707"}],"wp:term":[{"taxonomy":"product_cat","embeddable":true,"href":"https:\/\/marvelousnutrition.com\/pt\/wp-json\/wp\/v2\/product_cat?post=5707"},{"taxonomy":"product_tag","embeddable":true,"href":"https:\/\/marvelousnutrition.com\/pt\/wp-json\/wp\/v2\/product_tag?post=5707"}],"curies":[{"name":"wp","href":"https:\/\/api.w.org\/{rel}","templated":true}]}}