{"id":5706,"date":"2025-11-05T09:26:58","date_gmt":"2025-11-05T09:26:58","guid":{"rendered":"https:\/\/marvelousnutrition.com\/?post_type=product&#038;p=5706"},"modified":"2026-03-15T23:45:39","modified_gmt":"2026-03-15T23:45:39","slug":"glutamine","status":"publish","type":"product","link":"https:\/\/marvelousnutrition.com\/pt\/produto\/glutamina\/","title":{"rendered":"Glutamina"},"content":{"rendered":"<h6>Ingredientes:<\/h6>\n<p>L-Glutamina (99,9%)<\/p>\n<h6>Como usar:<\/h6>\n<p>Tomar 5g ap\u00f3s o treino.<\/p>\n<h6>Descri\u00e7\u00e3o:<\/h6>\n<p>A glutamina \u00e9 um dos amino\u00e1cidos mais abundantes no corpo humano. \u00c9 considerada um amino\u00e1cido condicionalmente essencial \u2014 o que significa que o corpo pode produzi-la naturalmente, mas em momentos de extremo estresse f\u00edsico (como treinamento intenso), a produ\u00e7\u00e3o pode n\u00e3o suprir as necessidades do organismo.<\/p>\n<p>A suplementa\u00e7\u00e3o com L-glutamina auxilia na recupera\u00e7\u00e3o muscular, reduz a dor e fortalece o sistema imunol\u00f3gico. Tamb\u00e9m contribui para o metabolismo de prote\u00ednas e ajuda a eliminar o \u00e1cido l\u00e1tico, favorecendo uma melhor recupera\u00e7\u00e3o e desempenho.<\/p>\n<h6>Benef\u00edcios do produto:<\/h6>\n<p><strong>\u2013 Auxilia na recupera\u00e7\u00e3o e repara\u00e7\u00e3o ap\u00f3s treinos intensos.<\/strong><br \/>\n<strong>\u2013 Protege os m\u00fasculos da degrada\u00e7\u00e3o.<\/strong><br \/>\n<strong>\u2013 Auxilia a sa\u00fade digestiva e intestinal<\/strong><br \/>\n<strong>\u2013 Fortalece o sistema imunol\u00f3gico<\/strong><\/p>\n<p><a href=\"https:\/\/marvelousnutrition.com\/wp-content\/uploads\/2025\/11\/glutmine-gadwel-scaled.png\"><img decoding=\"async\" class=\"alignnone size-medium wp-image-6358\" src=\"https:\/\/marvelousnutrition.com\/wp-content\/uploads\/2025\/11\/glutmine-gadwel-300x46.png\" alt=\"\" width=\"300\" height=\"46\" srcset=\"https:\/\/marvelousnutrition.com\/wp-content\/uploads\/2025\/11\/glutmine-gadwel-300x46.png 300w, https:\/\/marvelousnutrition.com\/wp-content\/uploads\/2025\/11\/glutmine-gadwel-1024x156.png 1024w, https:\/\/marvelousnutrition.com\/wp-content\/uploads\/2025\/11\/glutmine-gadwel-768x117.png 768w, https:\/\/marvelousnutrition.com\/wp-content\/uploads\/2025\/11\/glutmine-gadwel-1536x233.png 1536w, https:\/\/marvelousnutrition.com\/wp-content\/uploads\/2025\/11\/glutmine-gadwel-2048x311.png 2048w, https:\/\/marvelousnutrition.com\/wp-content\/uploads\/2025\/11\/glutmine-gadwel-18x3.png 18w, https:\/\/marvelousnutrition.com\/wp-content\/uploads\/2025\/11\/glutmine-gadwel-800x122.png 800w\" sizes=\"(max-width: 300px) 100vw, 300px\" \/><\/a><\/p>","protected":false},"excerpt":{"rendered":"<p>A glutamina \u00e9 um dos amino\u00e1cidos mais abundantes no corpo. Ela \u00e9 considerada um amino\u00e1cido condicionalmente essencial, o que significa que o corpo \u00e9 capaz de produzi-la por conta pr\u00f3pria, mas em momentos de estresse extremo (como ap\u00f3s um treino intenso), o corpo n\u00e3o consegue produzir o suficiente e pode se beneficiar da suplementa\u00e7\u00e3o de glutamina.<\/p>","protected":false},"featured_media":5824,"comment_status":"closed","ping_status":"closed","template":"","meta":[],"product_cat":[134,228,201],"product_tag":[],"class_list":{"0":"post-5706","1":"product","2":"type-product","3":"status-publish","4":"has-post-thumbnail","6":"product_cat-amino-acid","7":"product_cat-old-school","8":"product_cat-recovery-and-muscle-building","10":"first","11":"instock","12":"shipping-taxable","13":"purchasable","14":"product-type-simple"},"_links":{"self":[{"href":"https:\/\/marvelousnutrition.com\/pt\/wp-json\/wp\/v2\/product\/5706","targetHints":{"allow":["GET"]}}],"collection":[{"href":"https:\/\/marvelousnutrition.com\/pt\/wp-json\/wp\/v2\/product"}],"about":[{"href":"https:\/\/marvelousnutrition.com\/pt\/wp-json\/wp\/v2\/types\/product"}],"replies":[{"embeddable":true,"href":"https:\/\/marvelousnutrition.com\/pt\/wp-json\/wp\/v2\/comments?post=5706"}],"wp:featuredmedia":[{"embeddable":true,"href":"https:\/\/marvelousnutrition.com\/pt\/wp-json\/wp\/v2\/media\/5824"}],"wp:attachment":[{"href":"https:\/\/marvelousnutrition.com\/pt\/wp-json\/wp\/v2\/media?parent=5706"}],"wp:term":[{"taxonomy":"product_cat","embeddable":true,"href":"https:\/\/marvelousnutrition.com\/pt\/wp-json\/wp\/v2\/product_cat?post=5706"},{"taxonomy":"product_tag","embeddable":true,"href":"https:\/\/marvelousnutrition.com\/pt\/wp-json\/wp\/v2\/product_tag?post=5706"}],"curies":[{"name":"wp","href":"https:\/\/api.w.org\/{rel}","templated":true}]}}