{"id":5705,"date":"2025-11-05T09:26:58","date_gmt":"2025-11-05T09:26:58","guid":{"rendered":"https:\/\/marvelousnutrition.com\/?post_type=product&#038;p=5705"},"modified":"2026-03-15T23:44:59","modified_gmt":"2026-03-15T23:44:59","slug":"glycerol","status":"publish","type":"product","link":"https:\/\/marvelousnutrition.com\/pt\/produto\/glicerol\/","title":{"rendered":"Glicerol"},"content":{"rendered":"<h6>Ingredientes:<\/h6>\n<p>Monoestearato de glicerol, Antiaglomerante: Di\u00f3xido de sil\u00edcio (E-551).<\/p>\n<h6>Como usar:<\/h6>\n<p>Tomar 5g, 30 minutos antes do treino.<\/p>\n<h6>Descri\u00e7\u00e3o:<\/h6>\n<p>O glicerol \u00e9 uma arma secreta dos fisiculturistas \u2014 ele ajuda a hidratar profundamente os m\u00fasculos e a manter aquele pump intenso mesmo ap\u00f3s o treino.<br \/>\nTamb\u00e9m auxilia na hidrata\u00e7\u00e3o geral e no aumento da resist\u00eancia durante o treino.<\/p>\n<p><a href=\"https:\/\/marvelousnutrition.com\/wp-content\/uploads\/2025\/11\/glycerol-gadwel-scaled.png\"><img decoding=\"async\" class=\"alignnone size-medium wp-image-6357\" src=\"https:\/\/marvelousnutrition.com\/wp-content\/uploads\/2025\/11\/glycerol-gadwel-300x32.png\" alt=\"\" width=\"300\" height=\"32\" srcset=\"https:\/\/marvelousnutrition.com\/wp-content\/uploads\/2025\/11\/glycerol-gadwel-300x32.png 300w, https:\/\/marvelousnutrition.com\/wp-content\/uploads\/2025\/11\/glycerol-gadwel-1024x109.png 1024w, https:\/\/marvelousnutrition.com\/wp-content\/uploads\/2025\/11\/glycerol-gadwel-768x82.png 768w, https:\/\/marvelousnutrition.com\/wp-content\/uploads\/2025\/11\/glycerol-gadwel-1536x164.png 1536w, https:\/\/marvelousnutrition.com\/wp-content\/uploads\/2025\/11\/glycerol-gadwel-2048x218.png 2048w, https:\/\/marvelousnutrition.com\/wp-content\/uploads\/2025\/11\/glycerol-gadwel-18x2.png 18w, https:\/\/marvelousnutrition.com\/wp-content\/uploads\/2025\/11\/glycerol-gadwel-800x85.png 800w\" sizes=\"(max-width: 300px) 100vw, 300px\" \/><\/a><\/p>","protected":false},"excerpt":{"rendered":"<p>O glicerol \u00e9 o segredo dos fisiculturistas para se hidratarem e manterem o pump ap\u00f3s o treino. O glicerol pode auxiliar na hidrata\u00e7\u00e3o.<\/p>","protected":false},"featured_media":5835,"comment_status":"closed","ping_status":"closed","template":"","meta":[],"product_cat":[134,228],"product_tag":[],"class_list":{"0":"post-5705","1":"product","2":"type-product","3":"status-publish","4":"has-post-thumbnail","6":"product_cat-amino-acid","7":"product_cat-old-school","9":"first","10":"instock","11":"shipping-taxable","12":"purchasable","13":"product-type-simple"},"_links":{"self":[{"href":"https:\/\/marvelousnutrition.com\/pt\/wp-json\/wp\/v2\/product\/5705","targetHints":{"allow":["GET"]}}],"collection":[{"href":"https:\/\/marvelousnutrition.com\/pt\/wp-json\/wp\/v2\/product"}],"about":[{"href":"https:\/\/marvelousnutrition.com\/pt\/wp-json\/wp\/v2\/types\/product"}],"replies":[{"embeddable":true,"href":"https:\/\/marvelousnutrition.com\/pt\/wp-json\/wp\/v2\/comments?post=5705"}],"wp:featuredmedia":[{"embeddable":true,"href":"https:\/\/marvelousnutrition.com\/pt\/wp-json\/wp\/v2\/media\/5835"}],"wp:attachment":[{"href":"https:\/\/marvelousnutrition.com\/pt\/wp-json\/wp\/v2\/media?parent=5705"}],"wp:term":[{"taxonomy":"product_cat","embeddable":true,"href":"https:\/\/marvelousnutrition.com\/pt\/wp-json\/wp\/v2\/product_cat?post=5705"},{"taxonomy":"product_tag","embeddable":true,"href":"https:\/\/marvelousnutrition.com\/pt\/wp-json\/wp\/v2\/product_tag?post=5705"}],"curies":[{"name":"wp","href":"https:\/\/api.w.org\/{rel}","templated":true}]}}