{"id":5703,"date":"2025-11-05T09:26:58","date_gmt":"2025-11-05T09:26:58","guid":{"rendered":"https:\/\/marvelousnutrition.com\/?post_type=product&#038;p=5703"},"modified":"2025-11-07T09:50:05","modified_gmt":"2025-11-07T09:50:05","slug":"arginine","status":"publish","type":"product","link":"https:\/\/marvelousnutrition.com\/pt\/produto\/arginina\/","title":{"rendered":"A arginina"},"content":{"rendered":"<h6>Como Usar:<\/h6>\n<p>Tome 4 g 30 minutos antes do treino. Voc\u00ea pode mistur\u00e1-lo com o seu pr\u00e9-treino Experiment para maximizar os efeitos.<\/p>\n<h6>Descri\u00e7\u00e3o:<\/h6>\n<p>Nossa arginina \u00e9 um amino\u00e1cido n\u00e3o essencial produzido com ingredientes de alta qualidade. Ela participa de diversas \u00e1reas da bioqu\u00edmica humana, incluindo o metabolismo muscular, a secre\u00e7\u00e3o hormonal, a desintoxica\u00e7\u00e3o da am\u00f4nia e o sistema imunol\u00f3gico. A arginina promove a produ\u00e7\u00e3o de \u00f3xido n\u00edtrico, o que auxilia na circula\u00e7\u00e3o sangu\u00ednea e no desempenho muscular.<\/p>\n<h6>Benef\u00edcios do produto:<\/h6>\n<ul>\n<li><strong>Auxilia a s\u00edntese de prote\u00ednas.<\/strong><\/li>\n<li><strong>Aumenta o fluxo sangu\u00edneo para o tecido muscular.<\/strong><\/li>\n<li><strong>Melhora a sa\u00fade circulat\u00f3ria.<\/strong><\/li>\n<li><strong>Aumenta os n\u00edveis de \u00f3xido n\u00edtrico.<\/strong><\/li>\n<li><strong>Pode aumentar os n\u00edveis do Horm\u00f4nio do Crescimento (GH).<\/strong><\/li>\n<\/ul>\n<h6>Ingredientes:<\/h6>\n<p>L-Arginina<\/p>\n<h6>Informa\u00e7\u00f5es nutricionais:<\/h6>\n<table style=\"width:100%; border-collapse: collapse; background-color: #f0f0f0; color: #333; border: 1px solid #ccc;\">\n<tr>\n<td colspan=\"3\" style=\"text-align:center; font-weight:bold; padding: 8px;\">Por\u00e7\u00f5es por embalagem: 75 por\u00e7\u00f5es<\/td>\n<\/tr>\n<tr>\n<td colspan=\"3\" style=\"text-align:center; font-weight:bold; padding: 8px;\">Por\u00e7\u00e3o: 4g<\/td>\n<\/tr>\n<tr style=\"background-color: #d9d9d9; font-weight:bold;\">\n<th style=\"padding: 8px; border: 1px solid #ccc;\">Ingredientes<\/th>\n<th style=\"padding: 8px; border: 1px solid #ccc;\">Quantidade por dose<\/th>\n<th style=\"padding: 8px; border: 1px solid #ccc;\">NRV<\/th>\n<\/tr>\n<tr>\n<td style=\"padding: 8px; border: 1px solid #ccc;\">L-Arginina<\/td>\n<td style=\"padding: 8px; border: 1px solid #ccc;\">4000mg<\/td>\n<td style=\"padding: 8px; border: 1px solid #ccc;\">\u2013<\/td>\n<\/tr>\n<\/table>","protected":false},"excerpt":{"rendered":"<p>Nossa arginina \u00e9 um amino\u00e1cido n\u00e3o essencial de alta qualidade, presente em diversos processos da bioqu\u00edmica humana, incluindo o metabolismo muscular, a secre\u00e7\u00e3o hormonal, a desintoxica\u00e7\u00e3o da am\u00f4nia e o sistema imunol\u00f3gico. A arginina promove a produ\u00e7\u00e3o de \u00f3xido n\u00edtrico, que auxilia na circula\u00e7\u00e3o sangu\u00ednea e na sa\u00fade muscular.<\/p>","protected":false},"featured_media":5860,"comment_status":"closed","ping_status":"closed","template":"","meta":[],"product_cat":[197,134,228],"product_tag":[],"class_list":{"0":"post-5703","1":"product","2":"type-product","3":"status-publish","4":"has-post-thumbnail","6":"product_cat-all-products","7":"product_cat-amino-acid","8":"product_cat-old-school","10":"first","11":"instock","12":"shipping-taxable","13":"purchasable","14":"product-type-simple"},"_links":{"self":[{"href":"https:\/\/marvelousnutrition.com\/pt\/wp-json\/wp\/v2\/product\/5703","targetHints":{"allow":["GET"]}}],"collection":[{"href":"https:\/\/marvelousnutrition.com\/pt\/wp-json\/wp\/v2\/product"}],"about":[{"href":"https:\/\/marvelousnutrition.com\/pt\/wp-json\/wp\/v2\/types\/product"}],"replies":[{"embeddable":true,"href":"https:\/\/marvelousnutrition.com\/pt\/wp-json\/wp\/v2\/comments?post=5703"}],"wp:featuredmedia":[{"embeddable":true,"href":"https:\/\/marvelousnutrition.com\/pt\/wp-json\/wp\/v2\/media\/5860"}],"wp:attachment":[{"href":"https:\/\/marvelousnutrition.com\/pt\/wp-json\/wp\/v2\/media?parent=5703"}],"wp:term":[{"taxonomy":"product_cat","embeddable":true,"href":"https:\/\/marvelousnutrition.com\/pt\/wp-json\/wp\/v2\/product_cat?post=5703"},{"taxonomy":"product_tag","embeddable":true,"href":"https:\/\/marvelousnutrition.com\/pt\/wp-json\/wp\/v2\/product_tag?post=5703"}],"curies":[{"name":"wp","href":"https:\/\/api.w.org\/{rel}","templated":true}]}}