{"id":5693,"date":"2025-11-05T09:26:54","date_gmt":"2025-11-05T09:26:54","guid":{"rendered":"https:\/\/marvelousnutrition.com\/?post_type=product&#038;p=5693"},"modified":"2026-03-15T23:53:12","modified_gmt":"2026-03-15T23:53:12","slug":"maze","status":"publish","type":"product","link":"https:\/\/marvelousnutrition.com\/pt\/produto\/labirinto\/","title":{"rendered":"Labirinto"},"content":{"rendered":"<h6>Apresenta\u00e7\u00e3o do produto:<\/h6>\n<p><strong>Amino\u00e1cidos Premium Maze<\/strong> Vai desvendar o mist\u00e9rio do ganho de massa muscular como nenhum outro! Agora voc\u00ea pode crescer o dia todo.<\/p>\n<p>Esta \u00e9 a combina\u00e7\u00e3o perfeita de amino\u00e1cidos essenciais (AAE) e componentes inovadores, adequada para uso antes, durante e depois dos treinos \u2014 desenvolvida para dar aos seus m\u00fasculos a vantagem definitiva.<\/p>\n<p>Os amino\u00e1cidos de cadeia ramificada (BCAAs) sinalizam a s\u00edntese de prote\u00ednas musculares, mas o crescimento \u00e9 incompleto sem todos os nove amino\u00e1cidos essenciais (EAAs) \u2014 que o seu corpo precisa, mas n\u00e3o consegue produzir sozinho.<\/p>\n<h6>Benef\u00edcios do produto:<\/h6>\n<ul>\n<li><strong>Promove a produ\u00e7\u00e3o de massa muscular magra.<\/strong><\/li>\n<li><strong>Aumenta a capacidade anab\u00f3lica<\/strong><\/li>\n<li><strong>Proporciona ganhos extraordin\u00e1rios em massa muscular e for\u00e7a, sem os efeitos colaterais negativos dos esteroides ou pr\u00f3-horm\u00f4nios.<\/strong><\/li>\n<li><strong>Preserva a massa muscular durante treinos e dietas de alta intensidade.<\/strong><\/li>\n<li><strong>Ajuda a queimar gordura<\/strong><\/li>\n<li><strong>Remove o excesso de am\u00f4nia e toxinas do corpo.<\/strong><\/li>\n<li><strong>Aumenta a resposta do sistema imunol\u00f3gico.<\/strong><\/li>\n<\/ul>\n<h6>A ci\u00eancia por tr\u00e1s da f\u00f3rmula:<\/h6>\n<ul>\n<li><strong>Leucina:<\/strong> O amino\u00e1cido mais potente para estimular a s\u00edntese de prote\u00ednas no m\u00fasculo esquel\u00e9tico atrav\u00e9s da via mTOR.<\/li>\n<li><strong>Fenilalanina:<\/strong> Um precursor da tirosina, que auxilia na produ\u00e7\u00e3o de dopamina, norepinefrina e epinefrina.<\/li>\n<li><strong>Lisina:<\/strong> Um componente essencial para a prote\u00edna muscular; auxilia na absor\u00e7\u00e3o de c\u00e1lcio, melhora a recupera\u00e7\u00e3o e apoia a produ\u00e7\u00e3o de horm\u00f4nios, enzimas e anticorpos.<\/li>\n<li><strong>Valina:<\/strong> Essencial para o metabolismo, repara\u00e7\u00e3o e crescimento muscular, mantendo o equil\u00edbrio de nitrog\u00eanio no organismo.<\/li>\n<li><strong>Treonina:<\/strong> Um componente essencial do col\u00e1geno, da elastina e das prote\u00ednas do esmalte; auxilia na digest\u00e3o, na sa\u00fade intestinal e na imunidade. Converte-se em glicina, que ajuda a reduzir espasmos musculares indesejados.<\/li>\n<li><strong>Isoleucina:<\/strong> Promove a recupera\u00e7\u00e3o muscular, auxilia na forma\u00e7\u00e3o de hemoglobina e contribui para a regula\u00e7\u00e3o do a\u00e7\u00facar no sangue e dos n\u00edveis de energia.<\/li>\n<li><strong>Histidina:<\/strong> Essencial para o crescimento e repara\u00e7\u00e3o do tecido muscular, auxilia na prote\u00e7\u00e3o dos nervos, contribui para a produ\u00e7\u00e3o de gl\u00f3bulos vermelhos e brancos e promove a digest\u00e3o atrav\u00e9s da forma\u00e7\u00e3o de suco g\u00e1strico.<\/li>\n<li><strong>Metionina:<\/strong> Atua como um potente antioxidante, auxilia no metabolismo de gorduras, favorece a digest\u00e3o e desintoxica o f\u00edgado.<\/li>\n<li><strong>L-Ornitina:<\/strong> Desempenha um papel fundamental no ciclo da ureia, ajudando o organismo a eliminar a am\u00f4nia t\u00f3xica (NH3) atrav\u00e9s da convers\u00e3o em ureia, que \u00e9 ent\u00e3o excretada na urina.<\/li>\n<li><strong>L-Carnitina L-Tartarato:<\/strong> Um amino\u00e1cido condicionalmente essencial que ajuda a converter gordura em energia. Contribui para a sa\u00fade muscular, card\u00edaca e cerebral. O L-tartarato potencializa a atividade antioxidante e atua como regulador de acidez.<\/li>\n<li><strong>L-Glutamina:<\/strong> A glutamina \u00e9 o amino\u00e1cido mais abundante no corpo, representando mais de 60% dos amino\u00e1cidos livres no m\u00fasculo esquel\u00e9tico. Ap\u00f3s exerc\u00edcios intensos, os n\u00edveis de glutamina podem cair at\u00e9 50% (ou at\u00e9 50%). A suplementa\u00e7\u00e3o minimiza a degrada\u00e7\u00e3o muscular, melhora o metabolismo proteico, fortalece o sistema imunol\u00f3gico e mant\u00e9m a sa\u00fade intestinal para uma absor\u00e7\u00e3o ideal de nutrientes e melhor desempenho.<\/li>\n<\/ul>\n<p><a href=\"https:\/\/marvelousnutrition.com\/wp-content\/uploads\/2025\/11\/maze-gadwel-scaled.png\"><img fetchpriority=\"high\" decoding=\"async\" class=\"alignnone size-medium wp-image-6366\" src=\"https:\/\/marvelousnutrition.com\/wp-content\/uploads\/2025\/11\/maze-gadwel-300x225.png\" alt=\"\" width=\"300\" height=\"225\" srcset=\"https:\/\/marvelousnutrition.com\/wp-content\/uploads\/2025\/11\/maze-gadwel-300x225.png 300w, https:\/\/marvelousnutrition.com\/wp-content\/uploads\/2025\/11\/maze-gadwel-1024x768.png 1024w, https:\/\/marvelousnutrition.com\/wp-content\/uploads\/2025\/11\/maze-gadwel-768x576.png 768w, https:\/\/marvelousnutrition.com\/wp-content\/uploads\/2025\/11\/maze-gadwel-1536x1152.png 1536w, https:\/\/marvelousnutrition.com\/wp-content\/uploads\/2025\/11\/maze-gadwel-2048x1536.png 2048w, https:\/\/marvelousnutrition.com\/wp-content\/uploads\/2025\/11\/maze-gadwel-16x12.png 16w, https:\/\/marvelousnutrition.com\/wp-content\/uploads\/2025\/11\/maze-gadwel-800x600.png 800w\" sizes=\"(max-width: 300px) 100vw, 300px\" \/><\/a><\/p>","protected":false},"excerpt":{"rendered":"<p>Maze Premium Aminos vai desvendar o mist\u00e9rio do ganho de massa muscular como nenhum outro! Agora voc\u00ea pode crescer o dia todo.<br \/>\nA combina\u00e7\u00e3o perfeita de amino\u00e1cidos essenciais e componentes inovadores adicionais, adequada para uso antes, durante e depois dos treinos, para potencializar o desempenho muscular.<\/p>","protected":false},"featured_media":5818,"comment_status":"closed","ping_status":"closed","template":"","meta":[],"product_cat":[134,199,200,201],"product_tag":[202],"class_list":{"0":"post-5693","1":"product","2":"type-product","3":"status-publish","4":"has-post-thumbnail","6":"product_cat-amino-acid","7":"product_cat-marvelous-originals","8":"product_cat-protein-and-eaa","9":"product_cat-recovery-and-muscle-building","10":"product_tag-top-selling","12":"first","13":"instock","14":"shipping-taxable","15":"purchasable","16":"product-type-variable"},"_links":{"self":[{"href":"https:\/\/marvelousnutrition.com\/pt\/wp-json\/wp\/v2\/product\/5693","targetHints":{"allow":["GET"]}}],"collection":[{"href":"https:\/\/marvelousnutrition.com\/pt\/wp-json\/wp\/v2\/product"}],"about":[{"href":"https:\/\/marvelousnutrition.com\/pt\/wp-json\/wp\/v2\/types\/product"}],"replies":[{"embeddable":true,"href":"https:\/\/marvelousnutrition.com\/pt\/wp-json\/wp\/v2\/comments?post=5693"}],"wp:featuredmedia":[{"embeddable":true,"href":"https:\/\/marvelousnutrition.com\/pt\/wp-json\/wp\/v2\/media\/5818"}],"wp:attachment":[{"href":"https:\/\/marvelousnutrition.com\/pt\/wp-json\/wp\/v2\/media?parent=5693"}],"wp:term":[{"taxonomy":"product_cat","embeddable":true,"href":"https:\/\/marvelousnutrition.com\/pt\/wp-json\/wp\/v2\/product_cat?post=5693"},{"taxonomy":"product_tag","embeddable":true,"href":"https:\/\/marvelousnutrition.com\/pt\/wp-json\/wp\/v2\/product_tag?post=5693"}],"curies":[{"name":"wp","href":"https:\/\/api.w.org\/{rel}","templated":true}]}}