{"id":5692,"date":"2025-11-05T09:26:54","date_gmt":"2025-11-05T09:26:54","guid":{"rendered":"https:\/\/marvelousnutrition.com\/?post_type=product&#038;p=5692"},"modified":"2026-03-15T23:52:12","modified_gmt":"2026-03-15T23:52:12","slug":"recharge","status":"publish","type":"product","link":"https:\/\/marvelousnutrition.com\/pt\/produto\/recarregar\/","title":{"rendered":"Recarga"},"content":{"rendered":"<h6>Apresenta\u00e7\u00e3o do produto:<\/h6>\n<p><strong>Ganhe massa muscular de forma saud\u00e1vel e fique mais definido!<\/strong><\/p>\n<p>Recharge \u00e9 uma f\u00f3rmula exclusiva composta por ingredientes cientificamente comprovados que imitam a insulina \u2014 um agente de elimina\u00e7\u00e3o de glicose (GDA) de alta qualidade, desenvolvido para ajudar a converter a ingest\u00e3o de carboidratos em energia muscular em vez de gordura corporal. A insulina \u00e9 um horm\u00f4nio poderoso tanto para o desenvolvimento muscular quanto para a perda de gordura.<\/p>\n<p>Recharge \u00e9 um suplemento t\u00e3o popular porque pode ser usado para construir m\u00fasculos e queimar gordura simultaneamente. Durante o per\u00edodo de ganho de massa, ele previne o ac\u00famulo de gordura e ajuda a aproveitar os efeitos anab\u00f3licos da insulina para o crescimento muscular. Durante o per\u00edodo de defini\u00e7\u00e3o, ele aumenta a queima de gordura e mant\u00e9m os m\u00fasculos volumosos mesmo com uma dieta com baixo teor de carboidratos.<\/p>\n<h6>Benef\u00edcios do produto:<\/h6>\n<ul>\n<li><strong>Utilizando carboidratos para absor\u00e7\u00e3o muscular<\/strong><\/li>\n<li><strong>Melhorar a sensibilidade \u00e0 insulina nos m\u00fasculos<\/strong><\/li>\n<li><strong>Combater o alto consumo de glicose<\/strong><\/li>\n<li><strong>Aumentar a produ\u00e7\u00e3o de \u00f3xido n\u00edtrico e fornecer um roteiro para a bomba.<\/strong><\/li>\n<\/ul>\n<h6>A ci\u00eancia por tr\u00e1s da f\u00f3rmula:<\/h6>\n<ul>\n<li><strong>Berberina:<\/strong> Aumenta a sensibilidade \u00e0 insulina, permitindo que ela direcione melhor os carboidratos e as prote\u00ednas para os m\u00fasculos. A berberina \u00e9 um potente ativador da redistribui\u00e7\u00e3o da glicose e \u00e9 t\u00e3o eficaz quanto muitos medicamentos usados para tratar diabetes.<\/li>\n<li><strong>Canela:<\/strong> Atua como um mim\u00e9tico da insulina, ao mesmo tempo que potencializa a a\u00e7\u00e3o da insulina.<\/li>\n<li><strong>\u00c1cido alfa-lip\u00f3ico:<\/strong> Aumenta o fluxo sangu\u00edneo, permitindo que mais nutrientes cheguem aos m\u00fasculos.<\/li>\n<li><strong>Cromo:<\/strong> Um oligoelemento essencial para o funcionamento ideal do organismo. Ajuda a modular a glicemia, aumentando a atividade da insulina.<\/li>\n<\/ul>\n<p><a href=\"https:\/\/marvelousnutrition.com\/wp-content\/uploads\/2025\/11\/recharge-gadwel-scaled.png\"><img decoding=\"async\" class=\"alignnone size-medium wp-image-6365\" src=\"https:\/\/marvelousnutrition.com\/wp-content\/uploads\/2025\/11\/recharge-gadwel-300x137.png\" alt=\"\" width=\"300\" height=\"137\" srcset=\"https:\/\/marvelousnutrition.com\/wp-content\/uploads\/2025\/11\/recharge-gadwel-300x137.png 300w, https:\/\/marvelousnutrition.com\/wp-content\/uploads\/2025\/11\/recharge-gadwel-1024x469.png 1024w, https:\/\/marvelousnutrition.com\/wp-content\/uploads\/2025\/11\/recharge-gadwel-768x351.png 768w, https:\/\/marvelousnutrition.com\/wp-content\/uploads\/2025\/11\/recharge-gadwel-1536x703.png 1536w, https:\/\/marvelousnutrition.com\/wp-content\/uploads\/2025\/11\/recharge-gadwel-2048x937.png 2048w, https:\/\/marvelousnutrition.com\/wp-content\/uploads\/2025\/11\/recharge-gadwel-18x8.png 18w, https:\/\/marvelousnutrition.com\/wp-content\/uploads\/2025\/11\/recharge-gadwel-1650x760.png 1650w, https:\/\/marvelousnutrition.com\/wp-content\/uploads\/2025\/11\/recharge-gadwel-800x366.png 800w\" sizes=\"(max-width: 300px) 100vw, 300px\" \/><\/a><\/p>","protected":false},"excerpt":{"rendered":"<p>Ganhe massa muscular de forma saud\u00e1vel e fique mais definido!<\/p>\n<p>Recharge \u00e9 uma f\u00f3rmula exclusiva com ingredientes cientificamente comprovados que imitam a insulina, um agente de elimina\u00e7\u00e3o de glicose de alta qualidade (GDA) desenvolvido para ajudar a converter a ingest\u00e3o de carboidratos em massa para a constru\u00e7\u00e3o muscular, em vez de armazen\u00e1-los como gordura corporal. A insulina \u00e9 um horm\u00f4nio poderoso tanto para o desenvolvimento muscular quanto para a perda de gordura.<\/p>","protected":false},"featured_media":6223,"comment_status":"closed","ping_status":"closed","template":"","meta":[],"product_cat":[204,205,199],"product_tag":[202],"class_list":{"0":"post-5692","1":"product","2":"type-product","3":"status-publish","4":"has-post-thumbnail","6":"product_cat-fat-burners-and-diuretics","7":"product_cat-insulin-and-growth-hormone-boosters","8":"product_cat-marvelous-originals","9":"product_tag-top-selling","11":"first","12":"instock","13":"shipping-taxable","14":"purchasable","15":"product-type-simple"},"_links":{"self":[{"href":"https:\/\/marvelousnutrition.com\/pt\/wp-json\/wp\/v2\/product\/5692","targetHints":{"allow":["GET"]}}],"collection":[{"href":"https:\/\/marvelousnutrition.com\/pt\/wp-json\/wp\/v2\/product"}],"about":[{"href":"https:\/\/marvelousnutrition.com\/pt\/wp-json\/wp\/v2\/types\/product"}],"replies":[{"embeddable":true,"href":"https:\/\/marvelousnutrition.com\/pt\/wp-json\/wp\/v2\/comments?post=5692"}],"wp:featuredmedia":[{"embeddable":true,"href":"https:\/\/marvelousnutrition.com\/pt\/wp-json\/wp\/v2\/media\/6223"}],"wp:attachment":[{"href":"https:\/\/marvelousnutrition.com\/pt\/wp-json\/wp\/v2\/media?parent=5692"}],"wp:term":[{"taxonomy":"product_cat","embeddable":true,"href":"https:\/\/marvelousnutrition.com\/pt\/wp-json\/wp\/v2\/product_cat?post=5692"},{"taxonomy":"product_tag","embeddable":true,"href":"https:\/\/marvelousnutrition.com\/pt\/wp-json\/wp\/v2\/product_tag?post=5692"}],"curies":[{"name":"wp","href":"https:\/\/api.w.org\/{rel}","templated":true}]}}