{"id":5691,"date":"2025-11-05T09:26:54","date_gmt":"2025-11-05T09:26:54","guid":{"rendered":"https:\/\/marvelousnutrition.com\/?post_type=product&#038;p=5691"},"modified":"2026-03-15T23:51:36","modified_gmt":"2026-03-15T23:51:36","slug":"savior","status":"publish","type":"product","link":"https:\/\/marvelousnutrition.com\/pt\/produto\/salvador\/","title":{"rendered":"Salvador"},"content":{"rendered":"<h3>Product Intro:<\/h3>\n<p>A post workout has finally arrived to save you after that extreme workout.<\/p>\n<p>Advanced science has led to the blend of the strongest amino acid agents of highest quality plus extra support agents for muscle growth and recovery, Savior Contains of blend of carbohydrates made of the famous cluster Dextrin to Replenish Glycogen storage also it contains Essential amino acids to make sure that the body is in an anabolic state beside creatine.<\/p>\n<p>These Unique ingredients protect, preserve and replenish precious muscle glycogen and help you get an anabolic \/ anti-catabolic jump-start on recovering from your workouts. Another great benefit: it won\u2019t upset your stomach (unlike so many other formulas). Muscle building process needs adequate recovery which start the moment you end your workout.<\/p>\n<h3>Product benefits:<\/h3>\n<ul>\n<li>Enhanced muscle growth<\/li>\n<li>Increasing strength and power<\/li>\n<li>Fast Glycogen uptake into muscles after workout<\/li>\n<li>Increased strength and physical performance<\/li>\n<\/ul>\n<h3>Science behind the formula:<\/h3>\n<ul>\n<li>Savior contains highly branched cyclic dextrin (as 10 grams of Cyclic Dextrin\u00ae) to enhance gastric emptying<sup>1<\/sup> and minimize gastrointestinal discomfort during exercise [including burping and gas, which your training partner benefit will appreciate<sup>2<\/sup>]. By more rapidly ushering glucose from the stomach<sup>3,4<\/sup> to the small intestine and blood stream<sup>5<\/sup>, Cyclic Dextrin can improve performance<sup>6-8<\/sup>, and maintain higher glycogen levels during exercise<sup>9<\/sup>, giving you a head start on recovering for your next workout<sup>10<\/sup>.<\/li>\n<li>To ensure a sustained, crash-free elevation of blood glucose during your workout or whenever you have consumed Savior, we\u2019ve also included 5 grams of Maltodextrin in Savior. Maltodextrin is a disaccharide that produces a steady rise in blood glucose but at a baseline level much lower than even table sugar<sup>11<\/sup>.<\/li>\n<li>Lastly, we have included a small amount of Dextrose (glucose), the carbohydrate source commonly used as the standard for determining glycemic index (GI). The GI of dextrose is higher than essentially all kinds of rice products, for instance Dextrose\u2019s rapid entry into the bloodstream will promote insulin release, so including a small amount in Savior favors the positive balance of skeletal muscle protein synthesis and breakdown we all seek, as long as you\u2019ve been diligent enough to consume protein with your carbs.<\/li>\n<li><strong>Leucine<\/strong> \u2013 the most powerful amino for stimulating skeletal muscle protein synthesis via mTOR.<\/li>\n<li><strong>Phenylalanine<\/strong> \u2013 a precursor for tyrosine, which signals dopamine, norepinephrine, and epinephrine.<\/li>\n<li><strong>Lysine<\/strong> \u2013 a necessary building block for muscle protein, plays a major role in calcium absorption, improves recovery and aids in the body\u2019s production of hormones, enzymes and antibodies.<\/li>\n<li><strong>Valine<\/strong> \u2013 required for muscle metabolism, repair and growth and maintains nitrogen balance in the body.<\/li>\n<li><strong>Threonine<\/strong> \u2013 a key component of collagen, elastin, and enamel proteins, helps digestion and intestinal tracts and improves immunity, coverts to glycine that reduces constant and unwanted muscle contractions (spasms).<\/li>\n<li><strong>Isoleucine<\/strong> \u2013 promotes muscle recovery after exercise, helps form hemoglobin, and assists with blood sugar regulation and energy levels.<\/li>\n<li><strong>Histidine<\/strong> \u2013 needed for the growth and repair of muscle tissue, maintenance of the myelin sheaths that act as protector for nerve cells, the manufacturing of red and white blood cells, and helps product gastric juices to aid in digestion.<\/li>\n<li><strong>Methionine<\/strong> \u2013 acts as an excellent antioxidant, assists in the breakdown of fats, assist in the digestive system, and detoxifies the liver.<\/li>\n<li><strong>L Glutamine:<\/strong> L-glutamine is the most abundant amino acid in your body. It accounts for more than 60% of the free amino acids in skeletal muscle, meaning it is highly concentrated in muscle tissue. Following intense exercise, L-glutamine levels fall significantly (by up to 50%). L-glutamine supplementation is a must for any serious athlete participating in physical training. L-glutamine has several benefits that contribute to muscle growth, performance and recovery: The first of these is L-glutamine\u2019s role in muscle health, minimizing muscle breakdown and improving protein metabolism [1, 2]. L-glutamine\u2019s anti-catabolic ability preventing muscle breakdown is especially beneficial for those who are dieting and looking to lose body fat whilst preserving muscle mass.<\/li>\n<\/ul>\n<p><a href=\"https:\/\/marvelousnutrition.com\/wp-content\/uploads\/2025\/11\/savior-gadwel-scaled.png\"><img fetchpriority=\"high\" decoding=\"async\" class=\"alignnone size-medium wp-image-6364\" src=\"https:\/\/marvelousnutrition.com\/wp-content\/uploads\/2025\/11\/savior-gadwel-300x168.png\" alt=\"\" width=\"300\" height=\"168\" srcset=\"https:\/\/marvelousnutrition.com\/wp-content\/uploads\/2025\/11\/savior-gadwel-300x168.png 300w, https:\/\/marvelousnutrition.com\/wp-content\/uploads\/2025\/11\/savior-gadwel-1024x575.png 1024w, https:\/\/marvelousnutrition.com\/wp-content\/uploads\/2025\/11\/savior-gadwel-768x431.png 768w, https:\/\/marvelousnutrition.com\/wp-content\/uploads\/2025\/11\/savior-gadwel-1536x862.png 1536w, https:\/\/marvelousnutrition.com\/wp-content\/uploads\/2025\/11\/savior-gadwel-2048x1150.png 2048w, https:\/\/marvelousnutrition.com\/wp-content\/uploads\/2025\/11\/savior-gadwel-18x10.png 18w, https:\/\/marvelousnutrition.com\/wp-content\/uploads\/2025\/11\/savior-gadwel-800x449.png 800w\" sizes=\"(max-width: 300px) 100vw, 300px\" \/><\/a><\/p>\n","protected":false},"excerpt":{"rendered":"<p>Finalmente chegou o suplemento p\u00f3s-treino para te salvar depois daquele treino intenso.<\/p>\n<p>A ci\u00eancia avan\u00e7ada resultou na combina\u00e7\u00e3o dos mais potentes amino\u00e1cidos da mais alta qualidade, al\u00e9m de agentes de suporte adicionais para o crescimento e recupera\u00e7\u00e3o muscular. Savior cont\u00e9m uma mistura de carboidratos composta pelo famoso composto de dextrina para repor os estoques de glicog\u00eanio, al\u00e9m de amino\u00e1cidos essenciais para garantir que o corpo esteja em um estado anab\u00f3lico, juntamente com creatina.<\/p>","protected":false},"featured_media":5821,"comment_status":"closed","ping_status":"closed","template":"","meta":[],"product_cat":[197,198,199,200,201],"product_tag":[202],"class_list":{"0":"post-5691","1":"product","2":"type-product","3":"status-publish","4":"has-post-thumbnail","6":"product_cat-all-products","7":"product_cat-carbohydrates-and-weight-gainer","8":"product_cat-marvelous-originals","9":"product_cat-protein-and-eaa","10":"product_cat-recovery-and-muscle-building","11":"product_tag-top-selling","13":"first","14":"instock","15":"shipping-taxable","16":"purchasable","17":"product-type-variable"},"_links":{"self":[{"href":"https:\/\/marvelousnutrition.com\/pt\/wp-json\/wp\/v2\/product\/5691","targetHints":{"allow":["GET"]}}],"collection":[{"href":"https:\/\/marvelousnutrition.com\/pt\/wp-json\/wp\/v2\/product"}],"about":[{"href":"https:\/\/marvelousnutrition.com\/pt\/wp-json\/wp\/v2\/types\/product"}],"replies":[{"embeddable":true,"href":"https:\/\/marvelousnutrition.com\/pt\/wp-json\/wp\/v2\/comments?post=5691"}],"wp:featuredmedia":[{"embeddable":true,"href":"https:\/\/marvelousnutrition.com\/pt\/wp-json\/wp\/v2\/media\/5821"}],"wp:attachment":[{"href":"https:\/\/marvelousnutrition.com\/pt\/wp-json\/wp\/v2\/media?parent=5691"}],"wp:term":[{"taxonomy":"product_cat","embeddable":true,"href":"https:\/\/marvelousnutrition.com\/pt\/wp-json\/wp\/v2\/product_cat?post=5691"},{"taxonomy":"product_tag","embeddable":true,"href":"https:\/\/marvelousnutrition.com\/pt\/wp-json\/wp\/v2\/product_tag?post=5691"}],"curies":[{"name":"wp","href":"https:\/\/api.w.org\/{rel}","templated":true}]}}