{"id":5644,"date":"2025-11-05T05:32:27","date_gmt":"2025-11-05T05:32:27","guid":{"rendered":"https:\/\/marvelousnutrition.com\/?post_type=product&#038;p=5644"},"modified":"2025-12-31T10:53:57","modified_gmt":"2025-12-31T10:53:57","slug":"alive","status":"publish","type":"product","link":"https:\/\/marvelousnutrition.com\/pt\/produto\/vivo\/","title":{"rendered":"Vivo"},"content":{"rendered":"<h6>Ingredientes:<\/h6>\n<p>\nBisglicinato de magn\u00e9sio, cloreto de c\u00e1lcio, citrato de pot\u00e1ssio e \u00e1cido L-asc\u00f3rbico (vitamina C).<br \/>\n<strong>Mistura probi\u00f3tica \u2013 Megaflora 9 EVO:<\/strong> Bifidobacterium lactis, Enterococcus faecium, Lactobacillus acidophilus, Lactobacillus paracasei, Lactobacillus plantarum, Lactobacillus salivarius e Lactococcus lactis.<br \/>\nAcetato de DL-alfa tocoferol (Vitamina E), extrato seco de espinheiro-alvar (<em>Crataegus pinnatifida Bge.<\/em>, bagas) e extrato seco de cardo-mariano (<em>Silybum marianum (L.) Gaertn.<\/em>, semente).<br \/>\nN-acetil L-ciste\u00edna, extrato seco de Turmeric Cursol\u00ae (<em>Curcuma longa L.<\/em>, rizoma) 2.1% curcumina e extrato seco de Ashwagandha KSM-66\u00ae (<em>Withania somnifera<\/em>, raiz) 5% withanolides.<br \/>\nAgente de volume: Celulose microcristalina (E-460i), Antiaglomerante: Sais de magn\u00e9sio de \u00e1cidos graxos (E-470b) e bisglicinato de zinco.<br \/>\n\u00c1cido alfa-lip\u00f3ico, extrato seco de casca de pinheiro (<em>Pinus maritima Lamarck (Pinus pinaster Aiton)<\/em>, casca), extrato seco de Ginkgo biloba (<em>Ginkgo biloba L.<\/em>, folhas), e L-arginina.<br \/>\nExtrato seco de Tribulus (<em>Tribulus terrestris L.<\/em>, fruta), cloridrato de tiamina (vitamina B1) e nicotinamida (niacina).\n<\/p>\n<h6>Como usar:<\/h6>\n<p>Tomar 4 c\u00e1psulas por dia.<\/p>\n<p><img fetchpriority=\"high\" decoding=\"async\" src=\"https:\/\/marvelousnutrition.com\/wp-content\/uploads\/2019\/09\/alive-gadwel-1024x862.png\" alt=\"Suplemento alimentar Alive\" width=\"1024\" height=\"862\" class=\"alignnone size-large wp-image-7878\" \/><\/p>","protected":false},"excerpt":{"rendered":"<p>O nome faz jus \u00e0 nossa palavra. Nosso multivitam\u00ednico, uma obra-prima livre de al\u00e9rgenos e com pureza natural testada, proporcionar\u00e1 a voc\u00ea uma sensa\u00e7\u00e3o revigorante de frescor e energia, n\u00e3o importa o qu\u00e3o dif\u00edcil seja sua rotina di\u00e1ria. Um novo dia para come\u00e7ar com vitalidade.<\/p>\n<p>Alive oferece uma poderosa combina\u00e7\u00e3o de vitaminas, minerais e extratos vegetais naturais da mais alta qualidade para maximizar o potencial do atleta por meio de nutri\u00e7\u00e3o superior. Sua f\u00f3rmula cont\u00e9m n\u00edveis mais elevados de antioxidantes para ajudar a neutralizar o estresse oxidativo causado por atividades f\u00edsicas intensas.  <\/p>\n<h6>Benef\u00edcios do produto:<\/h6>\n<p><strong>\u2013 Promove a sa\u00fade geral, o sistema imunol\u00f3gico e a produ\u00e7\u00e3o natural de horm\u00f4nios.<\/strong><\/p>\n<p><strong>\u2013 Fortalecendo a sa\u00fade das articula\u00e7\u00f5es, dos ossos e do trato gastrointestinal.<\/strong><\/p>\n<p><strong>\u2013 Aumentar os n\u00edveis de energia naturalmente. <\/strong><\/p>\n<p><strong>\u2013 Melhora o foco mental e a sensa\u00e7\u00e3o de bem-estar.<\/strong><\/p>\n<p><strong>\u2013 Reduzir a fadiga f\u00edsica e mental.<\/strong><\/p>\n<p><strong>\u2013 Usado como medicamento de venda livre para defesa dos \u00f3rg\u00e3os contra toxinas. <\/strong><\/p>\n<p><strong>\u2013 Auxilia na sa\u00fade do f\u00edgado, rins, cora\u00e7\u00e3o, colesterol, press\u00e3o arterial e olhos.<\/strong><\/p>","protected":false},"featured_media":5877,"comment_status":"closed","ping_status":"closed","template":"","meta":[],"product_cat":[208,199,210],"product_tag":[202],"class_list":{"0":"post-5644","1":"product","2":"type-product","3":"status-publish","4":"has-post-thumbnail","6":"product_cat-health-and-recovery","7":"product_cat-marvelous-originals","8":"product_cat-multivitamins","9":"product_tag-top-selling","11":"first","12":"outofstock","13":"shipping-taxable","14":"purchasable","15":"product-type-simple"},"_links":{"self":[{"href":"https:\/\/marvelousnutrition.com\/pt\/wp-json\/wp\/v2\/product\/5644","targetHints":{"allow":["GET"]}}],"collection":[{"href":"https:\/\/marvelousnutrition.com\/pt\/wp-json\/wp\/v2\/product"}],"about":[{"href":"https:\/\/marvelousnutrition.com\/pt\/wp-json\/wp\/v2\/types\/product"}],"replies":[{"embeddable":true,"href":"https:\/\/marvelousnutrition.com\/pt\/wp-json\/wp\/v2\/comments?post=5644"}],"wp:featuredmedia":[{"embeddable":true,"href":"https:\/\/marvelousnutrition.com\/pt\/wp-json\/wp\/v2\/media\/5877"}],"wp:attachment":[{"href":"https:\/\/marvelousnutrition.com\/pt\/wp-json\/wp\/v2\/media?parent=5644"}],"wp:term":[{"taxonomy":"product_cat","embeddable":true,"href":"https:\/\/marvelousnutrition.com\/pt\/wp-json\/wp\/v2\/product_cat?post=5644"},{"taxonomy":"product_tag","embeddable":true,"href":"https:\/\/marvelousnutrition.com\/pt\/wp-json\/wp\/v2\/product_tag?post=5644"}],"curies":[{"name":"wp","href":"https:\/\/api.w.org\/{rel}","templated":true}]}}