{"id":5643,"date":"2025-11-05T05:32:27","date_gmt":"2025-11-05T05:32:27","guid":{"rendered":"https:\/\/marvelousnutrition.com\/?post_type=product&#038;p=5643"},"modified":"2026-03-16T20:11:30","modified_gmt":"2026-03-16T20:11:30","slug":"amputation","status":"publish","type":"product","link":"https:\/\/marvelousnutrition.com\/pt\/produto\/amputacao\/","title":{"rendered":"Amputa\u00e7\u00e3o"},"content":{"rendered":"<h6>Apresenta\u00e7\u00e3o do produto:<\/h6>\n<p>Transforme seu f\u00edsico e sinta-se como um super-her\u00f3i com <strong>Amputa\u00e7\u00e3o<\/strong> \u2014 uma f\u00f3rmula poderosa para queimar gordura, desenvolvida para remodelar seu corpo e preservar a massa muscular magra.<\/p>\n<p>A amputa\u00e7\u00e3o apresenta um <strong>Mistura complexa de ingredientes puros de grau farmac\u00eautico superior.<\/strong> que potencializam os n\u00edveis de energia do seu corpo, ajudando a queimar gordura, eliminar o excesso de \u00e1gua e reduzir o estrog\u00eanio \u2014 tudo isso sem sacrificar a massa muscular.<\/p>\n<p>Esta f\u00f3rmula avan\u00e7ada ataca a gordura por meio de m\u00faltiplas vias, garantindo que seu corpo queime a gordura armazenada de forma consistente, enquanto elimina a reten\u00e7\u00e3o de l\u00edquidos indesejada. Ao elevar a temperatura corporal central, o Amputation promove a termog\u00eanese, ajudando voc\u00ea a queimar calorias e suar intensamente durante cada treino.<\/p>\n<p>Enriquecido com uma potente mistura de <strong>super ervas<\/strong> e <strong>ALCAR (Acetil L-Carnitina)<\/strong>, A amputa\u00e7\u00e3o melhora o metabolismo da gordura, aumenta a resist\u00eancia e favorece transforma\u00e7\u00f5es f\u00edsicas impressionantes, garantindo que sua energia seja obtida de forma eficiente a partir das reservas de gordura.<\/p>\n<h6>Benef\u00edcios do produto:<\/h6>\n<p>A f\u00f3rmula exclusiva contribui para:<\/p>\n<ul>\n<li><strong>Aumento do metabolismo<\/strong><\/li>\n<li><strong>N\u00edveis equilibrados de cortisol<\/strong><\/li>\n<li><strong>Mais energia e concentra\u00e7\u00e3o<\/strong><\/li>\n<li><strong>Melhora da produ\u00e7\u00e3o da tireoide<\/strong><\/li>\n<li><strong>Redu\u00e7\u00e3o do excesso de \u00e1gua corporal<a href=\"https:\/\/marvelousnutrition.com\/wp-content\/uploads\/2025\/11\/amputaion-gadwal.png\"><img fetchpriority=\"high\" decoding=\"async\" class=\"alignnone size-medium wp-image-6387\" src=\"https:\/\/marvelousnutrition.com\/wp-content\/uploads\/2025\/11\/amputaion-gadwal-300x186.png\" alt=\"\" width=\"300\" height=\"186\" srcset=\"https:\/\/marvelousnutrition.com\/wp-content\/uploads\/2025\/11\/amputaion-gadwal-300x186.png 300w, https:\/\/marvelousnutrition.com\/wp-content\/uploads\/2025\/11\/amputaion-gadwal-1024x635.png 1024w, https:\/\/marvelousnutrition.com\/wp-content\/uploads\/2025\/11\/amputaion-gadwal-768x476.png 768w, https:\/\/marvelousnutrition.com\/wp-content\/uploads\/2025\/11\/amputaion-gadwal-1536x952.png 1536w, https:\/\/marvelousnutrition.com\/wp-content\/uploads\/2025\/11\/amputaion-gadwal-18x12.png 18w, https:\/\/marvelousnutrition.com\/wp-content\/uploads\/2025\/11\/amputaion-gadwal-800x496.png 800w, https:\/\/marvelousnutrition.com\/wp-content\/uploads\/2025\/11\/amputaion-gadwal.png 1799w\" sizes=\"(max-width: 300px) 100vw, 300px\" \/><\/a><\/strong><\/li>\n<\/ul>","protected":false},"excerpt":{"rendered":"<p>Voc\u00ea queimar\u00e1 o excesso de gordura e remodelar\u00e1 seu corpo, sentindo-se como um super-her\u00f3i.<\/p>\n<p>O suplemento Amputation apresenta uma mistura complexa de ingredientes puros e de grau farmac\u00eautico superior que aumentam a energia do corpo, eliminando gordura, \u00e1gua e estrog\u00eanio sem causar perda muscular.<\/p>","protected":false},"featured_media":6222,"comment_status":"closed","ping_status":"closed","template":"","meta":[],"product_cat":[204,199],"product_tag":[202],"class_list":{"0":"post-5643","1":"product","2":"type-product","3":"status-publish","4":"has-post-thumbnail","6":"product_cat-fat-burners-and-diuretics","7":"product_cat-marvelous-originals","8":"product_tag-top-selling","10":"first","11":"instock","12":"shipping-taxable","13":"purchasable","14":"product-type-simple"},"_links":{"self":[{"href":"https:\/\/marvelousnutrition.com\/pt\/wp-json\/wp\/v2\/product\/5643","targetHints":{"allow":["GET"]}}],"collection":[{"href":"https:\/\/marvelousnutrition.com\/pt\/wp-json\/wp\/v2\/product"}],"about":[{"href":"https:\/\/marvelousnutrition.com\/pt\/wp-json\/wp\/v2\/types\/product"}],"replies":[{"embeddable":true,"href":"https:\/\/marvelousnutrition.com\/pt\/wp-json\/wp\/v2\/comments?post=5643"}],"wp:featuredmedia":[{"embeddable":true,"href":"https:\/\/marvelousnutrition.com\/pt\/wp-json\/wp\/v2\/media\/6222"}],"wp:attachment":[{"href":"https:\/\/marvelousnutrition.com\/pt\/wp-json\/wp\/v2\/media?parent=5643"}],"wp:term":[{"taxonomy":"product_cat","embeddable":true,"href":"https:\/\/marvelousnutrition.com\/pt\/wp-json\/wp\/v2\/product_cat?post=5643"},{"taxonomy":"product_tag","embeddable":true,"href":"https:\/\/marvelousnutrition.com\/pt\/wp-json\/wp\/v2\/product_tag?post=5643"}],"curies":[{"name":"wp","href":"https:\/\/api.w.org\/{rel}","templated":true}]}}