{"id":5642,"date":"2025-11-05T05:32:27","date_gmt":"2025-11-05T05:32:27","guid":{"rendered":"https:\/\/marvelousnutrition.com\/?post_type=product&#038;p=5642"},"modified":"2026-03-15T23:55:32","modified_gmt":"2026-03-15T23:55:32","slug":"bulk","status":"publish","type":"product","link":"https:\/\/marvelousnutrition.com\/pt\/produto\/volume\/","title":{"rendered":"Em massa"},"content":{"rendered":"<h6>Apresenta\u00e7\u00e3o do produto:<\/h6>\n<p>Bulk \u00e9 o seu ativador de massa magra.<\/p>\n<p>Nem todas as prote\u00ednas s\u00e3o iguais \u2014 escolha sempre a melhor. <strong>Maravilhosa Nutri\u00e7\u00e3o<\/strong>, n\u00f3s s\u00f3 usamos <strong>Prote\u00edna Isolada do Soro do Leite<\/strong> Porque acreditamos que \u00e9 a melhor escolha para nossos Atletas Super-Humanos.<\/p>\n<p>Bulk Iso-Whey \u00e9 um isolado proteico de soro de leite de alto valor biol\u00f3gico que \u00e9 <strong>Sem lactose, sem gl\u00faten e sem aspartame.<\/strong>. Cada por\u00e7\u00e3o fornece <strong>26,34 gramas de prote\u00edna premium<\/strong>.<\/p>\n<p>\u00c9 feito de <strong>Prote\u00edna isolada do soro do leite, pura, ultrafiltrada e proveniente de vacas alimentadas a pasto.<\/strong> Para garantir a aus\u00eancia de horm\u00f4nios e antibi\u00f3ticos, o que se reflete diretamente na sua sa\u00fade geral. O isolado de prote\u00edna de soro de leite \u00e9 rapidamente absorvido, aproveitando seu alto teor de <strong>BCAAs<\/strong> Dispon\u00edvel imediatamente para seus m\u00fasculos, promovendo crescimento e repara\u00e7\u00e3o acelerados.<\/p>\n<p>\u00c9 rico em <strong>lactoferrina, \u03b1-lactalbumina, BCAAs,<\/strong> e <strong>amino\u00e1cidos essenciais<\/strong>, garantindo maior reten\u00e7\u00e3o de nitrog\u00eanio e aumento da absor\u00e7\u00e3o de prote\u00ednas em compara\u00e7\u00e3o com fontes de prote\u00edna inferiores.<\/p>\n<p>Desenvolvida para atletas e fisiculturistas de todos os n\u00edveis, esta prote\u00edna pode ser consumida a qualquer hora do dia. Com sua <strong>sabor maravilhoso<\/strong> e <strong>f\u00f3rmula f\u00e1cil de misturar<\/strong>, Bulk Iso-Whey leva seus objetivos de condicionamento f\u00edsico para o pr\u00f3ximo n\u00edvel.<\/p>\n<p>Este \u00e9 o <strong>a escolha definitiva em prote\u00ednas<\/strong> Para atletas que buscam resultados m\u00e1ximos.<\/p>\n<h6>Benef\u00edcios do produto:<\/h6>\n<ul>\n<li><strong>Prote\u00edna de soro de leite de alto valor biol\u00f3gico<\/strong><\/li>\n<li><strong>Sabor maravilhoso<\/strong><\/li>\n<li><strong>Zero gordura, zero carboidratos, zero adi\u00e7\u00e3o de a\u00e7\u00facares.<\/strong><\/li>\n<li><strong>Sem corantes artificiais.<\/strong><\/li>\n<li><strong>Sem gl\u00faten e sem aspartame<\/strong><\/li>\n<\/ul>\n<h6>A ci\u00eancia por tr\u00e1s da f\u00f3rmula:<\/h6>\n<p>O Whey Protein Isolado \u00e9 uma forma superior de prote\u00edna \u2014 melhor absorvida pelo corpo do que concentrados ou misturas. Utilizamos um <strong>processo de microfiltra\u00e7\u00e3o de fluxo cruzado<\/strong> Durante o processo de fabrica\u00e7\u00e3o, para aumentar a pureza, s\u00e3o removidas gorduras indesejadas, colesterol e lactose. Esse processo garante <strong>Melhor digest\u00e3o, absor\u00e7\u00e3o mais r\u00e1pida e recupera\u00e7\u00e3o muscular ideal.<\/strong>.<\/p>\n<p><a href=\"https:\/\/marvelousnutrition.com\/wp-content\/uploads\/2025\/11\/bulk-1-gadwel-scaled.png\"><img fetchpriority=\"high\" decoding=\"async\" class=\"alignnone size-medium wp-image-6369\" src=\"https:\/\/marvelousnutrition.com\/wp-content\/uploads\/2025\/11\/bulk-1-gadwel-300x176.png\" alt=\"\" width=\"300\" height=\"176\" srcset=\"https:\/\/marvelousnutrition.com\/wp-content\/uploads\/2025\/11\/bulk-1-gadwel-300x176.png 300w, https:\/\/marvelousnutrition.com\/wp-content\/uploads\/2025\/11\/bulk-1-gadwel-1024x601.png 1024w, https:\/\/marvelousnutrition.com\/wp-content\/uploads\/2025\/11\/bulk-1-gadwel-768x451.png 768w, https:\/\/marvelousnutrition.com\/wp-content\/uploads\/2025\/11\/bulk-1-gadwel-1536x902.png 1536w, https:\/\/marvelousnutrition.com\/wp-content\/uploads\/2025\/11\/bulk-1-gadwel-2048x1203.png 2048w, https:\/\/marvelousnutrition.com\/wp-content\/uploads\/2025\/11\/bulk-1-gadwel-18x12.png 18w, https:\/\/marvelousnutrition.com\/wp-content\/uploads\/2025\/11\/bulk-1-gadwel-800x470.png 800w\" sizes=\"(max-width: 300px) 100vw, 300px\" \/><\/a> <a href=\"https:\/\/marvelousnutrition.com\/wp-content\/uploads\/2025\/11\/bulk-2-gadwel-scaled.png\"><img decoding=\"async\" class=\"alignnone size-medium wp-image-6370\" src=\"https:\/\/marvelousnutrition.com\/wp-content\/uploads\/2025\/11\/bulk-2-gadwel-141x300.png\" alt=\"\" width=\"141\" height=\"300\" srcset=\"https:\/\/marvelousnutrition.com\/wp-content\/uploads\/2025\/11\/bulk-2-gadwel-141x300.png 141w, https:\/\/marvelousnutrition.com\/wp-content\/uploads\/2025\/11\/bulk-2-gadwel-481x1024.png 481w, https:\/\/marvelousnutrition.com\/wp-content\/uploads\/2025\/11\/bulk-2-gadwel-768x1635.png 768w, https:\/\/marvelousnutrition.com\/wp-content\/uploads\/2025\/11\/bulk-2-gadwel-721x1536.png 721w, https:\/\/marvelousnutrition.com\/wp-content\/uploads\/2025\/11\/bulk-2-gadwel-962x2048.png 962w, https:\/\/marvelousnutrition.com\/wp-content\/uploads\/2025\/11\/bulk-2-gadwel-6x12.png 6w, https:\/\/marvelousnutrition.com\/wp-content\/uploads\/2025\/11\/bulk-2-gadwel-800x1703.png 800w, https:\/\/marvelousnutrition.com\/wp-content\/uploads\/2025\/11\/bulk-2-gadwel-scaled.png 1202w\" sizes=\"(max-width: 141px) 100vw, 141px\" \/><\/a><\/p>","protected":false},"excerpt":{"rendered":"<p>Bulk \u00e9 o seu ativador de massa magra.<br \/>\nNem todas as prote\u00ednas s\u00e3o iguais, escolha sempre a melhor. Na Marvelous Nutrition, trabalhamos exclusivamente com prote\u00edna isolada do soro do leite, pois acreditamos que ela \u00e9 a melhor op\u00e7\u00e3o para nossos atletas de alto desempenho.<\/p>","protected":false},"featured_media":5876,"comment_status":"closed","ping_status":"closed","template":"","meta":[],"product_cat":[197,199,200],"product_tag":[202],"class_list":{"0":"post-5642","1":"product","2":"type-product","3":"status-publish","4":"has-post-thumbnail","6":"product_cat-all-products","7":"product_cat-marvelous-originals","8":"product_cat-protein-and-eaa","9":"product_tag-top-selling","11":"first","12":"instock","13":"shipping-taxable","14":"purchasable","15":"product-type-variable"},"_links":{"self":[{"href":"https:\/\/marvelousnutrition.com\/pt\/wp-json\/wp\/v2\/product\/5642","targetHints":{"allow":["GET"]}}],"collection":[{"href":"https:\/\/marvelousnutrition.com\/pt\/wp-json\/wp\/v2\/product"}],"about":[{"href":"https:\/\/marvelousnutrition.com\/pt\/wp-json\/wp\/v2\/types\/product"}],"replies":[{"embeddable":true,"href":"https:\/\/marvelousnutrition.com\/pt\/wp-json\/wp\/v2\/comments?post=5642"}],"wp:featuredmedia":[{"embeddable":true,"href":"https:\/\/marvelousnutrition.com\/pt\/wp-json\/wp\/v2\/media\/5876"}],"wp:attachment":[{"href":"https:\/\/marvelousnutrition.com\/pt\/wp-json\/wp\/v2\/media?parent=5642"}],"wp:term":[{"taxonomy":"product_cat","embeddable":true,"href":"https:\/\/marvelousnutrition.com\/pt\/wp-json\/wp\/v2\/product_cat?post=5642"},{"taxonomy":"product_tag","embeddable":true,"href":"https:\/\/marvelousnutrition.com\/pt\/wp-json\/wp\/v2\/product_tag?post=5642"}],"curies":[{"name":"wp","href":"https:\/\/api.w.org\/{rel}","templated":true}]}}