{"id":5641,"date":"2025-11-05T05:32:27","date_gmt":"2025-11-05T05:32:27","guid":{"rendered":"https:\/\/marvelousnutrition.com\/?post_type=product&#038;p=5641"},"modified":"2026-03-16T20:09:29","modified_gmt":"2026-03-16T20:09:29","slug":"escape","status":"publish","type":"product","link":"https:\/\/marvelousnutrition.com\/pt\/produto\/escapar\/","title":{"rendered":"Escapar"},"content":{"rendered":"<h6>Apresenta\u00e7\u00e3o do produto:<\/h6>\n<p>Fuja do dia cansativo e desfrute de um sono profundo e reparador que impulsiona a recupera\u00e7\u00e3o, fortalece a imunidade e melhora o humor. Nada melhora o humor como uma boa noite de sono.<\/p>\n<p>Este produto oferece uma combina\u00e7\u00e3o exclusiva de amino\u00e1cidos que estimulam o GH, compostos redutores de cortisol\/estresse e ZMA para aumentar o Horm\u00f4nio do Crescimento e a Testosterona, reduzir o estresse e o cortisol e melhorar o sono, a recupera\u00e7\u00e3o e o crescimento muscular. Ele foi desenvolvido para promover a repara\u00e7\u00e3o do tecido muscular e otimizar o desempenho f\u00edsico.<\/p>\n<h6>Benef\u00edcios do produto:<\/h6>\n<ul>\n<li><strong>Aumentar a produ\u00e7\u00e3o natural de GH<\/strong><\/li>\n<li><strong>Regula\u00e7\u00e3o do crescimento muscular e da perda de gordura<\/strong><\/li>\n<li><strong>Equilibrar o metabolismo<\/strong><\/li>\n<\/ul>\n<h6>A ci\u00eancia por tr\u00e1s da f\u00f3rmula:<\/h6>\n<ul>\n<li><strong>L-Ornitina:<\/strong> Um amino\u00e1cido que regula o ciclo da ureia, ajudando a eliminar a am\u00f4nia t\u00f3xica do corpo, convertendo-a em ureia para excre\u00e7\u00e3o.<\/li>\n<li><strong>L-Glicina:<\/strong> O menor amino\u00e1cido, essencial para a produ\u00e7\u00e3o de glutationa, DNA, creatina, bile, hemoglobina e prote\u00ednas. Auxilia no armazenamento de glicog\u00eanio para energia e atua como um neurotransmissor calmante, promovendo padr\u00f5es de sono saud\u00e1veis.<\/li>\n<li><strong>GABA:<\/strong> O \u00e1cido gama-aminobut\u00edrico funciona como um neurotransmissor no c\u00e9rebro, promovendo o relaxamento e aliviando a tens\u00e3o nervosa.<\/li>\n<li><strong>Melatonina:<\/strong> Um horm\u00f4nio produzido pela gl\u00e2ndula pineal que regula os ciclos de sono e vig\u00edlia. A suplementa\u00e7\u00e3o com melatonina aumenta a produ\u00e7\u00e3o de forma segura e promove um sono profundo e reparador, especialmente quando a exposi\u00e7\u00e3o \u00e0 luz azul inibe a secre\u00e7\u00e3o natural.<\/li>\n<li><strong>ZMA:<\/strong> Uma combina\u00e7\u00e3o de zinco, magn\u00e9sio e vitamina B6 desenvolvida para maximizar a absor\u00e7\u00e3o e promover a recupera\u00e7\u00e3o. O zinco auxilia no crescimento celular, repara\u00e7\u00e3o tecidual e imunidade. O magn\u00e9sio mant\u00e9m o equil\u00edbrio eletrol\u00edtico, a produ\u00e7\u00e3o de energia e a fun\u00e7\u00e3o neuromuscular. A atividade f\u00edsica aumenta a necessidade desses minerais, tornando o ZMA ideal para a reposi\u00e7\u00e3o.<a href=\"https:\/\/marvelousnutrition.com\/wp-content\/uploads\/2025\/11\/escape-gadwel-scaled.png\"><img decoding=\"async\" class=\"alignnone size-medium wp-image-6386\" src=\"https:\/\/marvelousnutrition.com\/wp-content\/uploads\/2025\/11\/escape-gadwel-300x142.png\" alt=\"\" width=\"300\" height=\"142\" srcset=\"https:\/\/marvelousnutrition.com\/wp-content\/uploads\/2025\/11\/escape-gadwel-300x142.png 300w, https:\/\/marvelousnutrition.com\/wp-content\/uploads\/2025\/11\/escape-gadwel-1024x484.png 1024w, https:\/\/marvelousnutrition.com\/wp-content\/uploads\/2025\/11\/escape-gadwel-768x363.png 768w, https:\/\/marvelousnutrition.com\/wp-content\/uploads\/2025\/11\/escape-gadwel-1536x727.png 1536w, https:\/\/marvelousnutrition.com\/wp-content\/uploads\/2025\/11\/escape-gadwel-2048x969.png 2048w, https:\/\/marvelousnutrition.com\/wp-content\/uploads\/2025\/11\/escape-gadwel-18x9.png 18w, https:\/\/marvelousnutrition.com\/wp-content\/uploads\/2025\/11\/escape-gadwel-800x379.png 800w\" sizes=\"(max-width: 300px) 100vw, 300px\" \/><\/a><\/li>\n<\/ul>","protected":false},"excerpt":{"rendered":"<p>Fuja do dia dif\u00edcil e alcance novos n\u00edveis de sono profundo que fortalecem a imunidade e, por fim, nada melhora o humor como uma boa noite de sono.<\/p>\n<p>Este produto oferece uma combina\u00e7\u00e3o \u00fanica de amino\u00e1cidos que estimulam o GH, reduzem o cortisol\/estresse e cont\u00eam ZMA. Aumenta o Horm\u00f4nio do Crescimento e a Testosterona! Reduz o Estresse e o Cortisol. Melhora o Sono, a Recupera\u00e7\u00e3o e o Crescimento. Uma abordagem para melhorar o crescimento e a recupera\u00e7\u00e3o muscular.<\/p>","protected":false},"featured_media":5873,"comment_status":"closed","ping_status":"closed","template":"","meta":[],"product_cat":[208,205,199,210],"product_tag":[202],"class_list":{"0":"post-5641","1":"product","2":"type-product","3":"status-publish","4":"has-post-thumbnail","6":"product_cat-health-and-recovery","7":"product_cat-insulin-and-growth-hormone-boosters","8":"product_cat-marvelous-originals","9":"product_cat-multivitamins","10":"product_tag-top-selling","12":"first","13":"outofstock","14":"shipping-taxable","15":"purchasable","16":"product-type-simple"},"_links":{"self":[{"href":"https:\/\/marvelousnutrition.com\/pt\/wp-json\/wp\/v2\/product\/5641","targetHints":{"allow":["GET"]}}],"collection":[{"href":"https:\/\/marvelousnutrition.com\/pt\/wp-json\/wp\/v2\/product"}],"about":[{"href":"https:\/\/marvelousnutrition.com\/pt\/wp-json\/wp\/v2\/types\/product"}],"replies":[{"embeddable":true,"href":"https:\/\/marvelousnutrition.com\/pt\/wp-json\/wp\/v2\/comments?post=5641"}],"wp:featuredmedia":[{"embeddable":true,"href":"https:\/\/marvelousnutrition.com\/pt\/wp-json\/wp\/v2\/media\/5873"}],"wp:attachment":[{"href":"https:\/\/marvelousnutrition.com\/pt\/wp-json\/wp\/v2\/media?parent=5641"}],"wp:term":[{"taxonomy":"product_cat","embeddable":true,"href":"https:\/\/marvelousnutrition.com\/pt\/wp-json\/wp\/v2\/product_cat?post=5641"},{"taxonomy":"product_tag","embeddable":true,"href":"https:\/\/marvelousnutrition.com\/pt\/wp-json\/wp\/v2\/product_tag?post=5641"}],"curies":[{"name":"wp","href":"https:\/\/api.w.org\/{rel}","templated":true}]}}