{"id":5640,"date":"2025-11-05T05:32:27","date_gmt":"2025-11-05T05:32:27","guid":{"rendered":"https:\/\/marvelousnutrition.com\/?post_type=product&#038;p=5640"},"modified":"2026-03-15T23:54:36","modified_gmt":"2026-03-15T23:54:36","slug":"experiment","status":"publish","type":"product","link":"https:\/\/marvelousnutrition.com\/pt\/produto\/experimentar\/","title":{"rendered":"Experi\u00eancia"},"content":{"rendered":"<h6>Apresenta\u00e7\u00e3o do produto:<\/h6>\n<p><strong>Experimento Pr\u00e9-Treino<\/strong> \u00c9 o resultado de experimentos de treinamento reais \u2014 n\u00e3o apenas testes de laborat\u00f3rio!<br \/>\nExperimente a sensa\u00e7\u00e3o de se tornar um super-her\u00f3i com uma mistura complexa de ingredientes puros e de grau farmac\u00eautico superior.<br \/>\nque aumentam a energia do seu corpo e levam seus treinos a n\u00edveis que voc\u00ea nunca imaginou.<\/p>\n<p><strong>Experi\u00eancia<\/strong> \u00c9 um pr\u00e9-treino completo e altamente eficaz que oferece o que voc\u00ea realmente deseja \u2014<br \/>\n<strong>Resultados!<\/strong> Melhor ainda, esses resultados se intensificam quanto mais voc\u00ea usa o produto.<br \/>\nCom dosagens comprovadas por pesquisas e que atuam em sinergia, esta f\u00f3rmula proporciona motiva\u00e7\u00e3o extrema.<br \/>\npor meio de uma poderosa combina\u00e7\u00e3o de estimulantes intensos e agentes avan\u00e7ados de aprimoramento cognitivo.<\/p>\n<p>A motiva\u00e7\u00e3o intensa te leva \u00e0 academia, e o foco extremo te mant\u00e9m l\u00e1.<\/p>\n<h6>Benef\u00edcios do produto:<\/h6>\n<ul>\n<li><strong>Estimula a produ\u00e7\u00e3o de \u00f3xido n\u00edtrico<\/strong><\/li>\n<li><strong>Aumenta a energia, a pot\u00eancia e a resist\u00eancia.<\/strong><\/li>\n<li><strong>Aumenta a bomba e a circula\u00e7\u00e3o sangu\u00ednea.<\/strong><\/li>\n<li><strong>Aumenta o foco para uma forte conex\u00e3o mente-m\u00fasculo<\/strong><\/li>\n<li><strong>Sabores deliciosos que lembram doces.<\/strong><\/li>\n<\/ul>\n<h6>A ci\u00eancia por tr\u00e1s da f\u00f3rmula:<\/h6>\n<ul>\n<li><strong>Malato de citrulina + AAKG:<\/strong><br \/>\n(<em>Mistura de L-citrulina malato 2:1 e arginina AKG 2:1<\/em>) numa propor\u00e7\u00e3o de 2:1<br \/>\nFoi demonstrado que \u00e9 mais eficaz no aumento dos n\u00edveis de arginina no sangue.<br \/>\ndo que qualquer um dos ingredientes isoladamente. Com maior produ\u00e7\u00e3o de \u00f3xido n\u00edtrico (NO), ocorre melhor fluxo sangu\u00edneo,<br \/>\nFornecimento de oxig\u00eanio e transporte de nutrientes para os m\u00fasculos \u2014 otimizando o desempenho.<br \/>\nPesquisas adicionais sobre a L-citrulina sugerem uma cin\u00e9tica de VO\u2082 aprimorada e maior produ\u00e7\u00e3o de ATP.,<br \/>\nresultando em maior resist\u00eancia e ganho de massa muscular magra.<\/li>\n<li><strong>Beta-alanina:<\/strong><br \/>\nUm amino\u00e1cido poderoso que aumenta a resist\u00eancia e o vigor, elevando os n\u00edveis de carnosina muscular.<br \/>\nA carnosina neutraliza o ac\u00famulo de \u00e1cido l\u00e1tico durante exerc\u00edcios intensos, retardando a fadiga e permitindo maior tempo de atividade.,<br \/>\nTreinos mais intensos antes que os m\u00fasculos falhem.<\/li>\n<li><strong>Bitartarato de colina:<\/strong><br \/>\nUm nutriente essencial crucial para a fun\u00e7\u00e3o cognitiva, o movimento muscular e a estrutura celular.<br \/>\n\u00c9 um precursor fundamental da acetilcolina \u2014 o \u201cneurotransmissor da aprendizagem\u201d que melhora o foco, a mem\u00f3ria,<br \/>\ne a conex\u00e3o mente-m\u00fasculo. A suplementa\u00e7\u00e3o auxilia na manuten\u00e7\u00e3o de n\u00edveis \u00f3timos de acetilcolina para um foco superior durante o treino.<\/li>\n<li><strong>Cafe\u00edna:<\/strong><br \/>\nUm estimulante bem conhecido que aumenta a energia mental, o foco e o estado de alerta, al\u00e9m de promover o metabolismo de gordura.<br \/>\nPara melhor desempenho e resist\u00eancia.<\/li>\n<\/ul>\n<p><a href=\"https:\/\/marvelousnutrition.com\/wp-content\/uploads\/2025\/11\/expermint-gadwel-scaled.png\"><img fetchpriority=\"high\" decoding=\"async\" class=\"alignnone size-medium wp-image-6368\" src=\"https:\/\/marvelousnutrition.com\/wp-content\/uploads\/2025\/11\/expermint-gadwel-300x176.png\" alt=\"\" width=\"300\" height=\"176\" srcset=\"https:\/\/marvelousnutrition.com\/wp-content\/uploads\/2025\/11\/expermint-gadwel-300x176.png 300w, https:\/\/marvelousnutrition.com\/wp-content\/uploads\/2025\/11\/expermint-gadwel-1024x602.png 1024w, https:\/\/marvelousnutrition.com\/wp-content\/uploads\/2025\/11\/expermint-gadwel-768x452.png 768w, https:\/\/marvelousnutrition.com\/wp-content\/uploads\/2025\/11\/expermint-gadwel-1536x903.png 1536w, https:\/\/marvelousnutrition.com\/wp-content\/uploads\/2025\/11\/expermint-gadwel-2048x1204.png 2048w, https:\/\/marvelousnutrition.com\/wp-content\/uploads\/2025\/11\/expermint-gadwel-18x12.png 18w, https:\/\/marvelousnutrition.com\/wp-content\/uploads\/2025\/11\/expermint-gadwel-800x470.png 800w\" sizes=\"(max-width: 300px) 100vw, 300px\" \/><\/a><\/p>","protected":false},"excerpt":{"rendered":"<p>O pr\u00e9-treino Experiment \u00e9 o resultado de experimentos reais de treinamento, n\u00e3o apenas de laborat\u00f3rios! Experimente a sensa\u00e7\u00e3o de ser um super-her\u00f3i. Com uma mistura complexa de ingredientes puros e de grau farmac\u00eautico que aumentam a energia do corpo, levando seu treino a n\u00edveis que voc\u00ea jamais imaginou.<\/p>","protected":false},"featured_media":5861,"comment_status":"closed","ping_status":"closed","template":"","meta":[],"product_cat":[199,207],"product_tag":[202],"class_list":{"0":"post-5640","1":"product","2":"type-product","3":"status-publish","4":"has-post-thumbnail","6":"product_cat-marvelous-originals","7":"product_cat-preworkout-and-pump","8":"product_tag-top-selling","10":"first","11":"outofstock","12":"shipping-taxable","13":"product-type-variable"},"_links":{"self":[{"href":"https:\/\/marvelousnutrition.com\/pt\/wp-json\/wp\/v2\/product\/5640","targetHints":{"allow":["GET"]}}],"collection":[{"href":"https:\/\/marvelousnutrition.com\/pt\/wp-json\/wp\/v2\/product"}],"about":[{"href":"https:\/\/marvelousnutrition.com\/pt\/wp-json\/wp\/v2\/types\/product"}],"replies":[{"embeddable":true,"href":"https:\/\/marvelousnutrition.com\/pt\/wp-json\/wp\/v2\/comments?post=5640"}],"wp:featuredmedia":[{"embeddable":true,"href":"https:\/\/marvelousnutrition.com\/pt\/wp-json\/wp\/v2\/media\/5861"}],"wp:attachment":[{"href":"https:\/\/marvelousnutrition.com\/pt\/wp-json\/wp\/v2\/media?parent=5640"}],"wp:term":[{"taxonomy":"product_cat","embeddable":true,"href":"https:\/\/marvelousnutrition.com\/pt\/wp-json\/wp\/v2\/product_cat?post=5640"},{"taxonomy":"product_tag","embeddable":true,"href":"https:\/\/marvelousnutrition.com\/pt\/wp-json\/wp\/v2\/product_tag?post=5640"}],"curies":[{"name":"wp","href":"https:\/\/api.w.org\/{rel}","templated":true}]}}