{"id":5639,"date":"2025-11-05T05:32:27","date_gmt":"2025-11-05T05:32:27","guid":{"rendered":"https:\/\/marvelousnutrition.com\/?post_type=product&#038;p=5639"},"modified":"2026-03-15T23:53:54","modified_gmt":"2026-03-15T23:53:54","slug":"infected","status":"publish","type":"product","link":"https:\/\/marvelousnutrition.com\/pt\/produto\/infetado\/","title":{"rendered":"Infectado"},"content":{"rendered":"<h6>Apresenta\u00e7\u00e3o do produto:<\/h6>\n<p>Nosso <strong>pr\u00e9-treino para ganho de massa muscular sem estimulantes<\/strong> \u00c9 repleto de energia explosiva e proporciona um bombeamento muscular incr\u00edvel.<\/p>\n<p>Nada ficar\u00e1 no seu caminho.<\/p>\n<p>Esta f\u00f3rmula sem estimulantes \u00e9 feita com os melhores ingredientes, cientificamente comprovados para promover maior crescimento de massa muscular magra do que qualquer outra combina\u00e7\u00e3o na ind\u00fastria de suplementos.<\/p>\n<p><strong>Infectado<\/strong> Cont\u00e9m uma mistura complexa de ingredientes puros de grau farmac\u00eautico superior que melhoram a produ\u00e7\u00e3o de energia e o desenvolvimento muscular, transformando suas ambi\u00e7\u00f5es de treino em conquistas reais.<\/p>\n<h6>Benef\u00edcios do produto:<\/h6>\n<ul>\n<li><strong>Aumenta o tamanho muscular<\/strong><\/li>\n<li><strong>Maximiza a congest\u00e3o muscular<\/strong><\/li>\n<li><strong>Favorece treinos mais longos e intensos, retardando a fadiga.<\/strong><\/li>\n<li><strong>Acelera a recupera\u00e7\u00e3o muscular<\/strong><\/li>\n<li><strong>Pode ajudar a regular os n\u00edveis de cortisol.<\/strong><\/li>\n<\/ul>\n<p><a href=\"https:\/\/marvelousnutrition.com\/wp-content\/uploads\/2025\/11\/infected-new--scaled.png\"><img fetchpriority=\"high\" decoding=\"async\" class=\"alignnone size-medium wp-image-6367\" src=\"https:\/\/marvelousnutrition.com\/wp-content\/uploads\/2025\/11\/infected-new--300x171.png\" alt=\"\" width=\"300\" height=\"171\" srcset=\"https:\/\/marvelousnutrition.com\/wp-content\/uploads\/2025\/11\/infected-new--300x171.png 300w, https:\/\/marvelousnutrition.com\/wp-content\/uploads\/2025\/11\/infected-new--1024x583.png 1024w, https:\/\/marvelousnutrition.com\/wp-content\/uploads\/2025\/11\/infected-new--768x438.png 768w, https:\/\/marvelousnutrition.com\/wp-content\/uploads\/2025\/11\/infected-new--1536x875.png 1536w, https:\/\/marvelousnutrition.com\/wp-content\/uploads\/2025\/11\/infected-new--2048x1167.png 2048w, https:\/\/marvelousnutrition.com\/wp-content\/uploads\/2025\/11\/infected-new--18x10.png 18w, https:\/\/marvelousnutrition.com\/wp-content\/uploads\/2025\/11\/infected-new--1060x600.png 1060w, https:\/\/marvelousnutrition.com\/wp-content\/uploads\/2025\/11\/infected-new--800x456.png 800w\" sizes=\"(max-width: 300px) 100vw, 300px\" \/><\/a><\/p>","protected":false},"excerpt":{"rendered":"<p>Nosso pr\u00e9-treino para ganho de massa muscular, sem estimulantes, oferece energia explosiva e um pump incr\u00edvel.<br \/>\nNada ficar\u00e1 no seu caminho.<br \/>\nNossa f\u00f3rmula sem estimulantes \u00e9 feita com os melhores ingredientes, comprovadamente mais eficazes no ganho de massa muscular magra do que qualquer outro ingrediente em toda a ind\u00fastria de suplementos.<\/p>","protected":false},"featured_media":5840,"comment_status":"closed","ping_status":"closed","template":"","meta":[],"product_cat":[199,207],"product_tag":[202],"class_list":{"0":"post-5639","1":"product","2":"type-product","3":"status-publish","4":"has-post-thumbnail","6":"product_cat-marvelous-originals","7":"product_cat-preworkout-and-pump","8":"product_tag-top-selling","10":"first","11":"instock","12":"shipping-taxable","13":"purchasable","14":"product-type-variable"},"_links":{"self":[{"href":"https:\/\/marvelousnutrition.com\/pt\/wp-json\/wp\/v2\/product\/5639","targetHints":{"allow":["GET"]}}],"collection":[{"href":"https:\/\/marvelousnutrition.com\/pt\/wp-json\/wp\/v2\/product"}],"about":[{"href":"https:\/\/marvelousnutrition.com\/pt\/wp-json\/wp\/v2\/types\/product"}],"replies":[{"embeddable":true,"href":"https:\/\/marvelousnutrition.com\/pt\/wp-json\/wp\/v2\/comments?post=5639"}],"wp:featuredmedia":[{"embeddable":true,"href":"https:\/\/marvelousnutrition.com\/pt\/wp-json\/wp\/v2\/media\/5840"}],"wp:attachment":[{"href":"https:\/\/marvelousnutrition.com\/pt\/wp-json\/wp\/v2\/media?parent=5639"}],"wp:term":[{"taxonomy":"product_cat","embeddable":true,"href":"https:\/\/marvelousnutrition.com\/pt\/wp-json\/wp\/v2\/product_cat?post=5639"},{"taxonomy":"product_tag","embeddable":true,"href":"https:\/\/marvelousnutrition.com\/pt\/wp-json\/wp\/v2\/product_tag?post=5639"}],"curies":[{"name":"wp","href":"https:\/\/api.w.org\/{rel}","templated":true}]}}