{"id":6112,"date":"2025-12-24T17:06:46","date_gmt":"2025-12-24T17:06:46","guid":{"rendered":"https:\/\/marvelousnutrition.com\/?page_id=6112"},"modified":"2025-12-24T17:07:36","modified_gmt":"2025-12-24T17:07:36","slug":"become-a-resellers","status":"publish","type":"page","link":"https:\/\/marvelousnutrition.com\/pt\/torne-se-um-revendedor\/","title":{"rendered":"Torne-se um revendedor"},"content":{"rendered":"<div data-elementor-type=\"wp-page\" data-elementor-id=\"6112\" class=\"elementor elementor-6112\">\n\t\t\t\t<div class=\"elementor-element elementor-element-e5a474a e-flex e-con-boxed e-con e-parent\" data-id=\"e5a474a\" data-element_type=\"container\" data-e-type=\"container\">\n\t\t\t\t\t<div class=\"e-con-inner\">\n\t\t\t\t<div class=\"elementor-element elementor-element-b4a3f14 elementor-widget elementor-widget-html\" data-id=\"b4a3f14\" data-element_type=\"widget\" data-e-type=\"widget\" data-widget_type=\"html.default\">\n\t\t\t\t\t<p>\nNo <strong>Maravilhosa Nutri\u00e7\u00e3o<\/strong>, Estamos expandindo nossa rede e convidando empresas motivadas, propriet\u00e1rios de academias, varejistas e distribuidores a se tornarem nossos revendedores oficiais.\n<\/p>\n\n<p>\nSe procura oferecer suplementos nutricionais de alta qualidade fabricados em Portugal, esta \u00e9 uma oportunidade para expandir o seu neg\u00f3cio com uma marca de confian\u00e7a e em r\u00e1pido crescimento.\n<\/p>\n\n<hr>\n\n<h3>Por que fazer parceria com a Marvelous Nutrition?<\/h3>\n<ul>\n  <li>Suplementos nutricionais premium fabricados em Portugal<\/li>\n  <li>Ingredientes de alta qualidade e padr\u00f5es de qualidade rigorosos.<\/li>\n  <li>Identidade de marca forte e demanda de mercado crescente<\/li>\n  <li>Pre\u00e7os de atacado competitivos e margens atrativas.<\/li>\n  <li>Fornecimento confi\u00e1vel e suporte profissional.<\/li>\n<\/ul>\n\n<hr>\n\n<h3>Quem pode se tornar um revendedor?<\/h3>\n<p>\nAceitamos candidaturas de:\n<\/p>\n<ul>\n  <li>Lojas e varejistas de suplementos<\/li>\n  <li>Propriet\u00e1rios de academias e centros de fitness<\/li>\n  <li>Vendedores online e empresas de com\u00e9rcio eletr\u00f4nico<\/li>\n  <li>Profissionais de sa\u00fade e consultores de nutri\u00e7\u00e3o<\/li>\n  <li>Distribuidores em Portugal, Espanha e Europa.<\/li>\n<\/ul>\n\n<hr>\n\n<h3>O que esperamos de nossos revendedores<\/h3>\n<ul>\n  <li>Compromisso com a promo\u00e7\u00e3o profissional da marca Marvelous Nutrition.<\/li>\n  <li>Cumprimento das leis e regulamentos locais<\/li>\n  <li>Marketing \u00e9tico e pr\u00e1ticas comerciais transparentes<\/li>\n  <li>Respeito pelas diretrizes da marca e pela estrutura de pre\u00e7os.<\/li>\n<\/ul>\n\n<hr>\n\n<h3>O que voc\u00ea ganha como revendedor oficial<\/h3>\n<ul>\n  <li>Acesso a pre\u00e7os de atacado<\/li>\n  <li>Informa\u00e7\u00f5es sobre o produto e suporte de marketing<\/li>\n  <li>Processamento de pedidos priorit\u00e1rios<\/li>\n  <li>Oportunidades de parceria de longo prazo<\/li>\n<\/ul>\n\n<hr>\n\n<h3>Como se inscrever<\/h3>\n<p>\nPara se candidatar como revendedor, preencha o formul\u00e1rio abaixo com informa\u00e7\u00f5es comerciais precisas. Nossa equipe analisar\u00e1 sua candidatura e entrar\u00e1 em contato em alguns dias \u00fateis.\n<\/p>\n\n<p>\nO envio do formul\u00e1rio n\u00e3o garante a aprova\u00e7\u00e3o. A Marvelous Nutrition reserva-se o direito de aprovar ou rejeitar qualquer pedido de revenda.\n<\/p>\n\n<hr>\n\n<h3>Nota importante<\/h3>\n<p>\nTodas as parcerias de revenda est\u00e3o sujeitas a termos e contratos de atacado separados. Mais detalhes ser\u00e3o compartilhados ap\u00f3s a an\u00e1lise e aprova\u00e7\u00e3o da solicita\u00e7\u00e3o.\n<\/p>\n\n<hr>\n\n<p>\n<strong>Maravilhosa Nutri\u00e7\u00e3o<\/strong><br>\nNutri\u00e7\u00e3o Premium. Fabricado em Portugal. Entregamos em toda a Europa.\n<\/p>\n\t\t\t\t<\/div>\n\t\t\t\t\t<\/div>\n\t\t\t\t<\/div>\n\t\t\t\t<\/div>","protected":false},"excerpt":{"rendered":"<p>At Marvelous Nutrition, we are expanding our network and inviting motivated businesses, gym owners, retailers, and distributors to partner with us as official resellers. If you are looking to offer premium-quality nutritional supplements manufactured in Portugal, this is an opportunity to grow your business with a trusted and fast-growing brand. Why Partner With Marvelous Nutrition? [&hellip;]<\/p>\n","protected":false},"author":1,"featured_media":0,"parent":0,"menu_order":0,"comment_status":"closed","ping_status":"closed","template":"","meta":{"footnotes":""},"class_list":["post-6112","page","type-page","status-publish","hentry"],"_links":{"self":[{"href":"https:\/\/marvelousnutrition.com\/pt\/wp-json\/wp\/v2\/pages\/6112","targetHints":{"allow":["GET"]}}],"collection":[{"href":"https:\/\/marvelousnutrition.com\/pt\/wp-json\/wp\/v2\/pages"}],"about":[{"href":"https:\/\/marvelousnutrition.com\/pt\/wp-json\/wp\/v2\/types\/page"}],"author":[{"embeddable":true,"href":"https:\/\/marvelousnutrition.com\/pt\/wp-json\/wp\/v2\/users\/1"}],"replies":[{"embeddable":true,"href":"https:\/\/marvelousnutrition.com\/pt\/wp-json\/wp\/v2\/comments?post=6112"}],"version-history":[{"count":4,"href":"https:\/\/marvelousnutrition.com\/pt\/wp-json\/wp\/v2\/pages\/6112\/revisions"}],"predecessor-version":[{"id":6116,"href":"https:\/\/marvelousnutrition.com\/pt\/wp-json\/wp\/v2\/pages\/6112\/revisions\/6116"}],"wp:attachment":[{"href":"https:\/\/marvelousnutrition.com\/pt\/wp-json\/wp\/v2\/media?parent=6112"}],"curies":[{"name":"wp","href":"https:\/\/api.w.org\/{rel}","templated":true}]}}