{"id":6088,"date":"2025-12-24T16:52:10","date_gmt":"2025-12-24T16:52:10","guid":{"rendered":"https:\/\/marvelousnutrition.com\/?page_id=6088"},"modified":"2025-12-24T16:54:34","modified_gmt":"2025-12-24T16:54:34","slug":"return-policy","status":"publish","type":"page","link":"https:\/\/marvelousnutrition.com\/pt\/politica-de-devolucao\/","title":{"rendered":"Pol\u00edtica De Devolu\u00e7\u00e3o"},"content":{"rendered":"<div data-elementor-type=\"wp-page\" data-elementor-id=\"6088\" class=\"elementor elementor-6088\">\n\t\t\t\t<div class=\"elementor-element elementor-element-45e90da e-flex e-con-boxed e-con e-parent\" data-id=\"45e90da\" data-element_type=\"container\" data-e-type=\"container\">\n\t\t\t\t\t<div class=\"e-con-inner\">\n\t\t\t\t<div class=\"elementor-element elementor-element-1194712 elementor-widget elementor-widget-html\" data-id=\"1194712\" data-element_type=\"widget\" data-e-type=\"widget\" data-widget_type=\"html.default\">\n\t\t\t\t\t\n<p><strong>\u00daltima atualiza\u00e7\u00e3o:<\/strong> 24 de dezembro de 2025<\/p>\n\n<p>\nNo <strong>Maravilhosa Nutri\u00e7\u00e3o<\/strong>, A satisfa\u00e7\u00e3o do cliente e a seguran\u00e7a do produto s\u00e3o muito importantes para n\u00f3s. Devido \u00e0 natureza dos suplementos nutricionais e de sa\u00fade, seguimos rigorosos padr\u00f5es de higiene e seguran\u00e7a.\n<\/p>\n\n<hr>\n\n<h3>Pol\u00edtica de n\u00e3o devolu\u00e7\u00e3o<\/h3>\n<p>\nSim, fazemos <strong>N\u00e3o aceitamos devolu\u00e7\u00f5es ou trocas.<\/strong> em quaisquer produtos ap\u00f3s a sua entrega.\n<\/p>\n<p>\nEssa pol\u00edtica existe porque nossos produtos s\u00e3o itens consum\u00edveis e, por motivos de sa\u00fade, seguran\u00e7a e higiene, os suplementos devolvidos n\u00e3o podem ser revendidos.\n<\/p>\n\n<hr>\n\n<h3>Exce\u00e7\u00f5es \u2013 Quando devolu\u00e7\u00f5es ou reembolsos podem ser aceitos<\/h3>\n<p>\nPodemos aceitar uma devolu\u00e7\u00e3o ou efetuar um reembolso. <strong>apenas nas seguintes situa\u00e7\u00f5es<\/strong>:\n<\/p>\n<ul>\n  <li>Voc\u00ea recebeu um <strong>produto danificado<\/strong><\/li>\n  <li>Voc\u00ea recebeu um <strong>produto incorreto<\/strong><\/li>\n  <li>O produto era <strong>expirado no momento da entrega<\/strong><\/li>\n<\/ul>\n\n<p>\nNesses casos, voc\u00ea deve entrar em contato conosco dentro de <strong>48 horas<\/strong> do recebimento do seu pedido.\n<\/p>\n\n<hr>\n\n<h3>Condi\u00e7\u00f5es para aprova\u00e7\u00e3o<\/h3>\n<p>\nPara ter direito a uma devolu\u00e7\u00e3o ou reembolso ao abrigo das exce\u00e7\u00f5es acima mencionadas:\n<\/p>\n<ul>\n  <li>O produto deve ser <strong>Sem uso e sem abrir.<\/strong><\/li>\n  <li>A embalagem original deve estar intacta.<\/li>\n  <li>\u00c9 necess\u00e1rio fornecer fotos ou v\u00eddeos n\u00edtidos como prova.<\/li>\n<\/ul>\n\n<p>\nAp\u00f3s a aprova\u00e7\u00e3o, ofereceremos uma substitui\u00e7\u00e3o ou um reembolso, dependendo da situa\u00e7\u00e3o.\n<\/p>\n\n<hr>\n\n<h3>Situa\u00e7\u00f5es sem reembolso<\/h3>\n<p>\nReembolsos ou devolu\u00e7\u00f5es ser\u00e3o <strong>n\u00e3o<\/strong> Ser\u00e3o fornecidos nos seguintes casos:\n<\/p>\n<ul>\n  <li>Mudan\u00e7a de ideia ap\u00f3s a entrega<\/li>\n  <li>Produto incorreto encomendado pelo cliente<\/li>\n  <li>Produtos abertos ou usados<\/li>\n  <li>Atrasos na entrega causados pela transportadora ou endere\u00e7o incorreto fornecido pelo cliente.<\/li>\n<\/ul>\n\n<hr>\n\n<h3>Processamento de reembolso<\/h3>\n<p>\nSe um reembolso for aprovado, ele ser\u00e1 processado para o m\u00e9todo de pagamento original em at\u00e9 [inserir prazo aqui]. <strong>5 a 10 dias \u00fateis<\/strong>, dependendo do seu banco ou provedor de pagamento.\n<\/p>\n\n<hr>\n\n<h3>Contacte-Nos<\/h3>\n<p>\nCaso tenha alguma d\u00favida sobre nossa Pol\u00edtica de Devolu\u00e7\u00e3o e Reembolso, entre em contato conosco:\n<\/p>\n<p>\n<strong>E-mail:<\/strong> <a href=\"mailto:info@marvelousnutrition.com\">info@marvelousnutrition.com<\/a><br>\n<strong>Site:<\/strong> <a href=\"https:\/\/marvelousnutrition.com\/pt\/\" target=\"_blank\">https:\/\/marvelousnutrition.com<\/a>\n<\/p>\n\n<hr>\n\n<p>\n<strong>Maravilhosa Nutri\u00e7\u00e3o<\/strong><br>\nNutri\u00e7\u00e3o Premium. Fabricado em Portugal. Entregamos em toda a Europa.\n<\/p>\n\t\t\t\t<\/div>\n\t\t\t\t\t<\/div>\n\t\t\t\t<\/div>\n\t\t\t\t<\/div>","protected":false},"excerpt":{"rendered":"<p>Last updated: 24 December 2025 At Marvelous Nutrition, customer satisfaction and product safety are very important to us. Due to the nature of nutritional and health supplements, we follow strict hygiene and safety standards. No Return Policy We do not accept returns or exchanges on any products once they have been delivered. This policy is [&hellip;]<\/p>\n","protected":false},"author":1,"featured_media":0,"parent":0,"menu_order":0,"comment_status":"closed","ping_status":"closed","template":"","meta":{"footnotes":""},"class_list":["post-6088","page","type-page","status-publish","hentry"],"_links":{"self":[{"href":"https:\/\/marvelousnutrition.com\/pt\/wp-json\/wp\/v2\/pages\/6088","targetHints":{"allow":["GET"]}}],"collection":[{"href":"https:\/\/marvelousnutrition.com\/pt\/wp-json\/wp\/v2\/pages"}],"about":[{"href":"https:\/\/marvelousnutrition.com\/pt\/wp-json\/wp\/v2\/types\/page"}],"author":[{"embeddable":true,"href":"https:\/\/marvelousnutrition.com\/pt\/wp-json\/wp\/v2\/users\/1"}],"replies":[{"embeddable":true,"href":"https:\/\/marvelousnutrition.com\/pt\/wp-json\/wp\/v2\/comments?post=6088"}],"version-history":[{"count":4,"href":"https:\/\/marvelousnutrition.com\/pt\/wp-json\/wp\/v2\/pages\/6088\/revisions"}],"predecessor-version":[{"id":6092,"href":"https:\/\/marvelousnutrition.com\/pt\/wp-json\/wp\/v2\/pages\/6088\/revisions\/6092"}],"wp:attachment":[{"href":"https:\/\/marvelousnutrition.com\/pt\/wp-json\/wp\/v2\/media?parent=6088"}],"curies":[{"name":"wp","href":"https:\/\/api.w.org\/{rel}","templated":true}]}}