{"id":5878,"date":"2025-11-05T19:21:43","date_gmt":"2025-11-05T19:21:43","guid":{"rendered":"https:\/\/marvelousnutrition.com\/?post_type=product&#038;p=5878"},"modified":"2026-03-15T23:26:06","modified_gmt":"2026-03-15T23:26:06","slug":"hydro-whey-2","status":"publish","type":"product","link":"https:\/\/marvelousnutrition.com\/fr\/produit\/hydro-whey-2\/","title":{"rendered":"Hydro Whey"},"content":{"rendered":"<h6>Ingr\u00e9dients:<\/h6>\n<p>100% Hydrolyzed Isolat De Prot\u00e9ine De Lactos\u00e9rum, Concentr\u00e9 De Prot\u00e9ine De Lactos\u00e9rum, L-Glycine, Faible En Gras, Poudre De Cacao, Ar\u00f4me \u00c9paississants (Gomme De Guar, Gomme De Xanthane), Chlorure De Sodium, \u00c9dulcorant (Sucralose E955).<\/p>\n<h6>Comment l'Utiliser:<\/h6>\n<p>M\u00e9langer 1 cuill\u00e8re (30 g) avec 300 \u00e0 400 ml d'eau froide et agiter vigoureusement. Prendre une dose imm\u00e9diatement apr\u00e8s l'entra\u00eenement ou \u00e0 tout moment que vous d\u00e9sirez.<\/p>\n<h6>Stockage:<\/h6>\n<p>Stocker dans un endroit frais, sec apr\u00e8s ouverture.<\/p>\n<h6>Poids Net:<\/h6>\n<p>2kg<\/p>\n<p><a href=\"https:\/\/marvelousnutrition.com\/wp-content\/uploads\/2025\/11\/hydro-1-gadwel-scaled.png\"><img fetchpriority=\"high\" decoding=\"async\" class=\"alignnone size-medium wp-image-6332\" src=\"https:\/\/marvelousnutrition.com\/wp-content\/uploads\/2025\/11\/hydro-1-gadwel-190x300.png\" alt=\"\" width=\"190\" height=\"300\" srcset=\"https:\/\/marvelousnutrition.com\/wp-content\/uploads\/2025\/11\/hydro-1-gadwel-190x300.png 190w, https:\/\/marvelousnutrition.com\/wp-content\/uploads\/2025\/11\/hydro-1-gadwel-648x1024.png 648w, https:\/\/marvelousnutrition.com\/wp-content\/uploads\/2025\/11\/hydro-1-gadwel-768x1214.png 768w, https:\/\/marvelousnutrition.com\/wp-content\/uploads\/2025\/11\/hydro-1-gadwel-972x1536.png 972w, https:\/\/marvelousnutrition.com\/wp-content\/uploads\/2025\/11\/hydro-1-gadwel-1296x2048.png 1296w, https:\/\/marvelousnutrition.com\/wp-content\/uploads\/2025\/11\/hydro-1-gadwel-8x12.png 8w, https:\/\/marvelousnutrition.com\/wp-content\/uploads\/2025\/11\/hydro-1-gadwel-800x1264.png 800w, https:\/\/marvelousnutrition.com\/wp-content\/uploads\/2025\/11\/hydro-1-gadwel-scaled.png 1620w\" sizes=\"(max-width: 190px) 100vw, 190px\" \/><\/a><\/p>","protected":false},"excerpt":{"rendered":"<p>Hydro a \u00e9t\u00e9 fait pour fournir de Haute qualit\u00e9 de la biodisponibilit\u00e9 des prot\u00e9ines qui est facilement absorb\u00e9. Hydro contient naturellement produite EAA (y compris les BCAA, L Glutamine et tous les acides amin\u00e9s. Hydro contient faible en Gras et sans sucre ajout\u00e9.<\/p>","protected":false},"featured_media":5867,"comment_status":"open","ping_status":"closed","template":"","meta":[],"product_cat":[197],"product_tag":[],"class_list":{"0":"post-5878","1":"product","2":"type-product","3":"status-publish","4":"has-post-thumbnail","6":"product_cat-all-products","8":"first","9":"instock","10":"shipping-taxable","11":"purchasable","12":"product-type-variable"},"_links":{"self":[{"href":"https:\/\/marvelousnutrition.com\/fr\/wp-json\/wp\/v2\/product\/5878","targetHints":{"allow":["GET"]}}],"collection":[{"href":"https:\/\/marvelousnutrition.com\/fr\/wp-json\/wp\/v2\/product"}],"about":[{"href":"https:\/\/marvelousnutrition.com\/fr\/wp-json\/wp\/v2\/types\/product"}],"replies":[{"embeddable":true,"href":"https:\/\/marvelousnutrition.com\/fr\/wp-json\/wp\/v2\/comments?post=5878"}],"wp:featuredmedia":[{"embeddable":true,"href":"https:\/\/marvelousnutrition.com\/fr\/wp-json\/wp\/v2\/media\/5867"}],"wp:attachment":[{"href":"https:\/\/marvelousnutrition.com\/fr\/wp-json\/wp\/v2\/media?parent=5878"}],"wp:term":[{"taxonomy":"product_cat","embeddable":true,"href":"https:\/\/marvelousnutrition.com\/fr\/wp-json\/wp\/v2\/product_cat?post=5878"},{"taxonomy":"product_tag","embeddable":true,"href":"https:\/\/marvelousnutrition.com\/fr\/wp-json\/wp\/v2\/product_tag?post=5878"}],"curies":[{"name":"wp","href":"https:\/\/api.w.org\/{rel}","templated":true}]}}