{"id":5805,"date":"2025-11-05T09:27:11","date_gmt":"2025-11-05T09:27:11","guid":{"rendered":"https:\/\/marvelousnutrition.com\/?post_type=product&#038;p=5805"},"modified":"2026-03-16T19:47:28","modified_gmt":"2026-03-16T19:47:28","slug":"vitamin-c","status":"publish","type":"product","link":"https:\/\/marvelousnutrition.com\/fr\/produit\/vitamine-c\/","title":{"rendered":"La Vitamine C"},"content":{"rendered":"<h6>Ingr\u00e9dients:<\/h6>\n<p>Acide L-ascorbique, enveloppe de la capsule (hypromellose), agent antiagglom\u00e9rant (sels de magn\u00e9sium d&#039;acides gras).<\/p>\n<h6>Comment l'Utiliser:<\/h6>\n<p>Prendre 1 capsule au petit-d\u00e9jeuner.<\/p>\n<h6>Stockage:<\/h6>\n<p>Stocker dans un endroit frais, sec apr\u00e8s ouverture.<\/p>\n<h6>Poids Net:<\/h6>\n<p>69 g \u2013 60 portions<\/p>\n<p><a href=\"https:\/\/marvelousnutrition.com\/wp-content\/uploads\/2025\/11\/vitamin-c-gadwel-scaled.png\"><img decoding=\"async\" class=\"alignnone size-medium wp-image-6381\" src=\"https:\/\/marvelousnutrition.com\/wp-content\/uploads\/2025\/11\/vitamin-c-gadwel-300x119.png\" alt=\"\" width=\"300\" height=\"119\" srcset=\"https:\/\/marvelousnutrition.com\/wp-content\/uploads\/2025\/11\/vitamin-c-gadwel-300x119.png 300w, https:\/\/marvelousnutrition.com\/wp-content\/uploads\/2025\/11\/vitamin-c-gadwel-1024x406.png 1024w, https:\/\/marvelousnutrition.com\/wp-content\/uploads\/2025\/11\/vitamin-c-gadwel-768x305.png 768w, https:\/\/marvelousnutrition.com\/wp-content\/uploads\/2025\/11\/vitamin-c-gadwel-1536x609.png 1536w, https:\/\/marvelousnutrition.com\/wp-content\/uploads\/2025\/11\/vitamin-c-gadwel-2048x812.png 2048w, https:\/\/marvelousnutrition.com\/wp-content\/uploads\/2025\/11\/vitamin-c-gadwel-18x7.png 18w, https:\/\/marvelousnutrition.com\/wp-content\/uploads\/2025\/11\/vitamin-c-gadwel-800x317.png 800w\" sizes=\"(max-width: 300px) 100vw, 300px\" \/><\/a><\/p>","protected":false},"excerpt":{"rendered":"<p>Avantages du produit<\/p>\n<p>- Renforce les d\u00e9fenses immunitaires. Contribue \u00e0 r\u00e9duire la dur\u00e9e et la gravit\u00e9 des rhumes et des infections, ce qui est essentiel pour les athl\u00e8tes expos\u00e9s au stress physique et environnemental.<\/p>\n<p>- Favorise la formation de collag\u00e8ne. Contribue \u00e0 la sant\u00e9 de la peau, des articulations, des tendons et des ligaments \u2013 \u00e9l\u00e9ments cl\u00e9s pour la r\u00e9cup\u00e9ration et la pr\u00e9vention des blessures.<\/p>\n<p>- Protection antioxydante puissante : neutralise les radicaux libres et les dommages oxydatifs caus\u00e9s par un entra\u00eenement intensif, la pollution et le stress.<\/p>\n<p>-R\u00e9duit la fatigue et soutient l&#039;\u00e9nergie. Am\u00e9liore l&#039;absorption du fer et contribue au fonctionnement m\u00e9tabolique normal, r\u00e9duisant ainsi la fatigue pendant et apr\u00e8s l&#039;effort.<\/p>\n<p>- Acc\u00e9l\u00e8re la gu\u00e9rison et la r\u00e9cup\u00e9ration. Favorise la r\u00e9paration des tissus et acc\u00e9l\u00e8re la r\u00e9cup\u00e9ration apr\u00e8s l&#039;effort, notamment apr\u00e8s une tension ou une blessure musculaire.<\/p>","protected":false},"featured_media":5859,"comment_status":"closed","ping_status":"closed","template":"","meta":[],"product_cat":[210],"product_tag":[],"class_list":{"0":"post-5805","1":"product","2":"type-product","3":"status-publish","4":"has-post-thumbnail","6":"product_cat-multivitamins","8":"first","9":"instock","10":"shipping-taxable","11":"purchasable","12":"product-type-simple"},"_links":{"self":[{"href":"https:\/\/marvelousnutrition.com\/fr\/wp-json\/wp\/v2\/product\/5805","targetHints":{"allow":["GET"]}}],"collection":[{"href":"https:\/\/marvelousnutrition.com\/fr\/wp-json\/wp\/v2\/product"}],"about":[{"href":"https:\/\/marvelousnutrition.com\/fr\/wp-json\/wp\/v2\/types\/product"}],"replies":[{"embeddable":true,"href":"https:\/\/marvelousnutrition.com\/fr\/wp-json\/wp\/v2\/comments?post=5805"}],"wp:featuredmedia":[{"embeddable":true,"href":"https:\/\/marvelousnutrition.com\/fr\/wp-json\/wp\/v2\/media\/5859"}],"wp:attachment":[{"href":"https:\/\/marvelousnutrition.com\/fr\/wp-json\/wp\/v2\/media?parent=5805"}],"wp:term":[{"taxonomy":"product_cat","embeddable":true,"href":"https:\/\/marvelousnutrition.com\/fr\/wp-json\/wp\/v2\/product_cat?post=5805"},{"taxonomy":"product_tag","embeddable":true,"href":"https:\/\/marvelousnutrition.com\/fr\/wp-json\/wp\/v2\/product_tag?post=5805"}],"curies":[{"name":"wp","href":"https:\/\/api.w.org\/{rel}","templated":true}]}}