{"id":5804,"date":"2025-11-05T09:27:11","date_gmt":"2025-11-05T09:27:11","guid":{"rendered":"https:\/\/marvelousnutrition.com\/?post_type=product&#038;p=5804"},"modified":"2026-03-16T19:41:37","modified_gmt":"2026-03-16T19:41:37","slug":"nac","status":"publish","type":"product","link":"https:\/\/marvelousnutrition.com\/fr\/produit\/nac\/","title":{"rendered":"NAC"},"content":{"rendered":"<h6>Ingr\u00e9dients:<\/h6>\n<p>Amidon de ma\u00efs \/ Amido de Milho, N-Acetyl L-Cysteine (NAC) \/ N-Acetil L-Ciste\u00edna (NAC), Enveloppe de la capsule (Hypromellose) \/ C\u00e1psula de Hipromelose, Agent anti-agglom\u00e9rant (sels de magn\u00e9sium d&#039;acides gras) \/ Agent antiaglomerante (Sais de magn\u00e9sio de \u00e1cidos gordos).<\/p>\n<h6>Comment l'Utiliser:<\/h6>\n<p>Prendre 1 capsule au petit-d\u00e9jeuner.<\/p>\n<h6>Stockage:<\/h6>\n<p>Stocker dans un endroit frais, sec apr\u00e8s ouverture.<\/p>\n<h6>Poids Net:<\/h6>\n<p>69 g \u2013 60 portions<\/p>\n<p><a href=\"https:\/\/marvelousnutrition.com\/wp-content\/uploads\/2025\/11\/nac-60-RED-AND-YELLOW-gadwel.png\"><img decoding=\"async\" class=\"alignnone size-medium wp-image-6380\" src=\"https:\/\/marvelousnutrition.com\/wp-content\/uploads\/2025\/11\/nac-60-RED-AND-YELLOW-gadwel-300x104.png\" alt=\"\" width=\"300\" height=\"104\" srcset=\"https:\/\/marvelousnutrition.com\/wp-content\/uploads\/2025\/11\/nac-60-RED-AND-YELLOW-gadwel-300x104.png 300w, https:\/\/marvelousnutrition.com\/wp-content\/uploads\/2025\/11\/nac-60-RED-AND-YELLOW-gadwel-18x6.png 18w, https:\/\/marvelousnutrition.com\/wp-content\/uploads\/2025\/11\/nac-60-RED-AND-YELLOW-gadwel.png 689w\" sizes=\"(max-width: 300px) 100vw, 300px\" \/><\/a><\/p>","protected":false},"excerpt":{"rendered":"<p>Avantages du produit N-ac\u00e9tyl L-cyst\u00e9ine (NAC) 250 mg\u00a0:<\/p>\n<p>- Puissant soutien antioxydant : la NAC aide \u00e0 reconstituer le glutathion, le principal antioxydant de l&#039;organisme, prot\u00e9geant ainsi les cellules du stress oxydatif et des dommages caus\u00e9s par les radicaux libres.<\/p>\n<p>-D\u00e9toxification et sant\u00e9 du foie : Soutient les processus naturels de d\u00e9toxification du corps et contribue au maintien d&#039;une fonction h\u00e9patique saine, particuli\u00e8rement important pour les personnes expos\u00e9es \u00e0 des polluants ou \u00e0 des m\u00e9dicaments.<\/p>\n<p>- Soutien pulmonaire et respiratoire : agit comme un mucolytique, aidant \u00e0 d\u00e9composer le mucus dans les poumons et les voies respiratoires, favorisant une respiration plus claire et une meilleure sant\u00e9 respiratoire.<\/p>\n<p>- Renforcement du syst\u00e8me immunitaire : Am\u00e9liore les d\u00e9fenses immunitaires en favorisant la r\u00e9paration cellulaire et en r\u00e9duisant l&#039;inflammation.<\/p>\n<p>- Cerveau et sant\u00e9 mentale : Peut favoriser les fonctions c\u00e9r\u00e9brales et la clart\u00e9 mentale, et son r\u00f4le dans l&#039;\u00e9quilibre de l&#039;humeur et la sant\u00e9 neurologique fait l&#039;objet de recherches.<\/p>\n<p>- Favorise la sant\u00e9 cardiaque : la NAC peut r\u00e9duire les dommages oxydatifs aux vaisseaux sanguins, favorisant ainsi une circulation saine et une bonne fonction cardiovasculaire.<\/p>","protected":false},"featured_media":5847,"comment_status":"closed","ping_status":"closed","template":"","meta":[],"product_cat":[210],"product_tag":[],"class_list":{"0":"post-5804","1":"product","2":"type-product","3":"status-publish","4":"has-post-thumbnail","6":"product_cat-multivitamins","8":"first","9":"outofstock","10":"shipping-taxable","11":"purchasable","12":"product-type-simple"},"_links":{"self":[{"href":"https:\/\/marvelousnutrition.com\/fr\/wp-json\/wp\/v2\/product\/5804","targetHints":{"allow":["GET"]}}],"collection":[{"href":"https:\/\/marvelousnutrition.com\/fr\/wp-json\/wp\/v2\/product"}],"about":[{"href":"https:\/\/marvelousnutrition.com\/fr\/wp-json\/wp\/v2\/types\/product"}],"replies":[{"embeddable":true,"href":"https:\/\/marvelousnutrition.com\/fr\/wp-json\/wp\/v2\/comments?post=5804"}],"wp:featuredmedia":[{"embeddable":true,"href":"https:\/\/marvelousnutrition.com\/fr\/wp-json\/wp\/v2\/media\/5847"}],"wp:attachment":[{"href":"https:\/\/marvelousnutrition.com\/fr\/wp-json\/wp\/v2\/media?parent=5804"}],"wp:term":[{"taxonomy":"product_cat","embeddable":true,"href":"https:\/\/marvelousnutrition.com\/fr\/wp-json\/wp\/v2\/product_cat?post=5804"},{"taxonomy":"product_tag","embeddable":true,"href":"https:\/\/marvelousnutrition.com\/fr\/wp-json\/wp\/v2\/product_tag?post=5804"}],"curies":[{"name":"wp","href":"https:\/\/api.w.org\/{rel}","templated":true}]}}