{"id":5797,"date":"2025-11-05T09:27:11","date_gmt":"2025-11-05T09:27:11","guid":{"rendered":"https:\/\/marvelousnutrition.com\/?post_type=product&#038;p=5797"},"modified":"2026-03-16T19:40:11","modified_gmt":"2026-03-16T19:40:11","slug":"rice-cream","status":"publish","type":"product","link":"https:\/\/marvelousnutrition.com\/fr\/produit\/creme-de-riz\/","title":{"rendered":"RICE CREAM"},"content":{"rendered":"<h6>Ingr\u00e9dients:<\/h6>\n<p>Farine de riz (pr\u00e9cuite), ar\u00f4me, chlorure de sodium, \u00e9paississants (gomme de guar et gomme xanthane), \u00e9dulcorant (sucralose E955)<\/p>\n<h6>Comment l'Utiliser:<\/h6>\n<p>M\u00e9langer une mesure (40 g) avec 120 \u00e0 150 ml d&#039;eau ou de lait.<\/p>\n<h6>Poids Net:<\/h6>\n<p>1,4 kg \u2013 35 portions<\/p>\n<p><a href=\"https:\/\/marvelousnutrition.com\/wp-content\/uploads\/2025\/11\/RICE-CREAM-GDWAL.png\"><img fetchpriority=\"high\" decoding=\"async\" class=\"alignnone size-medium wp-image-6379\" src=\"https:\/\/marvelousnutrition.com\/wp-content\/uploads\/2025\/11\/RICE-CREAM-GDWAL-288x300.png\" alt=\"\" width=\"288\" height=\"300\" srcset=\"https:\/\/marvelousnutrition.com\/wp-content\/uploads\/2025\/11\/RICE-CREAM-GDWAL-288x300.png 288w, https:\/\/marvelousnutrition.com\/wp-content\/uploads\/2025\/11\/RICE-CREAM-GDWAL-12x12.png 12w, https:\/\/marvelousnutrition.com\/wp-content\/uploads\/2025\/11\/RICE-CREAM-GDWAL.png 661w\" sizes=\"(max-width: 288px) 100vw, 288px\" \/><\/a><\/p>","protected":false},"excerpt":{"rendered":"<p>Dessert onctueux et riche \u00e0 base de riz, contenant 156,99 kcal pour 40 g. Faible en mati\u00e8res grasses et en sucres, riche en glucides pour une \u00e9nergie durable. Contient des fibres alimentaires pour faciliter la digestion. Un d\u00e9lice nutritif \u00e0 savourer \u00e0 tout moment de la journ\u00e9e\u00a0!<\/p>","protected":false},"featured_media":5868,"comment_status":"closed","ping_status":"closed","template":"","meta":[],"product_cat":[198],"product_tag":[],"class_list":{"0":"post-5797","1":"product","2":"type-product","3":"status-publish","4":"has-post-thumbnail","6":"product_cat-carbohydrates-and-weight-gainer","8":"first","9":"instock","10":"shipping-taxable","11":"purchasable","12":"product-type-variable","13":"has-default-attributes"},"_links":{"self":[{"href":"https:\/\/marvelousnutrition.com\/fr\/wp-json\/wp\/v2\/product\/5797","targetHints":{"allow":["GET"]}}],"collection":[{"href":"https:\/\/marvelousnutrition.com\/fr\/wp-json\/wp\/v2\/product"}],"about":[{"href":"https:\/\/marvelousnutrition.com\/fr\/wp-json\/wp\/v2\/types\/product"}],"replies":[{"embeddable":true,"href":"https:\/\/marvelousnutrition.com\/fr\/wp-json\/wp\/v2\/comments?post=5797"}],"wp:featuredmedia":[{"embeddable":true,"href":"https:\/\/marvelousnutrition.com\/fr\/wp-json\/wp\/v2\/media\/5868"}],"wp:attachment":[{"href":"https:\/\/marvelousnutrition.com\/fr\/wp-json\/wp\/v2\/media?parent=5797"}],"wp:term":[{"taxonomy":"product_cat","embeddable":true,"href":"https:\/\/marvelousnutrition.com\/fr\/wp-json\/wp\/v2\/product_cat?post=5797"},{"taxonomy":"product_tag","embeddable":true,"href":"https:\/\/marvelousnutrition.com\/fr\/wp-json\/wp\/v2\/product_tag?post=5797"}],"curies":[{"name":"wp","href":"https:\/\/api.w.org\/{rel}","templated":true}]}}