{"id":5796,"date":"2025-11-05T09:27:11","date_gmt":"2025-11-05T09:27:11","guid":{"rendered":"https:\/\/marvelousnutrition.com\/?post_type=product&#038;p=5796"},"modified":"2026-03-16T19:38:49","modified_gmt":"2026-03-16T19:38:49","slug":"citrulline-malate-black-yellow","status":"publish","type":"product","link":"https:\/\/marvelousnutrition.com\/fr\/produit\/malate-de-citrulline-noir-jaune\/","title":{"rendered":"Malate de citrulline Noir et Jaune"},"content":{"rendered":"<h6>Comment l'Utiliser:<\/h6>\n<p>Prendre 3 g 30 minutes avant l&#039;entra\u00eenement.<\/p>\n<h6>Description:<\/h6>\n<p>100% L-citrulline malate de qualit\u00e9 sup\u00e9rieure, sans additifs. Issu d&#039;une fermentation v\u00e9g\u00e9tale, le L-citrulline favorise la production d&#039;oxyde nitrique, am\u00e9liorant ainsi l&#039;oxyg\u00e9nation des muscles et la vasodilatation.<\/p>\n<h6>Avantages du produit\u00a0:<\/h6>\n<ul>\n<li>Peut contribuer \u00e0 r\u00e9duire la fatigue musculaire tout en augmentant l&#039;endurance<\/li>\n<li>Peut contribuer \u00e0 r\u00e9duire les douleurs musculaires et \u00e0 am\u00e9liorer la r\u00e9cup\u00e9ration<\/li>\n<li>Peut augmenter la production d&#039;oxyde nitrique<\/li>\n<\/ul>\n<p><a href=\"https:\/\/marvelousnutrition.com\/wp-content\/uploads\/2025\/11\/citrulline-black-scaled.png\"><img decoding=\"async\" class=\"alignnone size-medium wp-image-6378\" src=\"https:\/\/marvelousnutrition.com\/wp-content\/uploads\/2025\/11\/citrulline-black-300x65.png\" alt=\"\" width=\"300\" height=\"65\" srcset=\"https:\/\/marvelousnutrition.com\/wp-content\/uploads\/2025\/11\/citrulline-black-300x65.png 300w, https:\/\/marvelousnutrition.com\/wp-content\/uploads\/2025\/11\/citrulline-black-1024x222.png 1024w, https:\/\/marvelousnutrition.com\/wp-content\/uploads\/2025\/11\/citrulline-black-768x167.png 768w, https:\/\/marvelousnutrition.com\/wp-content\/uploads\/2025\/11\/citrulline-black-1536x333.png 1536w, https:\/\/marvelousnutrition.com\/wp-content\/uploads\/2025\/11\/citrulline-black-2048x444.png 2048w, https:\/\/marvelousnutrition.com\/wp-content\/uploads\/2025\/11\/citrulline-black-18x4.png 18w, https:\/\/marvelousnutrition.com\/wp-content\/uploads\/2025\/11\/citrulline-black-800x174.png 800w\" sizes=\"(max-width: 300px) 100vw, 300px\" \/><\/a><\/p>","protected":false},"excerpt":{"rendered":"<p>Le r\u00e9sultat de la fermentation v\u00e9g\u00e9talienne, la L-citrulline, favorisera la production d&#039;oxyde nitrique, facilitant ainsi l&#039;oxyg\u00e9nation des muscles et la vasodilatation.<\/p>","protected":false},"featured_media":6218,"comment_status":"closed","ping_status":"closed","template":"","meta":[],"product_cat":[134,207],"product_tag":[],"class_list":{"0":"post-5796","1":"product","2":"type-product","3":"status-publish","4":"has-post-thumbnail","6":"product_cat-amino-acid","7":"product_cat-preworkout-and-pump","9":"first","10":"outofstock","11":"shipping-taxable","12":"purchasable","13":"product-type-simple"},"_links":{"self":[{"href":"https:\/\/marvelousnutrition.com\/fr\/wp-json\/wp\/v2\/product\/5796","targetHints":{"allow":["GET"]}}],"collection":[{"href":"https:\/\/marvelousnutrition.com\/fr\/wp-json\/wp\/v2\/product"}],"about":[{"href":"https:\/\/marvelousnutrition.com\/fr\/wp-json\/wp\/v2\/types\/product"}],"replies":[{"embeddable":true,"href":"https:\/\/marvelousnutrition.com\/fr\/wp-json\/wp\/v2\/comments?post=5796"}],"wp:featuredmedia":[{"embeddable":true,"href":"https:\/\/marvelousnutrition.com\/fr\/wp-json\/wp\/v2\/media\/6218"}],"wp:attachment":[{"href":"https:\/\/marvelousnutrition.com\/fr\/wp-json\/wp\/v2\/media?parent=5796"}],"wp:term":[{"taxonomy":"product_cat","embeddable":true,"href":"https:\/\/marvelousnutrition.com\/fr\/wp-json\/wp\/v2\/product_cat?post=5796"},{"taxonomy":"product_tag","embeddable":true,"href":"https:\/\/marvelousnutrition.com\/fr\/wp-json\/wp\/v2\/product_tag?post=5796"}],"curies":[{"name":"wp","href":"https:\/\/api.w.org\/{rel}","templated":true}]}}