{"id":5795,"date":"2025-11-05T09:27:11","date_gmt":"2025-11-05T09:27:11","guid":{"rendered":"https:\/\/marvelousnutrition.com\/?post_type=product&#038;p=5795"},"modified":"2026-03-16T19:32:16","modified_gmt":"2026-03-16T19:32:16","slug":"arginine-black-yellow","status":"publish","type":"product","link":"https:\/\/marvelousnutrition.com\/fr\/produit\/arginine-noir-jaune\/","title":{"rendered":"Arginine Noir et Jaune"},"content":{"rendered":"<h6>Comment l'Utiliser:<\/h6>\n<p>Prenez 4 g 30 minutes avant l&#039;entra\u00eenement. Vous pouvez le m\u00e9langer \u00e0 votre boisson pr\u00e9-entra\u00eenement Experiment pour en maximiser les effets.<\/p>\n<h6>Description:<\/h6>\n<p>Notre arginine est un acide amin\u00e9 non essentiel issu d&#039;ingr\u00e9dients de haute qualit\u00e9. Elle intervient dans de nombreux processus biochimiques humains, notamment le m\u00e9tabolisme musculaire, la s\u00e9cr\u00e9tion hormonale, la d\u00e9toxification de l&#039;ammoniaque et le syst\u00e8me immunitaire. L&#039;arginine favorise la production d&#039;oxyde nitrique, contribuant ainsi \u00e0 une meilleure circulation sanguine et au bon fonctionnement musculaire.<\/p>\n<h6>Avantages du produit\u00a0:<\/h6>\n<ul>\n<li>Favorise la synth\u00e8se des prot\u00e9ines<\/li>\n<li>Augmente le flux sanguin vers les tissus musculaires<\/li>\n<li>Am\u00e9liore la sant\u00e9 circulatoire<\/li>\n<li>Augmente le taux d&#039;oxyde nitrique<\/li>\n<li>Peut augmenter les niveaux d&#039;hormone de croissance (GH)<\/li>\n<\/ul>\n<p><a href=\"https:\/\/marvelousnutrition.com\/wp-content\/uploads\/2025\/11\/arganine-black-and-yellow-scaled.png\"><img decoding=\"async\" class=\"alignnone size-medium wp-image-6376\" src=\"https:\/\/marvelousnutrition.com\/wp-content\/uploads\/2025\/11\/arganine-black-and-yellow-300x66.png\" alt=\"\" width=\"300\" height=\"66\" srcset=\"https:\/\/marvelousnutrition.com\/wp-content\/uploads\/2025\/11\/arganine-black-and-yellow-300x66.png 300w, https:\/\/marvelousnutrition.com\/wp-content\/uploads\/2025\/11\/arganine-black-and-yellow-1024x224.png 1024w, https:\/\/marvelousnutrition.com\/wp-content\/uploads\/2025\/11\/arganine-black-and-yellow-768x168.png 768w, https:\/\/marvelousnutrition.com\/wp-content\/uploads\/2025\/11\/arganine-black-and-yellow-1536x336.png 1536w, https:\/\/marvelousnutrition.com\/wp-content\/uploads\/2025\/11\/arganine-black-and-yellow-2048x447.png 2048w, https:\/\/marvelousnutrition.com\/wp-content\/uploads\/2025\/11\/arganine-black-and-yellow-18x4.png 18w, https:\/\/marvelousnutrition.com\/wp-content\/uploads\/2025\/11\/arganine-black-and-yellow-800x175.png 800w\" sizes=\"(max-width: 300px) 100vw, 300px\" \/><\/a><\/p>","protected":false},"excerpt":{"rendered":"<p>Notre arginine est un acide amin\u00e9 non essentiel issu d&#039;ingr\u00e9dients de haute qualit\u00e9. Elle intervient dans de nombreux processus biochimiques humains, notamment le m\u00e9tabolisme musculaire, la s\u00e9cr\u00e9tion hormonale, la d\u00e9toxification de l&#039;ammoniaque et le syst\u00e8me immunitaire. L&#039;arginine favorise la production d&#039;oxyde nitrique, contribuant ainsi \u00e0 une meilleure circulation sanguine et au bon fonctionnement des muscles.<\/p>","protected":false},"featured_media":6215,"comment_status":"closed","ping_status":"closed","template":"","meta":[],"product_cat":[134,207],"product_tag":[],"class_list":{"0":"post-5795","1":"product","2":"type-product","3":"status-publish","4":"has-post-thumbnail","6":"product_cat-amino-acid","7":"product_cat-preworkout-and-pump","9":"first","10":"instock","11":"shipping-taxable","12":"purchasable","13":"product-type-simple"},"_links":{"self":[{"href":"https:\/\/marvelousnutrition.com\/fr\/wp-json\/wp\/v2\/product\/5795","targetHints":{"allow":["GET"]}}],"collection":[{"href":"https:\/\/marvelousnutrition.com\/fr\/wp-json\/wp\/v2\/product"}],"about":[{"href":"https:\/\/marvelousnutrition.com\/fr\/wp-json\/wp\/v2\/types\/product"}],"replies":[{"embeddable":true,"href":"https:\/\/marvelousnutrition.com\/fr\/wp-json\/wp\/v2\/comments?post=5795"}],"wp:featuredmedia":[{"embeddable":true,"href":"https:\/\/marvelousnutrition.com\/fr\/wp-json\/wp\/v2\/media\/6215"}],"wp:attachment":[{"href":"https:\/\/marvelousnutrition.com\/fr\/wp-json\/wp\/v2\/media?parent=5795"}],"wp:term":[{"taxonomy":"product_cat","embeddable":true,"href":"https:\/\/marvelousnutrition.com\/fr\/wp-json\/wp\/v2\/product_cat?post=5795"},{"taxonomy":"product_tag","embeddable":true,"href":"https:\/\/marvelousnutrition.com\/fr\/wp-json\/wp\/v2\/product_tag?post=5795"}],"curies":[{"name":"wp","href":"https:\/\/api.w.org\/{rel}","templated":true}]}}