{"id":5794,"date":"2025-11-05T09:27:11","date_gmt":"2025-11-05T09:27:11","guid":{"rendered":"https:\/\/marvelousnutrition.com\/?post_type=product&#038;p=5794"},"modified":"2026-03-16T19:15:27","modified_gmt":"2026-03-16T19:15:27","slug":"beta-alanine-black-yellow","status":"publish","type":"product","link":"https:\/\/marvelousnutrition.com\/fr\/produit\/beta-alanine-noir-jaune\/","title":{"rendered":"B\u00eata-alanine Noir et Jaune"},"content":{"rendered":"<h6>Comment l'Utiliser:<\/h6>\n<p>Prendre 3 g 30 minutes avant l&#039;entra\u00eenement.<\/p>\n<h6>Description:<\/h6>\n<p>100% : b\u00eata-alanine de qualit\u00e9 sup\u00e9rieure sans additifs. La b\u00eata-alanine est un acide amin\u00e9 non essentiel dont il a \u00e9t\u00e9 d\u00e9montr\u00e9, par la recherche, qu&#039;elle augmente la concentration de carnosine musculaire. En favorisant une concentration \u00e9lev\u00e9e de carnosine intramusculaire, elle contribue \u00e0 r\u00e9duire l&#039;acidification intramusculaire induite par un exercice intense et un entra\u00eenement lourd.<\/p>\n<p><strong>B\u00caTA-ALANINE<\/strong> Retarde la fatigue musculaire, vous permettant ainsi d&#039;am\u00e9liorer vos performances.<\/p>\n<p>La consommation de b\u00eata-alanine peut contribuer aux effets suivants\u00a0:<\/p>\n<ul>\n<li>Augmenter la force et la puissance<\/li>\n<li>Augmenter l&#039;endurance musculaire<\/li>\n<li>S&#039;entra\u00eener avec une plus grande intensit\u00e9<\/li>\n<\/ul>\n<p><a href=\"https:\/\/marvelousnutrition.com\/wp-content\/uploads\/2025\/11\/beta-alninen.jpg\"><img decoding=\"async\" class=\"alignnone size-medium wp-image-6374\" src=\"https:\/\/marvelousnutrition.com\/wp-content\/uploads\/2025\/11\/beta-alninen-300x66.jpg\" alt=\"\" width=\"300\" height=\"66\" srcset=\"https:\/\/marvelousnutrition.com\/wp-content\/uploads\/2025\/11\/beta-alninen-300x66.jpg 300w, https:\/\/marvelousnutrition.com\/wp-content\/uploads\/2025\/11\/beta-alninen-1024x225.jpg 1024w, https:\/\/marvelousnutrition.com\/wp-content\/uploads\/2025\/11\/beta-alninen-768x169.jpg 768w, https:\/\/marvelousnutrition.com\/wp-content\/uploads\/2025\/11\/beta-alninen-18x4.jpg 18w, https:\/\/marvelousnutrition.com\/wp-content\/uploads\/2025\/11\/beta-alninen-800x176.jpg 800w, https:\/\/marvelousnutrition.com\/wp-content\/uploads\/2025\/11\/beta-alninen.jpg 1280w\" sizes=\"(max-width: 300px) 100vw, 300px\" \/><\/a><\/p>","protected":false},"excerpt":{"rendered":"<p>La b\u00eata-alanine est un acide amin\u00e9 non essentiel dont il a \u00e9t\u00e9 d\u00e9montr\u00e9, lors d&#039;\u00e9tudes, qu&#039;elle augmente la concentration de carnosine dans les muscles. En favorisant une concentration \u00e9lev\u00e9e de carnosine intramusculaire, elle contribue \u00e0 r\u00e9duire l&#039;acidification intramusculaire induite par un exercice intense et un entra\u00eenement lourd.<\/p>","protected":false},"featured_media":6214,"comment_status":"closed","ping_status":"closed","template":"","meta":[],"product_cat":[134,207],"product_tag":[],"class_list":{"0":"post-5794","1":"product","2":"type-product","3":"status-publish","4":"has-post-thumbnail","6":"product_cat-amino-acid","7":"product_cat-preworkout-and-pump","9":"first","10":"instock","11":"shipping-taxable","12":"purchasable","13":"product-type-simple"},"_links":{"self":[{"href":"https:\/\/marvelousnutrition.com\/fr\/wp-json\/wp\/v2\/product\/5794","targetHints":{"allow":["GET"]}}],"collection":[{"href":"https:\/\/marvelousnutrition.com\/fr\/wp-json\/wp\/v2\/product"}],"about":[{"href":"https:\/\/marvelousnutrition.com\/fr\/wp-json\/wp\/v2\/types\/product"}],"replies":[{"embeddable":true,"href":"https:\/\/marvelousnutrition.com\/fr\/wp-json\/wp\/v2\/comments?post=5794"}],"wp:featuredmedia":[{"embeddable":true,"href":"https:\/\/marvelousnutrition.com\/fr\/wp-json\/wp\/v2\/media\/6214"}],"wp:attachment":[{"href":"https:\/\/marvelousnutrition.com\/fr\/wp-json\/wp\/v2\/media?parent=5794"}],"wp:term":[{"taxonomy":"product_cat","embeddable":true,"href":"https:\/\/marvelousnutrition.com\/fr\/wp-json\/wp\/v2\/product_cat?post=5794"},{"taxonomy":"product_tag","embeddable":true,"href":"https:\/\/marvelousnutrition.com\/fr\/wp-json\/wp\/v2\/product_tag?post=5794"}],"curies":[{"name":"wp","href":"https:\/\/api.w.org\/{rel}","templated":true}]}}