{"id":5786,"date":"2025-11-05T09:27:11","date_gmt":"2025-11-05T09:27:11","guid":{"rendered":"https:\/\/marvelousnutrition.com\/?post_type=product&#038;p=5786"},"modified":"2026-03-15T23:26:54","modified_gmt":"2026-03-15T23:26:54","slug":"eltoro","status":"publish","type":"product","link":"https:\/\/marvelousnutrition.com\/fr\/produit\/eltoro\/","title":{"rendered":"ELTORO"},"content":{"rendered":"<h6>Ingredients:<\/h6>\n<p>Hydrolysed beef protein isolate, flavours, acidity regulator (citric acid anhydrous), anti-caking agent (microcrystalline cellulose), sweetener (sucralose), colour (ammonium sulphite caramel, beta carotene), anti-foaming agent [Librifoam\u00ae (sodium tripolyphosphate, water, dimethylpolysiloxane)], salt.<\/p>\n<h6>How to Use:<\/h6>\n<p>Mix 1 scoop (30g) with 200-300 ml of cold water and shake vigorously. Take one serving immediately post workout or anytime you desire.<\/p>\n<h6>Net Weight:<\/h6>\n<p>1.8 kg \u2013 60 Servings<\/p>\n<p><a href=\"https:\/\/marvelousnutrition.com\/wp-content\/uploads\/2025\/11\/eltororororo-gadwel-scaled.png\"><img fetchpriority=\"high\" decoding=\"async\" class=\"alignnone size-medium wp-image-6334\" src=\"https:\/\/marvelousnutrition.com\/wp-content\/uploads\/2025\/11\/eltororororo-gadwel-300x225.png\" alt=\"\" width=\"300\" height=\"225\" srcset=\"https:\/\/marvelousnutrition.com\/wp-content\/uploads\/2025\/11\/eltororororo-gadwel-300x225.png 300w, https:\/\/marvelousnutrition.com\/wp-content\/uploads\/2025\/11\/eltororororo-gadwel-1024x766.png 1024w, https:\/\/marvelousnutrition.com\/wp-content\/uploads\/2025\/11\/eltororororo-gadwel-768x575.png 768w, https:\/\/marvelousnutrition.com\/wp-content\/uploads\/2025\/11\/eltororororo-gadwel-1536x1149.png 1536w, https:\/\/marvelousnutrition.com\/wp-content\/uploads\/2025\/11\/eltororororo-gadwel-2048x1533.png 2048w, https:\/\/marvelousnutrition.com\/wp-content\/uploads\/2025\/11\/eltororororo-gadwel-16x12.png 16w, https:\/\/marvelousnutrition.com\/wp-content\/uploads\/2025\/11\/eltororororo-gadwel-800x599.png 800w\" sizes=\"(max-width: 300px) 100vw, 300px\" \/><\/a><\/p>\n","protected":false},"excerpt":{"rendered":"<p>Ce compl\u00e9ment alimentaire de prot\u00e9ines de b\u0153uf hydrolys\u00e9es offre des prot\u00e9ines pures et de haute qualit\u00e9 pour favoriser la croissance et la r\u00e9cup\u00e9ration musculaire. Issu de b\u0153uf de premi\u00e8re qualit\u00e9, il fournit les acides amin\u00e9s essentiels pour une performance optimale. Facilement assimilable et bien tol\u00e9r\u00e9 par l&#039;intestin, il est id\u00e9al pour les personnes actives. D\u00e9veloppez votre masse musculaire et profitez d&#039;une \u00e9nergie accrue \u00e0 chaque portion.<\/p>","protected":false},"featured_media":5829,"comment_status":"closed","ping_status":"closed","template":"","meta":[],"product_cat":[200],"product_tag":[],"class_list":{"0":"post-5786","1":"product","2":"type-product","3":"status-publish","4":"has-post-thumbnail","6":"product_cat-protein-and-eaa","8":"first","9":"instock","10":"shipping-taxable","11":"purchasable","12":"product-type-variable","13":"has-default-attributes"},"_links":{"self":[{"href":"https:\/\/marvelousnutrition.com\/fr\/wp-json\/wp\/v2\/product\/5786","targetHints":{"allow":["GET"]}}],"collection":[{"href":"https:\/\/marvelousnutrition.com\/fr\/wp-json\/wp\/v2\/product"}],"about":[{"href":"https:\/\/marvelousnutrition.com\/fr\/wp-json\/wp\/v2\/types\/product"}],"replies":[{"embeddable":true,"href":"https:\/\/marvelousnutrition.com\/fr\/wp-json\/wp\/v2\/comments?post=5786"}],"wp:featuredmedia":[{"embeddable":true,"href":"https:\/\/marvelousnutrition.com\/fr\/wp-json\/wp\/v2\/media\/5829"}],"wp:attachment":[{"href":"https:\/\/marvelousnutrition.com\/fr\/wp-json\/wp\/v2\/media?parent=5786"}],"wp:term":[{"taxonomy":"product_cat","embeddable":true,"href":"https:\/\/marvelousnutrition.com\/fr\/wp-json\/wp\/v2\/product_cat?post=5786"},{"taxonomy":"product_tag","embeddable":true,"href":"https:\/\/marvelousnutrition.com\/fr\/wp-json\/wp\/v2\/product_tag?post=5786"}],"curies":[{"name":"wp","href":"https:\/\/api.w.org\/{rel}","templated":true}]}}