{"id":5785,"date":"2025-11-05T09:27:07","date_gmt":"2025-11-05T09:27:07","guid":{"rendered":"https:\/\/marvelousnutrition.com\/?post_type=product&#038;p=5785"},"modified":"2026-03-15T23:35:15","modified_gmt":"2026-03-15T23:35:15","slug":"ignite","status":"publish","type":"product","link":"https:\/\/marvelousnutrition.com\/fr\/produit\/enflammer\/","title":{"rendered":"ENFLAMMER"},"content":{"rendered":"<h6>Ingr\u00e9dients:<\/h6>\n<p>Poudre d&#039;acide linol\u00e9ique conjugu\u00e9 (glyc\u00e9rides d&#039;acide linol\u00e9ique conjugu\u00e9, sirop de glucose, cas\u00e9inate de sodium issu du lait, antioxydants : tocoph\u00e9rol mixte issu du soja et palmitate d&#039;ascorbyle, stabilisants : phosphate dipotassique et pyrophosphate de sodium, antiagglom\u00e9rant : dioxyde de silicium, base de L-carnitine, correcteur d&#039;acidit\u00e9 : acide citrique anhydre, ar\u00f4me, maltodextrine, \u00e9dulcorants : sucralose, ac\u00e9sulfame K, colorants : b\u00eata-carot\u00e8nes, vitamine B6 : chlorhydrate de pyridoxine).<\/p>\n<h6>Comment l'Utiliser:<\/h6>\n<p>Prendre 7 g avec 250 \u00e0 300 ml d&#039;eau 30 minutes avant l&#039;entra\u00eenement.<\/p>\n<h6>Stockage:<\/h6>\n<p>Stocker dans un endroit frais, sec apr\u00e8s ouverture.<\/p>\n<h6>Poids Net:<\/h6>\n<p>210 g \u2013 30 portions<\/p>\n<p><a href=\"https:\/\/marvelousnutrition.com\/wp-content\/uploads\/2025\/11\/ignite-gadwel-scaled.png\"><img decoding=\"async\" class=\"alignnone size-medium wp-image-6343\" src=\"https:\/\/marvelousnutrition.com\/wp-content\/uploads\/2025\/11\/ignite-gadwel-300x95.png\" alt=\"\" width=\"300\" height=\"95\" srcset=\"https:\/\/marvelousnutrition.com\/wp-content\/uploads\/2025\/11\/ignite-gadwel-300x95.png 300w, https:\/\/marvelousnutrition.com\/wp-content\/uploads\/2025\/11\/ignite-gadwel-1024x323.png 1024w, https:\/\/marvelousnutrition.com\/wp-content\/uploads\/2025\/11\/ignite-gadwel-768x242.png 768w, https:\/\/marvelousnutrition.com\/wp-content\/uploads\/2025\/11\/ignite-gadwel-1536x484.png 1536w, https:\/\/marvelousnutrition.com\/wp-content\/uploads\/2025\/11\/ignite-gadwel-2048x645.png 2048w, https:\/\/marvelousnutrition.com\/wp-content\/uploads\/2025\/11\/ignite-gadwel-18x6.png 18w, https:\/\/marvelousnutrition.com\/wp-content\/uploads\/2025\/11\/ignite-gadwel-800x252.png 800w\" sizes=\"(max-width: 300px) 100vw, 300px\" \/><\/a><\/p>","protected":false},"excerpt":{"rendered":"<p>Ingredients: Conjugated Linoleic Acid Powder (Glycerides of Conjugated Linoleic Acid, Glucose Syrup, Sodium Caseinate from Milk, Antioxidants: Mixed Tocopherol from Soy and Ascorbyl Palmitate, Stabilizers: Dipotassium Phosphate and Sodium Pyrophosphate, Anti-Caking Agent: Silicon Dioxide, L-Carnitine Base, Acidity Regulator: Citric Acid Anhydrous, Flavour, Maltodextrin, Sweeteners: Sucralose, Acesulfame K, Colors: Beta-Carotenes, Vitamin B6: Pyridoxine Hydrochloride). How to [&hellip;]<\/p>\n","protected":false},"featured_media":5856,"comment_status":"closed","ping_status":"closed","template":"","meta":[],"product_cat":[204],"product_tag":[],"class_list":{"0":"post-5785","1":"product","2":"type-product","3":"status-publish","4":"has-post-thumbnail","6":"product_cat-fat-burners-and-diuretics","8":"first","9":"instock","10":"shipping-taxable","11":"purchasable","12":"product-type-simple"},"_links":{"self":[{"href":"https:\/\/marvelousnutrition.com\/fr\/wp-json\/wp\/v2\/product\/5785","targetHints":{"allow":["GET"]}}],"collection":[{"href":"https:\/\/marvelousnutrition.com\/fr\/wp-json\/wp\/v2\/product"}],"about":[{"href":"https:\/\/marvelousnutrition.com\/fr\/wp-json\/wp\/v2\/types\/product"}],"replies":[{"embeddable":true,"href":"https:\/\/marvelousnutrition.com\/fr\/wp-json\/wp\/v2\/comments?post=5785"}],"wp:featuredmedia":[{"embeddable":true,"href":"https:\/\/marvelousnutrition.com\/fr\/wp-json\/wp\/v2\/media\/5856"}],"wp:attachment":[{"href":"https:\/\/marvelousnutrition.com\/fr\/wp-json\/wp\/v2\/media?parent=5785"}],"wp:term":[{"taxonomy":"product_cat","embeddable":true,"href":"https:\/\/marvelousnutrition.com\/fr\/wp-json\/wp\/v2\/product_cat?post=5785"},{"taxonomy":"product_tag","embeddable":true,"href":"https:\/\/marvelousnutrition.com\/fr\/wp-json\/wp\/v2\/product_tag?post=5785"}],"curies":[{"name":"wp","href":"https:\/\/api.w.org\/{rel}","templated":true}]}}